{"id":5846,"date":"2022-01-12T09:49:33","date_gmt":"2022-01-12T09:49:34","guid":{"rendered":"https:\/\/tinacrystals.naturalgemstoneshop.com\/?post_type=product&#038;p=5846"},"modified":"2022-06-10T08:24:55","modified_gmt":"2022-06-10T06:24:55","slug":"jade-e-verdhe-gua-sha","status":"publish","type":"product","link":"https:\/\/tinacrystals.com\/sq\/product\/jade-e-verdhe-gua-sha\/","title":{"rendered":"Zhad i Verdh\u00eb Gua Sha"},"content":{"rendered":"<p><strong>Zhad i Verdh\u00eb Gua Sha<\/strong><\/p>\n<p><span style=\"font-weight: 400;\">P\u00ebrmir\u00ebsoni rutin\u00ebn tuaj t\u00eb kujdesit p\u00ebr l\u00ebkur\u00ebn me k\u00ebt\u00eb mjet bukurie cil\u00ebsore. Gua-sha jan\u00eb t\u00eb p\u00ebrshtatshme p\u00ebr t\u00eb gjitha llojet e l\u00ebkur\u00ebs, k\u00ebshtu q\u00eb mos e humbisni mund\u00ebsin\u00eb p\u00ebr t\u00eb marr\u00eb nj\u00eb t\u00eb till\u00eb p\u00ebr nj\u00eb \u00e7mim fantastik prej vet\u00ebm 10 \u20ac \/ 600 den derisa ne i kemi ende n\u00eb stok.<\/span><\/p>\n<p><span style=\"font-weight: 400;\">Ju lejon t\u00eb arrini nj\u00eb l\u00ebkur\u00eb m\u00eb t\u00eb mir\u00eb dhe m\u00eb t\u00eb sh\u00ebndetshme, detoksifikon l\u00ebkur\u00ebn tuaj, l\u00ebkura \u00ebsht\u00eb m\u00eb e fort\u00eb, qelizat aktivizohen dhe elasticiteti i fytyr\u00ebs kthehet, rrudhat dhe linjat e \u00e7rregullta t\u00eb l\u00ebkur\u00ebs ju humben, gj\u00eb q\u00eb i jep lekures nj\u00eb pamje m\u00eb t\u00eb re dhe m\u00eb t\u00eb sh\u00ebndetshme. Gua Sha gjithashtu ka nj\u00eb efekt t\u00eb madh n\u00eb leht\u00ebsimin e stresit, reduktimin e pagjum\u00ebsis\u00eb, rritjen e energjis\u00eb s\u00eb trupit dhe p\u00ebrmir\u00ebsimin e imunitetit tuaj.<\/span><\/p>\n<p><strong>Gua Sha ndihmon me :<\/strong><\/p>\n<p>-Qarkullim te gjakut<\/p>\n<p>-Rregulllon dhe qetson tiparet e fytyres tuaj<\/p>\n<p>\u2013 Leht\u00ebson tensionin e muskujve<\/p>\n<p>-Zvog\u00eblon rrath\u00ebt e err\u00ebt t\u00eb syve etj.<\/p>\n<p><span style=\"font-weight: 400;\">Jade I verdhe \u00ebsht\u00eb nj\u00eb gur i lidhur me g\u00ebzimin dhe lumturin\u00eb, \u00ebsht\u00eb jasht\u00ebzakonisht i q\u00ebndruesh\u00ebm dhe duke e pasur pran\u00eb jush do t\u00eb keni shum\u00eb p\u00ebrfitime. Ky gur do t\u00eb mund\u00ebsoj\u00eb vet\u00eb-mjaftueshm\u00ebrin\u00eb tuaj, do t\u00eb sjell\u00eb men\u00e7uri dhe qet\u00ebsi n\u00eb rrug\u00ebn tuaj, do t\u00eb largoj\u00eb negativitetin dhe t\u00ebrheq shum\u00eb fat dhe fortune t\u00eb mir\u00eb n\u00eb rrug\u00ebn tuaj.<\/span><\/p>\n<p><span style=\"font-weight: 400;\">Jade i verdhe \u00ebsht\u00eb gjithashtu i shk\u00eblqyesh\u00ebm p\u00ebr t&#8217;ju m\u00ebsuar lidhjen midis t\u00eb gjitha qenieve t\u00eb gjalla dhe gjithmon\u00eb do t\u00eb ndiheni m\u00eb energjik\u00eb dhe pozitiv\u00eb p\u00ebr jet\u00ebn.<\/span><\/p>\n<p><span style=\"font-weight: 400;\">M\u00ebnyra m\u00eb e mir\u00eb p\u00ebr t\u00eb p\u00ebrdorur fuqit\u00eb e k\u00ebtij guri \u00ebsht\u00eb ta keni gjithmon\u00eb pran\u00eb vetes. Jo vet\u00ebm q\u00eb do t&#8217;i shtoj\u00eb nj\u00eb prekje t\u00eb mrekullueshme pamjes suaj t\u00eb p\u00ebrditshme, por gjithashtu do t&#8217;ju jap\u00eb t\u00eb gjitha p\u00ebrfitimet q\u00eb p\u00ebrmban.<\/span><\/p>\n<p><b>Si t\u00eb pastroni kristalin?<\/b><\/p>\n<p><span style=\"font-weight: 400;\">P\u00ebr pastrimin e kristaleve thjesht shtoni kristalin n\u00ebn uj\u00eb t\u00eb vak\u00ebt p\u00ebr disa minuta, mos p\u00ebrdorni kimikate t\u00eb forta dhe pastrojeni sa her\u00eb q\u00eb mendoni se kristali \u00ebsht\u00eb tejmbushur.<\/span><\/p>\n<p><b>Horoskopi:<\/b><\/p>\n<p><span style=\"font-weight: 400;\">-Binjaket<\/span><\/p>\n<p><b>Chakra:<\/b><\/p>\n<p><span style=\"font-weight: 400;\">-Zemra<\/span><\/p>\n","protected":false},"excerpt":{"rendered":"<p>Dimenzioni 80x51mm<\/p>\n","protected":false},"featured_media":5765,"comment_status":"open","ping_status":"closed","template":"","meta":[],"product_brand":[],"product_cat":[2290,2288],"product_tag":[],"class_list":{"0":"post-5846","1":"product","2":"type-product","3":"status-publish","4":"has-post-thumbnail","6":"product_cat-gua-sha-sq-2","7":"product_cat-crystal-beauty-sq-2","9":"first","10":"instock","11":"shipping-taxable","12":"purchasable","13":"product-type-simple"},"_links":{"self":[{"href":"https:\/\/tinacrystals.com\/sq\/wp-json\/wp\/v2\/product\/5846","targetHints":{"allow":["GET"]}}],"collection":[{"href":"https:\/\/tinacrystals.com\/sq\/wp-json\/wp\/v2\/product"}],"about":[{"href":"https:\/\/tinacrystals.com\/sq\/wp-json\/wp\/v2\/types\/product"}],"replies":[{"embeddable":true,"href":"https:\/\/tinacrystals.com\/sq\/wp-json\/wp\/v2\/comments?post=5846"}],"wp:featuredmedia":[{"embeddable":true,"href":"https:\/\/tinacrystals.com\/sq\/wp-json\/wp\/v2\/media\/5765"}],"wp:attachment":[{"href":"https:\/\/tinacrystals.com\/sq\/wp-json\/wp\/v2\/media?parent=5846"}],"wp:term":[{"taxonomy":"product_brand","embeddable":true,"href":"https:\/\/tinacrystals.com\/sq\/wp-json\/wp\/v2\/product_brand?post=5846"},{"taxonomy":"product_cat","embeddable":true,"href":"https:\/\/tinacrystals.com\/sq\/wp-json\/wp\/v2\/product_cat?post=5846"},{"taxonomy":"product_tag","embeddable":true,"href":"https:\/\/tinacrystals.com\/sq\/wp-json\/wp\/v2\/product_tag?post=5846"}],"curies":[{"name":"wp","href":"https:\/\/api.w.org\/{rel}","templated":true}]}}