{"id":5877,"date":"2022-01-14T11:39:27","date_gmt":"2022-01-14T11:39:27","guid":{"rendered":"http:\/\/tinacrystals.com\/?post_type=product&#038;p=5877"},"modified":"2022-06-10T08:24:47","modified_gmt":"2022-06-10T06:24:47","slug":"guri-i-reres-se-arit-gua-sha","status":"publish","type":"product","link":"https:\/\/tinacrystals.com\/sq\/product\/guri-i-reres-se-arit-gua-sha\/","title":{"rendered":"Gur Rr\u00ebre Ari Gua Sha"},"content":{"rendered":"<p><strong>Guri i\u00a0 raeres se arit Gua Sha<\/strong><\/p>\n<p>P\u00ebrmir\u00ebsoni rutin\u00ebn tuaj t\u00eb kujdesit t\u00eb l\u00ebkur\u00ebs me k\u00ebt\u00eb mjet bukurie me cil\u00ebsi t\u00eb lart\u00eb. Gua-sha jan\u00eb t\u00eb p\u00ebrshtatshme p\u00ebr t\u00eb gjitha llojet e l\u00ebkur\u00ebs, ndaj mos e humbisni mund\u00ebsin\u00eb p\u00ebr t\u00eb marr\u00eb nj\u00eb t\u00eb till\u00eb me nj\u00eb \u00e7mim fantastik, nd\u00ebrsa ne i kemi ende n\u00eb stok.<\/p>\n<p>Ju lejon t\u00eb arrini nj\u00eb l\u00ebkur\u00eb m\u00eb t\u00eb mir\u00eb dhe m\u00eb t\u00eb sh\u00ebndetshme, detoksifikon l\u00ebkur\u00ebn tuaj, l\u00ebkura \u00ebsht\u00eb m\u00eb e fort\u00eb, qelizat aktivizohen dhe elasticiteti i fytyr\u00ebs kthehet, rrudhat dhe linjat e \u00e7rregullta t\u00eb l\u00ebkur\u00ebs ju rikthehen, gj\u00eb q\u00eb i jep nj\u00eb pamje m\u00eb t\u00eb re dhe m\u00eb t\u00eb sh\u00ebndetshme. l\u00ebkur\u00ebn. Gua Sha gjithashtu ka nj\u00eb efekt t\u00eb madh n\u00eb leht\u00ebsimin e stresit, reduktimin e pagjum\u00ebsis\u00eb, rritjen e energjis\u00eb s\u00eb trupit dhe p\u00ebrmir\u00ebsimin e imunitetit tuaj.<\/p>\n<p><strong>Gua Sha ndihmon me:<\/strong><\/p>\n<p>-Qarkullimi i gjakut<\/p>\n<p>&#8211; zbut dhe skalit tiparet e fytyr\u00ebs tuaj<\/p>\n<p>-leht\u00ebson tensionin e muskujve<\/p>\n<p>-zvog\u00eblon rrath\u00ebt e err\u00ebt t\u00eb syve etj.<\/p>\n<p>Guri i reres se arit ka t\u00eb b\u00ebj\u00eb me zhvillimin personal, energjit\u00eb pozitive dhe boll\u00ebkun magnetizues.<\/p>\n<p>Ju jep kurajo gjat\u00eb momenteve tuaja t\u00eb dob\u00ebta, t\u00eb pambrojtura dhe t\u00eb pasigurta.<\/p>\n<p>P\u00ebrdoret gjithashtu p\u00ebr sh\u00ebrimin n\u00eb distanca t\u00eb gjata dhe rigjall\u00ebrimin e fush\u00ebs energjetike t\u00eb dikujt.<\/p>\n<p>Guri i r\u00ebr\u00ebs s\u00eb art\u00eb thuhet se ju ndihmon t\u00eb q\u00ebndroni t\u00eb qet\u00eb dhe t\u00eb stabilizoni emocionet.<\/p>\n<p>&nbsp;<\/p>\n<p><strong>HOROSKOPI<\/strong>: Dashi, Akrepi, Virgj\u00ebresha<br \/>\n<strong>CHAKRA<\/strong>: Rr\u00ebnja, sakrale<\/p>\n<p>Ky gur specifik njihet p\u00ebr inkurajimin e ndershm\u00ebris\u00eb dhe ju b\u00ebn t&#8217;i shihni gj\u00ebrat m\u00eb qart\u00eb.<\/p>\n<p><strong><em><br \/>\nSh\u00ebrimi shpirt\u00ebror:<\/em><\/strong><\/p>\n<p>Guri i r\u00ebr\u00ebs s\u00eb kuqe p\u00ebrshtatet me frekuenc\u00ebn e drejt\u00ebsis\u00eb dhe ofron ndihm\u00eb p\u00ebr k\u00ebdo q\u00eb p\u00ebrpiqet t\u00eb korrigjoj\u00eb nj\u00eb situat\u00eb t\u00eb padrejt\u00eb.<\/p>\n<p>Ai ofron nj\u00eb pasqyr\u00eb n\u00eb m\u00ebnyr\u00ebn m\u00eb t\u00eb mire p\u00ebr problemet qe do ju kanosen n\u00eb t\u00eb ardhmen qe jut \u00eb mund n\u00eb form\u00eb t\u00eb mire t\u2019ju shmangeni atyre.<\/p>\n<p><strong><br \/>\n<em>Sh\u00ebrimi fizik:<\/em><\/strong><\/p>\n<p>P\u00ebr shkak t\u00eb aft\u00ebsis\u00eb s\u00eb tij p\u00ebr t\u00eb ndihmuar n\u00eb gjenerimin e indeve t\u00eb muskujve, ky kristal mund t\u00eb jet\u00eb i dobish\u00ebm n\u00eb ngritjen e peshave dhe nd\u00ebrtimin e trupit, dhe p\u00ebr t\u00eb rritur efektet e ushtrimeve.<\/p>\n<p>Zbut epilepsin\u00eb, dhe gjithashtu mund t\u00eb p\u00ebrdoret p\u00ebr t\u00eb trajtuar humbjen shqisore t\u00eb nuhatjes.<\/p>\n<p>Gur i r\u00ebr\u00ebs i kuq forcon zemr\u00ebn dhe p\u00ebrmir\u00ebson qarkullimin, dhe mund t\u00eb jet\u00eb i dobish\u00ebm n\u00eb trajtimin e anemis\u00eb, rraskapitjes dhe s\u00ebmundjeve t\u00eb zemr\u00ebs.<\/p>\n<p><strong><br \/>\n<em>Sh\u00ebrimi emocional:<\/em><\/strong><\/p>\n<p>Guri i r\u00ebr\u00ebs s\u00eb kuqe \u00ebsht\u00eb nj\u00eb kujtes\u00eb e ndritshme, e prekshme dhe nj\u00eb nd\u00ebrtues i madh besimi.<\/p>\n<p>Mund t\u00eb riaktivizoj\u00eb nj\u00eb pasion p\u00ebr t\u00eb jetuar kur dikush ndihet i kalt\u00ebr ose joemocional, apatik ose i vdekur shpirt\u00ebrisht.<\/p>\n<p><strong><br \/>\n<em>Pastroni dhe rimbushni:<\/em><\/strong><\/p>\n<p>M\u00ebnyra m\u00eb e leht\u00eb p\u00ebr t\u00eb pastruar gurin tuaj \u00ebsht\u00eb larja n\u00ebn uj\u00eb t\u00eb vak\u00ebt p\u00ebr 3-5 minuta.<\/p>\n<p>Rimbushja: Kaloni gur ranor t\u00eb kuq p\u00ebrmes flak\u00ebs s\u00eb nj\u00eb qiri t\u00eb kuq.<\/p>\n","protected":false},"excerpt":{"rendered":"<p>Dimenzioni 80x51mm<\/p>\n","protected":false},"featured_media":5747,"comment_status":"open","ping_status":"closed","template":"","meta":[],"product_brand":[],"product_cat":[2369,2377,2405,2372,2361,2358,2290,2323,2288,2310,2305,2306,2359,2352,2371,2404],"product_tag":[],"class_list":{"0":"post-5877","1":"product","2":"type-product","3":"status-publish","4":"has-post-thumbnail","6":"product_cat-akrepi-sq","7":"product_cat-ari","8":"product_cat-blej-sipas","9":"product_cat-blej-sipas-ngjyres","10":"product_cat-dashi","11":"product_cat-force-stabilitet","12":"product_cat-gua-sha-sq-2","13":"product_cat-gur-rrere-ari","14":"product_cat-crystal-beauty-sq-2","15":"product_cat-llojet-e-gurve-te-cmuar","16":"product_cat-rrenja","17":"product_cat-sakrale","18":"product_cat-shenjat-e-horoskopit","19":"product_cat-qellim","20":"product_cat-virgjersha","21":"product_cat-zona-e-cakres","23":"first","24":"instock","25":"shipping-taxable","26":"purchasable","27":"product-type-simple"},"_links":{"self":[{"href":"https:\/\/tinacrystals.com\/sq\/wp-json\/wp\/v2\/product\/5877","targetHints":{"allow":["GET"]}}],"collection":[{"href":"https:\/\/tinacrystals.com\/sq\/wp-json\/wp\/v2\/product"}],"about":[{"href":"https:\/\/tinacrystals.com\/sq\/wp-json\/wp\/v2\/types\/product"}],"replies":[{"embeddable":true,"href":"https:\/\/tinacrystals.com\/sq\/wp-json\/wp\/v2\/comments?post=5877"}],"wp:featuredmedia":[{"embeddable":true,"href":"https:\/\/tinacrystals.com\/sq\/wp-json\/wp\/v2\/media\/5747"}],"wp:attachment":[{"href":"https:\/\/tinacrystals.com\/sq\/wp-json\/wp\/v2\/media?parent=5877"}],"wp:term":[{"taxonomy":"product_brand","embeddable":true,"href":"https:\/\/tinacrystals.com\/sq\/wp-json\/wp\/v2\/product_brand?post=5877"},{"taxonomy":"product_cat","embeddable":true,"href":"https:\/\/tinacrystals.com\/sq\/wp-json\/wp\/v2\/product_cat?post=5877"},{"taxonomy":"product_tag","embeddable":true,"href":"https:\/\/tinacrystals.com\/sq\/wp-json\/wp\/v2\/product_tag?post=5877"}],"curies":[{"name":"wp","href":"https:\/\/api.w.org\/{rel}","templated":true}]}}