{"id":5886,"date":"2022-01-14T12:13:07","date_gmt":"2022-01-14T12:13:08","guid":{"rendered":"http:\/\/tinacrystals.com\/?post_type=product&#038;p=5886"},"modified":"2022-06-10T08:24:35","modified_gmt":"2022-06-10T06:24:35","slug":"blood-stone-gua-sha","status":"publish","type":"product","link":"https:\/\/tinacrystals.com\/sq\/product\/blood-stone-gua-sha\/","title":{"rendered":"Guri i gjakut Gua Sha"},"content":{"rendered":"<p><strong>Guri i gjakut<\/strong><\/p>\n<p>P\u00ebrmir\u00ebsoni rutin\u00ebn tuaj t\u00eb kujdesit t\u00eb l\u00ebkur\u00ebs me k\u00ebt\u00eb mjet bukurie me cil\u00ebsi t\u00eb lart\u00eb. Gua-sha jan\u00eb t\u00eb p\u00ebrshtatshme p\u00ebr t\u00eb gjitha llojet e l\u00ebkur\u00ebs, ndaj mos e humbisni mund\u00ebsin\u00eb p\u00ebr t\u00eb marr\u00eb nj\u00eb t\u00eb till\u00eb me nj\u00eb \u00e7mim fantastik, nd\u00ebrsa ne i kemi ende n\u00eb stok.<\/p>\n<p>Ju lejon t\u00eb arrini nj\u00eb l\u00ebkur\u00eb m\u00eb t\u00eb mir\u00eb dhe m\u00eb t\u00eb sh\u00ebndetshme, detoksifikon l\u00ebkur\u00ebn tuaj, l\u00ebkura \u00ebsht\u00eb m\u00eb e fort\u00eb, qelizat aktivizohen dhe elasticiteti i fytyr\u00ebs kthehet, rrudhat dhe linjat e \u00e7rregullta t\u00eb l\u00ebkur\u00ebs ju rikthehen, gj\u00eb q\u00eb i jep nj\u00eb pamje m\u00eb t\u00eb re dhe m\u00eb t\u00eb sh\u00ebndetshme. l\u00ebkur\u00ebn. Gua Sha gjithashtu ka nj\u00eb efekt t\u00eb madh n\u00eb leht\u00ebsimin e stresit, reduktimin e pagjum\u00ebsis\u00eb, rritjen e energjis\u00eb s\u00eb trupit dhe p\u00ebrmir\u00ebsimin e imunitetit tuaj.<\/p>\n<p><strong>Gua Sha ndihmon me:<\/strong><\/p>\n<p>-Qarkullimi i gjakut<\/p>\n<p>&#8211; zbut dhe skalit tiparet e fytyr\u00ebs tuaj<\/p>\n<p>-leht\u00ebson tensionin e muskujve<\/p>\n<p>-zvog\u00eblon rrath\u00ebt e err\u00ebt t\u00eb syve etj.<\/p>\n<p>Vishni ose mbani Bloodstone si nj\u00eb amulet\u00eb mbrojtjeje kund\u00ebr k\u00ebrc\u00ebnimeve ose ngacmimeve, qoft\u00eb verbale apo fizike dhe p\u00ebr udh\u00ebzim p\u00ebr t&#8217;u t\u00ebrhequr kur \u00ebsht\u00eb e p\u00ebrshtatshme dhe guxim p\u00ebr t&#8217;u p\u00ebrballur kur \u00ebsht\u00eb e nevojshme. Gurri i gjakut stimulon \u00ebnd\u00ebrrimin dhe rrit intuit\u00ebn. \u00cbsht\u00eb e mrekullueshme p\u00ebr rritjen e krijimtaris\u00eb dhe kultivimin e nj\u00eb projekti nga faza e ides\u00eb deri n\u00eb aktualizim. Ai inkurajon bekimet dhe prosperitetin.<\/p>\n<p><strong>Horoskopi<\/strong>: Dashi<\/p>\n<p><strong>Chakra<\/strong>:\u00a0 Rr\u00ebnja<\/p>\n","protected":false},"excerpt":{"rendered":"<p>Dimenzioni 80x51mm<\/p>\n","protected":false},"featured_media":5729,"comment_status":"open","ping_status":"closed","template":"","meta":[],"product_brand":[],"product_cat":[2290,2288],"product_tag":[],"class_list":{"0":"post-5886","1":"product","2":"type-product","3":"status-publish","4":"has-post-thumbnail","6":"product_cat-gua-sha-sq-2","7":"product_cat-crystal-beauty-sq-2","9":"first","10":"instock","11":"shipping-taxable","12":"purchasable","13":"product-type-simple"},"_links":{"self":[{"href":"https:\/\/tinacrystals.com\/sq\/wp-json\/wp\/v2\/product\/5886","targetHints":{"allow":["GET"]}}],"collection":[{"href":"https:\/\/tinacrystals.com\/sq\/wp-json\/wp\/v2\/product"}],"about":[{"href":"https:\/\/tinacrystals.com\/sq\/wp-json\/wp\/v2\/types\/product"}],"replies":[{"embeddable":true,"href":"https:\/\/tinacrystals.com\/sq\/wp-json\/wp\/v2\/comments?post=5886"}],"wp:featuredmedia":[{"embeddable":true,"href":"https:\/\/tinacrystals.com\/sq\/wp-json\/wp\/v2\/media\/5729"}],"wp:attachment":[{"href":"https:\/\/tinacrystals.com\/sq\/wp-json\/wp\/v2\/media?parent=5886"}],"wp:term":[{"taxonomy":"product_brand","embeddable":true,"href":"https:\/\/tinacrystals.com\/sq\/wp-json\/wp\/v2\/product_brand?post=5886"},{"taxonomy":"product_cat","embeddable":true,"href":"https:\/\/tinacrystals.com\/sq\/wp-json\/wp\/v2\/product_cat?post=5886"},{"taxonomy":"product_tag","embeddable":true,"href":"https:\/\/tinacrystals.com\/sq\/wp-json\/wp\/v2\/product_tag?post=5886"}],"curies":[{"name":"wp","href":"https:\/\/api.w.org\/{rel}","templated":true}]}}