{"id":5899,"date":"2022-01-15T11:29:05","date_gmt":"2022-01-15T11:29:06","guid":{"rendered":"http:\/\/tinacrystals.com\/?post_type=product&#038;p=5899"},"modified":"2022-06-10T08:24:27","modified_gmt":"2022-06-10T06:24:27","slug":"kuarc-kuq-guasha","status":"publish","type":"product","link":"https:\/\/tinacrystals.com\/sq\/product\/kuarc-kuq-guasha\/","title":{"rendered":"Kuarci Kuq Gua Sha"},"content":{"rendered":"<p><strong>Kuarc i Kuq Gua Sha<\/strong><\/p>\n<p>P\u00ebrmir\u00ebsoni rutin\u00ebn tuaj t\u00eb kujdesit t\u00eb l\u00ebkur\u00ebs me k\u00ebt\u00eb mjet bukurie me cil\u00ebsi t\u00eb lart\u00eb. Gua-sha jan\u00eb t\u00eb p\u00ebrshtatshme p\u00ebr t\u00eb gjitha llojet e l\u00ebkur\u00ebs, ndaj mos e humbisni mund\u00ebsin\u00eb p\u00ebr t\u00eb marr\u00eb nj\u00eb t\u00eb till\u00eb me nj\u00eb \u00e7mim fantastik, nd\u00ebrsa ne i kemi ende n\u00eb stok.<\/p>\n<p>Ju lejon t\u00eb arrini nj\u00eb l\u00ebkur\u00eb m\u00eb t\u00eb mir\u00eb dhe m\u00eb t\u00eb sh\u00ebndetshme, detoksifikon l\u00ebkur\u00ebn tuaj, l\u00ebkura \u00ebsht\u00eb m\u00eb e fort\u00eb, qelizat aktivizohen dhe elasticiteti i fytyr\u00ebs kthehet, rrudhat dhe linjat e \u00e7rregullta t\u00eb l\u00ebkur\u00ebs ju rikthehen, gj\u00eb q\u00eb i jep nj\u00eb pamje m\u00eb t\u00eb re dhe m\u00eb t\u00eb sh\u00ebndetshme. l\u00ebkur\u00ebn. Gua Sha gjithashtu ka nj\u00eb efekt t\u00eb madh n\u00eb leht\u00ebsimin e stresit, reduktimin e pagjum\u00ebsis\u00eb, rritjen e energjis\u00eb s\u00eb trupit dhe p\u00ebrmir\u00ebsimin e imunitetit tuaj.<\/p>\n<p><strong>Gua Sha ndihmon me<\/strong>:<\/p>\n<p>-Qarkullimi i gjakut<\/p>\n<p>&#8211; zbut dhe skalit tiparet e fytyr\u00ebs tuaj<\/p>\n<p>-leht\u00ebson tensionin e muskujve<\/p>\n<p>-zvog\u00eblon rrath\u00ebt e err\u00ebt t\u00eb syve etj.<\/p>\n<p>Kuarci i Kuq \u00ebsht\u00eb nj\u00eb kristal i mrekulluesh\u00ebm q\u00eb ka veti t\u00eb shumta q\u00eb mund t&#8217;ju ndihmojn\u00eb n\u00eb t\u00eb gjitha aspektet e jet\u00ebs suaj. Konsiderohet kryesisht si nj\u00eb gur miq\u00ebsie dhe dashurie, sepse forcon marr\u00ebdh\u00ebniet tuaja me miqt\u00eb duke hequr \u00e7do gj\u00eb negative mes jush.<\/p>\n<p>Nuancat e ndryshme t\u00eb s\u00eb kuqes q\u00eb ka kristali do t&#8217;ju rrisin vitalitetin dhe do t&#8217;ju balancojn\u00eb emocionalisht, fizikisht dhe shpirt\u00ebrisht. Gjithashtu do t\u00eb l\u00ebkund\u00eb ndjenjat e qet\u00ebsis\u00eb, n\u00ebse \u00ebsht\u00eb e nevojshme do t&#8217;ju sh\u00ebroj\u00eb dhe do t\u00eb largoj\u00eb \u00e7do stres, ankth ose depresion q\u00eb mund t\u00eb keni.<\/p>\n<p><strong>Chakra:<\/strong><\/p>\n<p>-Sakral<\/p>\n<p><strong>Horoskopi<\/strong>:<\/p>\n<p><strong>Sh\u00ebnim: Kristali lidhet me t\u00eb gjith\u00eb zodiak\u00ebt, por \u00ebsht\u00eb m\u00eb efektiv me:<\/strong><\/p>\n<p>&#8211; Dashi<\/p>\n<p>-Luani<\/p>\n<p>-Shigjetari<\/p>\n","protected":false},"excerpt":{"rendered":"<p>Dimenzioni 80x51mm<\/p>\n","protected":false},"featured_media":5705,"comment_status":"open","ping_status":"closed","template":"","meta":[],"product_brand":[],"product_cat":[2290,2288],"product_tag":[],"class_list":{"0":"post-5899","1":"product","2":"type-product","3":"status-publish","4":"has-post-thumbnail","6":"product_cat-gua-sha-sq-2","7":"product_cat-crystal-beauty-sq-2","9":"first","10":"instock","11":"shipping-taxable","12":"purchasable","13":"product-type-simple"},"_links":{"self":[{"href":"https:\/\/tinacrystals.com\/sq\/wp-json\/wp\/v2\/product\/5899","targetHints":{"allow":["GET"]}}],"collection":[{"href":"https:\/\/tinacrystals.com\/sq\/wp-json\/wp\/v2\/product"}],"about":[{"href":"https:\/\/tinacrystals.com\/sq\/wp-json\/wp\/v2\/types\/product"}],"replies":[{"embeddable":true,"href":"https:\/\/tinacrystals.com\/sq\/wp-json\/wp\/v2\/comments?post=5899"}],"wp:featuredmedia":[{"embeddable":true,"href":"https:\/\/tinacrystals.com\/sq\/wp-json\/wp\/v2\/media\/5705"}],"wp:attachment":[{"href":"https:\/\/tinacrystals.com\/sq\/wp-json\/wp\/v2\/media?parent=5899"}],"wp:term":[{"taxonomy":"product_brand","embeddable":true,"href":"https:\/\/tinacrystals.com\/sq\/wp-json\/wp\/v2\/product_brand?post=5899"},{"taxonomy":"product_cat","embeddable":true,"href":"https:\/\/tinacrystals.com\/sq\/wp-json\/wp\/v2\/product_cat?post=5899"},{"taxonomy":"product_tag","embeddable":true,"href":"https:\/\/tinacrystals.com\/sq\/wp-json\/wp\/v2\/product_tag?post=5899"}],"curies":[{"name":"wp","href":"https:\/\/api.w.org\/{rel}","templated":true}]}}