{"id":5902,"date":"2022-01-15T12:03:16","date_gmt":"2022-01-15T12:03:16","guid":{"rendered":"http:\/\/tinacrystals.com\/?post_type=product&#038;p=5902"},"modified":"2022-06-10T08:24:24","modified_gmt":"2022-06-10T06:24:24","slug":"labradorit-guasha","status":"publish","type":"product","link":"https:\/\/tinacrystals.com\/sq\/product\/labradorit-guasha\/","title":{"rendered":"Labradorit Gua Sha"},"content":{"rendered":"<p><strong>Labradorit Gua Sha<\/strong><\/p>\n<p>P\u00ebrmir\u00ebsoni rutin\u00ebn tuaj t\u00eb kujdesit t\u00eb l\u00ebkur\u00ebs me k\u00ebt\u00eb mjet bukurie me cil\u00ebsi t\u00eb lart\u00eb. Gua-sha jan\u00eb t\u00eb p\u00ebrshtatshme p\u00ebr t\u00eb gjitha llojet e l\u00ebkur\u00ebs, ndaj mos e humbisni mund\u00ebsin\u00eb p\u00ebr t\u00eb marr\u00eb nj\u00eb t\u00eb till\u00eb me nj\u00eb \u00e7mim fantastik, nd\u00ebrsa ne i kemi ende n\u00eb stok.<\/p>\n<p>Ju lejon t\u00eb arrini nj\u00eb l\u00ebkur\u00eb m\u00eb t\u00eb mir\u00eb dhe m\u00eb t\u00eb sh\u00ebndetshme, detoksifikon l\u00ebkur\u00ebn tuaj, l\u00ebkura \u00ebsht\u00eb m\u00eb e fort\u00eb, qelizat aktivizohen dhe elasticiteti i fytyr\u00ebs kthehet, rrudhat dhe linjat e \u00e7rregullta t\u00eb l\u00ebkur\u00ebs ju rikthehen, gj\u00eb q\u00eb i jep nj\u00eb pamje m\u00eb t\u00eb re dhe m\u00eb t\u00eb sh\u00ebndetshme. l\u00ebkur\u00ebn. Gua Sha gjithashtu ka nj\u00eb efekt t\u00eb madh n\u00eb leht\u00ebsimin e stresit, reduktimin e pagjum\u00ebsis\u00eb, rritjen e energjis\u00eb s\u00eb trupit dhe p\u00ebrmir\u00ebsimin e imunitetit tuaj.<\/p>\n<p><strong>Gua Sha ndihmon me:<\/strong><\/p>\n<p>-Qarkullimi i gjakut<\/p>\n<p>&#8211; zbut dhe skalit tiparet e fytyr\u00ebs tuaj<\/p>\n<p>-leht\u00ebson tensionin e muskujve<\/p>\n<p>-zvog\u00eblon rrath\u00ebt e err\u00ebt t\u00eb syve etj.<\/p>\n<p>\u00c7do labradorit ka nj\u00eb bukuri unike q\u00eb t\u00ebrheq v\u00ebmendjen e t\u00eb gjith\u00ebve. Unike e tyre e ngjyrave leht\u00ebson \u00e7do ankth apo stres q\u00eb mund t\u00eb keni. Bukuria q\u00eb mbajn\u00eb k\u00ebto slit\u00eb jo vet\u00ebm q\u00eb jan\u00eb t\u00ebrheq\u00ebse p\u00ebr syrin, por gjithashtu ndihmojn\u00eb n\u00eb trajtimin e \u00e7do \u00e7rregullimi q\u00eb mund t\u00eb ken\u00eb syt\u00eb tuaj, ata t\u00ebrheqin sukses dhe shum\u00eb fat.<\/p>\n<p><strong>Si t\u00eb kujdesemi p\u00ebr kristalet?<\/strong><\/p>\n<p>Kujdesi p\u00ebr kristalet tuaja \u00ebsht\u00eb nj\u00eb faktor ky\u00e7 n\u00eb m\u00ebnyr\u00ebn se si ato funksionojn\u00eb. Nj\u00eb nga m\u00ebnyrat m\u00eb t\u00eb mira p\u00ebr t\u00eb pastruar Labradoritin \u00ebsht\u00eb ta mbani n\u00ebn uj\u00eb p\u00ebr disa minuta dhe ta lini t\u00eb pastroj\u00eb t\u00eb gjith\u00eb energjin\u00eb negative q\u00eb ka kristali. Pasi ta b\u00ebni k\u00ebt\u00eb, sigurohuni q\u00eb ta rikarikoni n\u00ebn drit\u00ebn e h\u00ebn\u00ebs gjat\u00eb nat\u00ebs ose p\u00ebr 2 net\u00eb me radh\u00eb.<\/p>\n<p><strong>Chakra:<\/strong><\/p>\n<p>-Syri i tret\u00eb, fyt<\/p>\n<p><strong>Horoskopi:<\/strong><\/p>\n<p>-Demi<\/p>\n<p>-Luani<\/p>\n<p>-Akrepi<\/p>\n<p>-Shigjetari<\/p>\n<p>&#8211; Peshqit<\/p>\n<p><strong>Guri i lindjes:<\/strong><\/p>\n<p>&#8211; Shkurt<\/p>\n<p>-Mars<\/p>\n","protected":false},"excerpt":{"rendered":"<p>Dimenzioni 80x51mm<\/p>\n","protected":false},"featured_media":5690,"comment_status":"open","ping_status":"closed","template":"","meta":[],"product_brand":[],"product_cat":[2405,2372,2370,2358,2309,2378,2290,2288,2327,2365,2367,2354,2359,2368,2352,2308,2404],"product_tag":[],"class_list":{"0":"post-5902","1":"product","2":"type-product","3":"status-publish","4":"has-post-thumbnail","6":"product_cat-blej-sipas","7":"product_cat-blej-sipas-ngjyres","8":"product_cat-demi","9":"product_cat-force-stabilitet","10":"product_cat-fyti","11":"product_cat-gri","12":"product_cat-gua-sha-sq-2","13":"product_cat-crystal-beauty-sq-2","14":"product_cat-labradorite-sq","15":"product_cat-luani","16":"product_cat-peshqit","17":"product_cat-shendet-balans","18":"product_cat-shenjat-e-horoskopit","19":"product_cat-shigjetari","20":"product_cat-qellim","21":"product_cat-syri-i-trete","22":"product_cat-zona-e-cakres","24":"first","25":"instock","26":"shipping-taxable","27":"purchasable","28":"product-type-simple"},"_links":{"self":[{"href":"https:\/\/tinacrystals.com\/sq\/wp-json\/wp\/v2\/product\/5902","targetHints":{"allow":["GET"]}}],"collection":[{"href":"https:\/\/tinacrystals.com\/sq\/wp-json\/wp\/v2\/product"}],"about":[{"href":"https:\/\/tinacrystals.com\/sq\/wp-json\/wp\/v2\/types\/product"}],"replies":[{"embeddable":true,"href":"https:\/\/tinacrystals.com\/sq\/wp-json\/wp\/v2\/comments?post=5902"}],"wp:featuredmedia":[{"embeddable":true,"href":"https:\/\/tinacrystals.com\/sq\/wp-json\/wp\/v2\/media\/5690"}],"wp:attachment":[{"href":"https:\/\/tinacrystals.com\/sq\/wp-json\/wp\/v2\/media?parent=5902"}],"wp:term":[{"taxonomy":"product_brand","embeddable":true,"href":"https:\/\/tinacrystals.com\/sq\/wp-json\/wp\/v2\/product_brand?post=5902"},{"taxonomy":"product_cat","embeddable":true,"href":"https:\/\/tinacrystals.com\/sq\/wp-json\/wp\/v2\/product_cat?post=5902"},{"taxonomy":"product_tag","embeddable":true,"href":"https:\/\/tinacrystals.com\/sq\/wp-json\/wp\/v2\/product_tag?post=5902"}],"curies":[{"name":"wp","href":"https:\/\/api.w.org\/{rel}","templated":true}]}}