{"id":5905,"date":"2022-01-15T12:03:18","date_gmt":"2022-01-15T12:03:18","guid":{"rendered":"http:\/\/tinacrystals.com\/?post_type=product&#038;p=5905"},"modified":"2022-06-10T08:24:21","modified_gmt":"2022-06-10T06:24:21","slug":"jade-gjelbert-guasha","status":"publish","type":"product","link":"https:\/\/tinacrystals.com\/sq\/product\/jade-gjelbert-guasha\/","title":{"rendered":"Zhad Malor Gua Sha"},"content":{"rendered":"<p><strong>Zhad Malor Gua Sha<\/strong><\/p>\n<p>P\u00ebrmir\u00ebsoni rutin\u00ebn tuaj t\u00eb kujdesit t\u00eb l\u00ebkur\u00ebs me k\u00ebt\u00eb mjet bukurie me cil\u00ebsi t\u00eb lart\u00eb. <strong>Gua-sha<\/strong> jan\u00eb t\u00eb p\u00ebrshtatshme p\u00ebr t\u00eb gjitha llojet e l\u00ebkur\u00ebs, ndaj mos e humbisni mund\u00ebsin\u00eb p\u00ebr t\u00eb marr\u00eb nj\u00eb t\u00eb till\u00eb me nj\u00eb \u00e7mim fantastik, nd\u00ebrsa ne i kemi ende n\u00eb stok.<\/p>\n<p>Ju lejon t\u00eb arrini nj\u00eb l\u00ebkur\u00eb m\u00eb t\u00eb mir\u00eb dhe m\u00eb t\u00eb sh\u00ebndetshme, detoksifikon l\u00ebkur\u00ebn tuaj, l\u00ebkura \u00ebsht\u00eb m\u00eb e fort\u00eb, qelizat aktivizohen dhe elasticiteti i fytyr\u00ebs kthehet, rrudhat dhe linjat e \u00e7rregullta t\u00eb l\u00ebkur\u00ebs ju rikthehen, gj\u00eb q\u00eb i jep nj\u00eb pamje m\u00eb t\u00eb re dhe m\u00eb t\u00eb sh\u00ebndetshme. l\u00ebkur\u00ebn. Gua Sha gjithashtu ka nj\u00eb efekt t\u00eb madh n\u00eb leht\u00ebsimin e stresit, reduktimin e pagjum\u00ebsis\u00eb, rritjen e energjis\u00eb s\u00eb trupit dhe p\u00ebrmir\u00ebsimin e imunitetit tuaj.<\/p>\n<p><strong>Gua Sha ndihmon me:<\/strong><\/p>\n<p>-Qarkullimi i gjakut<\/p>\n<p>&#8211; zbut dhe skalit tiparet e fytyr\u00ebs tuaj<\/p>\n<p>-leht\u00ebson tensionin e muskujve<\/p>\n<p>-zvog\u00eblon rrath\u00ebt e err\u00ebt t\u00eb syve etj.<\/p>\n<p>Zhade\u00a0 e Gjelbert thuhet se bekon \u00e7do gj\u00eb q\u00eb prek. \u00cbsht\u00eb nj\u00eb gur qet\u00ebsie n\u00eb mes t\u00eb stuhis\u00eb, balancon nervat dhe qet\u00ebson ritmin kardiak.<\/p>\n<p>Ajo sjell harmoni dhe lumturi n\u00eb biznes dhe marr\u00ebdh\u00ebnie familjare. Dhe gjithashtu ju sjell fat sa her\u00eb q\u00eb ju nevojitet<\/p>\n<p>Stabilizon personalitetin, integron mendjen me trupin, sjell \u00ebndrra t\u00eb thella.<\/p>\n<p>Nefriti jeshil ofron besim dhe siguri n\u00eb vetvete, mb\u00ebshtetje te vetja dhe mjaftueshm\u00ebri. \u00cbsht\u00eb nj\u00eb kujtes\u00eb p\u00ebr t\u00eb nuhatur lulet, p\u00ebr t\u00eb prekur ato q\u00eb doni dhe p\u00ebr t\u00eb ndar\u00eb zemr\u00ebn tuaj me t\u00eb tjer\u00ebt n\u00eb pohimin e boll\u00ebkut.<\/p>\n<p><strong>Si ta pastroni k\u00ebt\u00eb kristal?<\/strong><\/p>\n<p>Mund ta pastroni me uj\u00eb t\u00eb ngroht\u00eb me sapun dhe madje edhe nj\u00eb fur\u00e7\u00eb dh\u00ebmb\u00ebsh me qime t\u00eb buta p\u00ebr ata q\u00eb duan nj\u00eb pastrim t\u00eb thell\u00eb.<\/p>\n<p><strong>Chakra:<\/strong><\/p>\n<p>Zemra<\/p>\n<p><strong>Horoskopi:<\/strong><\/p>\n<p>Virgj\u00ebresha<\/p>\n","protected":false},"excerpt":{"rendered":"<p>Dimenzioni 80x51mm<\/p>\n","protected":false},"featured_media":5684,"comment_status":"open","ping_status":"closed","template":"","meta":[],"product_brand":[],"product_cat":[2290,2288],"product_tag":[],"class_list":{"0":"post-5905","1":"product","2":"type-product","3":"status-publish","4":"has-post-thumbnail","6":"product_cat-gua-sha-sq-2","7":"product_cat-crystal-beauty-sq-2","9":"first","10":"instock","11":"shipping-taxable","12":"purchasable","13":"product-type-simple"},"_links":{"self":[{"href":"https:\/\/tinacrystals.com\/sq\/wp-json\/wp\/v2\/product\/5905","targetHints":{"allow":["GET"]}}],"collection":[{"href":"https:\/\/tinacrystals.com\/sq\/wp-json\/wp\/v2\/product"}],"about":[{"href":"https:\/\/tinacrystals.com\/sq\/wp-json\/wp\/v2\/types\/product"}],"replies":[{"embeddable":true,"href":"https:\/\/tinacrystals.com\/sq\/wp-json\/wp\/v2\/comments?post=5905"}],"wp:featuredmedia":[{"embeddable":true,"href":"https:\/\/tinacrystals.com\/sq\/wp-json\/wp\/v2\/media\/5684"}],"wp:attachment":[{"href":"https:\/\/tinacrystals.com\/sq\/wp-json\/wp\/v2\/media?parent=5905"}],"wp:term":[{"taxonomy":"product_brand","embeddable":true,"href":"https:\/\/tinacrystals.com\/sq\/wp-json\/wp\/v2\/product_brand?post=5905"},{"taxonomy":"product_cat","embeddable":true,"href":"https:\/\/tinacrystals.com\/sq\/wp-json\/wp\/v2\/product_cat?post=5905"},{"taxonomy":"product_tag","embeddable":true,"href":"https:\/\/tinacrystals.com\/sq\/wp-json\/wp\/v2\/product_tag?post=5905"}],"curies":[{"name":"wp","href":"https:\/\/api.w.org\/{rel}","templated":true}]}}