{"id":5974,"date":"2022-01-15T14:50:38","date_gmt":"2022-01-15T14:50:39","guid":{"rendered":"http:\/\/tinacrystals.com\/?post_type=product&#038;p=5974"},"modified":"2022-05-11T14:00:08","modified_gmt":"2022-05-11T12:00:08","slug":"kuarc-dredheze","status":"publish","type":"product","link":"https:\/\/tinacrystals.com\/sq\/product\/kuarc-dredheze\/","title":{"rendered":"Kuarci Kuq Stilolaps"},"content":{"rendered":"<p><strong>HOROSKOPI<\/strong>: Peshorja<br \/>\n<strong>CHAKRA<\/strong>: Zem\u00ebr<\/p>\n<p>&nbsp;<\/p>\n<p><strong><em>Kuarci dredh\u00ebz<\/em><\/strong> \u00ebsht\u00eb nj\u00eb gur universal i dashuris\u00eb!<\/p>\n<p>&nbsp;<\/p>\n<p><em><strong>Sh\u00ebrimi shpirt\u00ebror:<\/strong><\/em><\/p>\n<p>Kuarci dredh\u00ebs ka aft\u00ebsin\u00eb t\u00eb tregoj\u00eb q\u00ebllimin tuaj t\u00eb jet\u00ebs dhe t&#8217;ju ndihmoj\u00eb ta p\u00ebrmbushni at\u00eb.<\/p>\n<p>Sa her\u00eb q\u00eb ndiheni t\u00eb mb\u00ebrthyer n\u00eb nj\u00eb situat\u00eb, sado e keqe t\u00eb duket, n\u00ebse keni kristalin me vete, do t\u00eb ndiheni m\u00eb t\u00eb qet\u00eb dhe do ta kap\u00ebrceni situat\u00ebn m\u00eb leht\u00eb.<\/p>\n<p>&nbsp;<\/p>\n<p><em><strong>Sh\u00ebrimi fizik:<\/strong><\/em><\/p>\n<p>Kuarci dredh\u00ebz ndihmon n\u00eb leht\u00ebsimin e tensionit, tendosjes dhe stresit, rrahjeve t\u00eb anashkaluara ose palpitacioneve.<\/p>\n<p>Ky gur \u00ebsht\u00eb i p\u00ebrshtatsh\u00ebm p\u00ebr k\u00ebdo q\u00eb ka nevoj\u00eb p\u00ebr nj\u00eb zem\u00ebr m\u00eb t\u00eb fort\u00eb dhe m\u00eb t\u00eb q\u00ebndrueshme.<\/p>\n<p>Gjithashtu, ndihmon n\u00eb p\u00ebrmir\u00ebsimin e muskujve t\u00eb zemr\u00ebs dhe sistemin tuaj t\u00eb qarkullimit t\u00eb gjakut.<\/p>\n<p>&nbsp;<\/p>\n<p><em><strong>Sh\u00ebrimi emocional:<\/strong><\/em><\/p>\n<p>Ky kristal mund t&#8217;ju inkurajoj\u00eb t\u00eb hidhni nj\u00eb v\u00ebshtrim m\u00eb t\u00eb thell\u00eb n\u00eb \u00e7\u00ebshtjet tuaja t\u00eb s\u00eb kaluar\u00ebs q\u00eb mund t\u00eb shkaktojn\u00eb v\u00ebshtir\u00ebsi emocionale n\u00eb t\u00eb tashmen.<\/p>\n<p>T\u00eb ndihmon t\u00eb gjesh talentet e tua t\u00eb pazbuluara ose m\u00eb mir\u00eb ato q\u00eb njihni, l\u00ebkundon ndjenjat e dashuris\u00eb dhe pozitivitetit n\u00eb m\u00ebnyr\u00eb q\u00eb t\u00eb mund ta doni veten dhe t\u00eb tjer\u00ebt m\u00eb shum\u00eb.<\/p>\n<p>&nbsp;<\/p>\n<p><em><strong>Pastroni dhe rimbushni:<\/strong><\/em><\/p>\n<p>M\u00ebnyra m\u00eb e mir\u00eb p\u00ebr t\u00eb pastruar kristalin \u00ebsht\u00eb ta mbani n\u00ebn uj\u00eb t\u00eb rrjedhsh\u00ebm p\u00ebr disa minuta dhe p\u00ebr ta rimbushur, vendoseni n\u00ebn drit\u00ebn e h\u00ebn\u00ebs n\u00eb nj\u00eb tas me uj\u00eb, hiqeni n\u00eb m\u00ebngjes.<\/p>\n","protected":false},"excerpt":{"rendered":"<p>HOROSKOPI: Peshorja CHAKRA: Zem\u00ebr &nbsp; Kuarci dredh\u00ebz \u00ebsht\u00eb nj\u00eb gur universal i dashuris\u00eb! &nbsp; Sh\u00ebrimi shpirt\u00ebror: Kuarci dredh\u00ebs ka aft\u00ebsin\u00eb t\u00eb tregoj\u00eb q\u00ebllimin tuaj t\u00eb jet\u00ebs<span class=\"excerpt-hellip\"> [\u2026]<\/span><\/p>\n","protected":false},"featured_media":5959,"comment_status":"open","ping_status":"closed","template":"","meta":[],"product_brand":[],"product_cat":[2405,2372,2355,2343,2384,2310,2366,2359,2352,2785,2302,2304,2404],"product_tag":[],"class_list":{"0":"post-5974","1":"product","2":"type-product","3":"status-publish","4":"has-post-thumbnail","6":"product_cat-blej-sipas","7":"product_cat-blej-sipas-ngjyres","8":"product_cat-dashuri-harmoni","9":"product_cat-kuarci-i-kuq","10":"product_cat-kuq","11":"product_cat-llojet-e-gurve-te-cmuar","12":"product_cat-peshorja","13":"product_cat-shenjat-e-horoskopit","14":"product_cat-qellim","15":"product_cat-stilolapsa","16":"product_cat-tjera","17":"product_cat-zemra","18":"product_cat-zona-e-cakres","20":"first","21":"outofstock","22":"shipping-taxable","23":"purchasable","24":"product-type-simple"},"_links":{"self":[{"href":"https:\/\/tinacrystals.com\/sq\/wp-json\/wp\/v2\/product\/5974","targetHints":{"allow":["GET"]}}],"collection":[{"href":"https:\/\/tinacrystals.com\/sq\/wp-json\/wp\/v2\/product"}],"about":[{"href":"https:\/\/tinacrystals.com\/sq\/wp-json\/wp\/v2\/types\/product"}],"replies":[{"embeddable":true,"href":"https:\/\/tinacrystals.com\/sq\/wp-json\/wp\/v2\/comments?post=5974"}],"wp:featuredmedia":[{"embeddable":true,"href":"https:\/\/tinacrystals.com\/sq\/wp-json\/wp\/v2\/media\/5959"}],"wp:attachment":[{"href":"https:\/\/tinacrystals.com\/sq\/wp-json\/wp\/v2\/media?parent=5974"}],"wp:term":[{"taxonomy":"product_brand","embeddable":true,"href":"https:\/\/tinacrystals.com\/sq\/wp-json\/wp\/v2\/product_brand?post=5974"},{"taxonomy":"product_cat","embeddable":true,"href":"https:\/\/tinacrystals.com\/sq\/wp-json\/wp\/v2\/product_cat?post=5974"},{"taxonomy":"product_tag","embeddable":true,"href":"https:\/\/tinacrystals.com\/sq\/wp-json\/wp\/v2\/product_tag?post=5974"}],"curies":[{"name":"wp","href":"https:\/\/api.w.org\/{rel}","templated":true}]}}