{"id":5980,"date":"2022-01-15T15:09:52","date_gmt":"2022-01-15T15:09:52","guid":{"rendered":"http:\/\/tinacrystals.com\/?post_type=product&#038;p=5980"},"modified":"2022-05-11T13:59:48","modified_gmt":"2022-05-11T11:59:48","slug":"kuq-kuarc-stilolaps","status":"publish","type":"product","link":"https:\/\/tinacrystals.com\/sq\/product\/kuq-kuarc-stilolaps\/","title":{"rendered":"Kuarci Kuq\u00eb Stilolaps"},"content":{"rendered":"<p><strong>Roz\u00eb Kuarc &#8211; Stilolaps<\/strong><\/p>\n<p><span style=\"font-weight: 400;\">Kuarci i Kuq \u00ebsht\u00eb nj\u00eb kristal i mrekulluesh\u00ebm q\u00eb ka veti t\u00eb shumta q\u00eb mund t&#8217;ju ndihmojn\u00eb n\u00eb t\u00eb gjitha aspektet e jet\u00ebs suaj. Konsiderohet kryesisht si nj\u00eb gur miq\u00ebsie dhe dashurie, sepse forcon marr\u00ebdh\u00ebniet tuaja me miqt\u00eb duke hequr \u00e7do gj\u00eb negative mes jush.<\/span><\/p>\n<p><span style=\"font-weight: 400;\">Nuancat e ndryshme t\u00eb s\u00eb kuqes q\u00eb ka kristali do t&#8217;ju rrisin vitalitetin dhe do t&#8217;ju balancojn\u00eb emocionalisht, fizikisht dhe shpirt\u00ebrisht. Gjithashtu do t\u00eb vibroj\u00eb ndjenjat e qet\u00ebsis\u00eb, n\u00ebse \u00ebsht\u00eb e nevojshme do t&#8217;ju sh\u00ebroj\u00eb dhe do t\u00eb largoj\u00eb \u00e7do stres, ankth ose depresion q\u00eb mund t\u00eb keni.<\/span><\/p>\n<p><b>\u00c7akra:<\/b><\/p>\n<p><span style=\"font-weight: 400;\">-Sakral<\/span><\/p>\n<p><b>Horoskopi:<\/b><\/p>\n<p><span style=\"font-weight: 400;\">Sh\u00ebnim: Kristali lidhet me t\u00eb gjith\u00eb zodiak\u00ebt, por \u00ebsht\u00eb m\u00eb efektiv me:<\/span><\/p>\n<p><span style=\"font-weight: 400;\">&#8211; Dashi<\/span><\/p>\n<p><span style=\"font-weight: 400;\">-Luani<\/span><\/p>\n<p><span style=\"font-weight: 400;\">-Shigjetari<\/span><\/p>\n","protected":false},"excerpt":{"rendered":"<p>Roz\u00eb Kuarc &#8211; Stilolaps Kuarci i Kuq \u00ebsht\u00eb nj\u00eb kristal i mrekulluesh\u00ebm q\u00eb ka veti t\u00eb shumta q\u00eb mund t&#8217;ju ndihmojn\u00eb n\u00eb t\u00eb gjitha aspektet e<span class=\"excerpt-hellip\"> [\u2026]<\/span><\/p>\n","protected":false},"featured_media":5953,"comment_status":"open","ping_status":"closed","template":"","meta":[],"product_brand":[],"product_cat":[2067,2405,2372,2079,2139,1594,2293,2094,2087,2343,2384,2071,2092,26,2784,2089,2185,2130,2080,2081,2075,2136,2082,2785,2093,2302,2066],"product_tag":[],"class_list":{"0":"post-5980","1":"product","2":"type-product","3":"status-publish","4":"has-post-thumbnail","6":"product_cat-aries","7":"product_cat-blej-sipas","8":"product_cat-blej-sipas-ngjyres","9":"product_cat-buy-by-chakra-zone","10":"product_cat-shop-by-color","11":"product_cat-decorations","12":"product_cat-decorations-sq","13":"product_cat-gemstones","14":"product_cat-intentions","15":"product_cat-kuarci-i-kuq","16":"product_cat-kuq","17":"product_cat-leo","18":"product_cat-luck-success","19":"product_cat-other","20":"product_cat-pens","21":"product_cat-protection-peace","22":"product_cat-red","23":"product_cat-red-quartz","24":"product_cat-root","25":"product_cat-sacral","26":"product_cat-sagittarius","27":"product_cat-shop-by","28":"product_cat-solar-plexus","29":"product_cat-stilolapsa","30":"product_cat-strenght-stability","31":"product_cat-tjera","32":"product_cat-zodiac-signs","34":"first","35":"outofstock","36":"shipping-taxable","37":"purchasable","38":"product-type-simple"},"_links":{"self":[{"href":"https:\/\/tinacrystals.com\/sq\/wp-json\/wp\/v2\/product\/5980","targetHints":{"allow":["GET"]}}],"collection":[{"href":"https:\/\/tinacrystals.com\/sq\/wp-json\/wp\/v2\/product"}],"about":[{"href":"https:\/\/tinacrystals.com\/sq\/wp-json\/wp\/v2\/types\/product"}],"replies":[{"embeddable":true,"href":"https:\/\/tinacrystals.com\/sq\/wp-json\/wp\/v2\/comments?post=5980"}],"wp:featuredmedia":[{"embeddable":true,"href":"https:\/\/tinacrystals.com\/sq\/wp-json\/wp\/v2\/media\/5953"}],"wp:attachment":[{"href":"https:\/\/tinacrystals.com\/sq\/wp-json\/wp\/v2\/media?parent=5980"}],"wp:term":[{"taxonomy":"product_brand","embeddable":true,"href":"https:\/\/tinacrystals.com\/sq\/wp-json\/wp\/v2\/product_brand?post=5980"},{"taxonomy":"product_cat","embeddable":true,"href":"https:\/\/tinacrystals.com\/sq\/wp-json\/wp\/v2\/product_cat?post=5980"},{"taxonomy":"product_tag","embeddable":true,"href":"https:\/\/tinacrystals.com\/sq\/wp-json\/wp\/v2\/product_tag?post=5980"}],"curies":[{"name":"wp","href":"https:\/\/api.w.org\/{rel}","templated":true}]}}