{"id":5983,"date":"2022-01-15T15:09:53","date_gmt":"2022-01-15T15:09:54","guid":{"rendered":"http:\/\/tinacrystals.com\/?post_type=product&#038;p=5983"},"modified":"2022-05-11T14:01:14","modified_gmt":"2022-05-11T12:01:14","slug":"kuarc-kuq-stilolaps","status":"publish","type":"product","link":"https:\/\/tinacrystals.com\/sq\/product\/kuarc-kuq-stilolaps\/","title":{"rendered":"Kuarc i Kuq\u00eb Stilolaps"},"content":{"rendered":"<p><b>HOROSKOPI<\/b><span style=\"font-weight: 400;\">: Dashi, Akrepi, Virgj\u00ebresha<\/span><\/p>\n<p><b>CHAKRA<\/b><span style=\"font-weight: 400;\">: Rr\u00ebnja, sakrale<\/span><\/p>\n<p><span style=\"font-weight: 400;\">Ndonj\u00ebher\u00eb ndryshimi nuk \u00ebsht\u00eb i leht\u00eb. Shfaqen shum\u00eb probleme dhe ky gur i bukur \u00ebsht\u00eb k\u00ebtu p\u00ebr t&#8217;ju ndihmuar t\u00eb gjeni zgjidhje.<\/span><\/p>\n<p><em><b>Sh\u00ebrimi shpirt\u00ebror:<\/b><\/em><\/p>\n<p><span style=\"font-weight: 400;\">Kuarzi i Kuq p\u00ebrshtatet me shpesht\u00ebsin\u00eb e drejt\u00ebsis\u00eb dhe ofron ndihm\u00eb p\u00ebr k\u00ebdo q\u00eb p\u00ebrpiqet t\u00eb korrigjoj\u00eb nj\u00eb situat\u00eb t\u00eb padrejt\u00eb.<\/span><\/p>\n<p><span style=\"font-weight: 400;\">Ofron njohuri p\u00ebr m\u00ebnyr\u00ebn m\u00eb t\u00eb mir\u00eb p\u00ebr ta arritur k\u00ebt\u00eb dhe ndihmon n\u00eb nxjerrjen n\u00eb drit\u00eb t\u00eb problemeve t\u00eb ardhshme p\u00ebrpara se ato t\u00eb b\u00ebhen shum\u00eb t\u00eb m\u00ebdha.<\/span><\/p>\n<p><em><b>Sh\u00ebrimi fizik:<\/b><\/em><\/p>\n<p><span style=\"font-weight: 400;\">P\u00ebr shkak t\u00eb aft\u00ebsis\u00eb s\u00eb tij p\u00ebr t\u00eb ndihmuar n\u00eb gjenerimin e indeve t\u00eb muskujve, ky kristal mund t\u00eb jet\u00eb i dobish\u00ebm n\u00eb ngritjen e peshave dhe nd\u00ebrtimin e trupit, dhe p\u00ebr t\u00eb rritur efektet e ushtrimeve.<\/span><\/p>\n<p><span style=\"font-weight: 400;\">Largon epilepsin\u00eb, dhe gjithashtu mund t\u00eb p\u00ebrdoret p\u00ebr t\u00eb trajtuar humbjen shqisore t\u00eb nuhatjes.<\/span><\/p>\n<p><span style=\"font-weight: 400;\">Ai forcon zemr\u00ebn dhe p\u00ebrmir\u00ebson qarkullimin, dhe mund t\u00eb jet\u00eb i dobish\u00ebm n\u00eb trajtimin e anemis\u00eb, dhe s\u00ebmundjeve t\u00eb zemr\u00ebs.<\/span><\/p>\n<p><em><b>Sh\u00ebrimi emocional:<\/b><\/em><\/p>\n<p><span style=\"font-weight: 400;\">Kuarzi i kuq \u00ebsht\u00eb nj\u00eb kujtes\u00eb e ndritshme, e prekshme dhe nj\u00eb nd\u00ebrtues i madh besimi.<\/span><\/p>\n<p><span style=\"font-weight: 400;\">Mund t\u00eb riaktivizoj\u00eb nj\u00eb pasion p\u00ebr t\u00eb jetuar kur dikush ndihet keq ose joemocional, apatik ose i vdekur shpirt\u00ebrisht.<\/span><\/p>\n<p><em><b>Pastroni dhe rimbushni:<\/b><\/em><\/p>\n<p><span style=\"font-weight: 400;\">M\u00ebnyra m\u00eb e leht\u00eb p\u00ebr t\u00eb pastruar xhasperin tuaj t\u00eb kuq \u00ebsht\u00eb larja me uj\u00eb t\u00eb vak\u00ebt p\u00ebr 3-5 minuta.<\/span><\/p>\n<p><span style=\"font-weight: 400;\">Rimbushja: Kaloni xhasperin e kuq p\u00ebrmes flak\u00ebs s\u00eb nj\u00eb qiri t\u00eb kuq.<\/span><\/p>\n","protected":false},"excerpt":{"rendered":"<p>HOROSKOPI: Dashi, Akrepi, Virgj\u00ebresha CHAKRA: Rr\u00ebnja, sakrale Ndonj\u00ebher\u00eb ndryshimi nuk \u00ebsht\u00eb i leht\u00eb. Shfaqen shum\u00eb probleme dhe ky gur i bukur \u00ebsht\u00eb k\u00ebtu p\u00ebr t&#8217;ju ndihmuar<span class=\"excerpt-hellip\"> [\u2026]<\/span><\/p>\n","protected":false},"featured_media":5950,"comment_status":"open","ping_status":"closed","template":"","meta":[],"product_brand":[],"product_cat":[2369,2067,2385,2405,2372,2079,2139,2361,1594,2293,2094,2088,2087,2343,2384,2310,2353,26,2784,2185,2130,2080,2305,2081,2306,2074,2359,2136,2352,2785,2302,2371,2072,2189,2066,2404],"product_tag":[],"class_list":{"0":"post-5983","1":"product","2":"type-product","3":"status-publish","4":"has-post-thumbnail","6":"product_cat-akrepi-sq","7":"product_cat-aries","8":"product_cat-bardhe","9":"product_cat-blej-sipas","10":"product_cat-blej-sipas-ngjyres","11":"product_cat-buy-by-chakra-zone","12":"product_cat-shop-by-color","13":"product_cat-dashi","14":"product_cat-decorations","15":"product_cat-decorations-sq","16":"product_cat-gemstones","17":"product_cat-happines-confidence","18":"product_cat-intentions","19":"product_cat-kuarci-i-kuq","20":"product_cat-kuq","21":"product_cat-llojet-e-gurve-te-cmuar","22":"product_cat-lumturi-vetebesim","23":"product_cat-other","24":"product_cat-pens","25":"product_cat-red","26":"product_cat-red-quartz","27":"product_cat-root","28":"product_cat-rrenja","29":"product_cat-sacral","30":"product_cat-sakrale","31":"product_cat-scorpio","32":"product_cat-shenjat-e-horoskopit","33":"product_cat-shop-by","34":"product_cat-qellim","35":"product_cat-stilolapsa","36":"product_cat-tjera","37":"product_cat-virgjersha","38":"product_cat-virgo","39":"product_cat-white","40":"product_cat-zodiac-signs","41":"product_cat-zona-e-cakres","43":"first","44":"outofstock","45":"shipping-taxable","46":"purchasable","47":"product-type-simple"},"_links":{"self":[{"href":"https:\/\/tinacrystals.com\/sq\/wp-json\/wp\/v2\/product\/5983","targetHints":{"allow":["GET"]}}],"collection":[{"href":"https:\/\/tinacrystals.com\/sq\/wp-json\/wp\/v2\/product"}],"about":[{"href":"https:\/\/tinacrystals.com\/sq\/wp-json\/wp\/v2\/types\/product"}],"replies":[{"embeddable":true,"href":"https:\/\/tinacrystals.com\/sq\/wp-json\/wp\/v2\/comments?post=5983"}],"wp:featuredmedia":[{"embeddable":true,"href":"https:\/\/tinacrystals.com\/sq\/wp-json\/wp\/v2\/media\/5950"}],"wp:attachment":[{"href":"https:\/\/tinacrystals.com\/sq\/wp-json\/wp\/v2\/media?parent=5983"}],"wp:term":[{"taxonomy":"product_brand","embeddable":true,"href":"https:\/\/tinacrystals.com\/sq\/wp-json\/wp\/v2\/product_brand?post=5983"},{"taxonomy":"product_cat","embeddable":true,"href":"https:\/\/tinacrystals.com\/sq\/wp-json\/wp\/v2\/product_cat?post=5983"},{"taxonomy":"product_tag","embeddable":true,"href":"https:\/\/tinacrystals.com\/sq\/wp-json\/wp\/v2\/product_tag?post=5983"}],"curies":[{"name":"wp","href":"https:\/\/api.w.org\/{rel}","templated":true}]}}