{"id":6056,"date":"2022-01-17T08:44:26","date_gmt":"2022-01-17T08:44:27","guid":{"rendered":"http:\/\/tinacrystals.com\/?post_type=product&#038;p=6056"},"modified":"2022-05-11T13:58:09","modified_gmt":"2022-05-11T11:58:09","slug":"lapis-lazuli-stilolaps","status":"publish","type":"product","link":"https:\/\/tinacrystals.com\/sq\/product\/lapis-lazuli-stilolaps\/","title":{"rendered":"Lapis Lazul Stilolaps"},"content":{"rendered":"<p>Lapis Lazul &#8211; Stilolaps<\/p>\n<p><span style=\"font-weight: 400;\">I njohur si guri i men\u00e7uris\u00eb, ky gur i \u00e7muar \u00ebsht\u00eb nj\u00eb aktivizues v\u00ebrtet i fuqish\u00ebm i syrit t\u00eb tret\u00eb. Disa nga p\u00ebrfitimet e tij sh\u00ebruese p\u00ebrfshijn\u00eb leht\u00ebsimin e stresit, leht\u00ebsimin e ankthit, ju ndihmon t\u00eb vet\u00eb-aktualizoheni, rritni vet\u00ebdijen dhe vete-besimin tuaj, ndihmon n\u00eb pagjum\u00ebsi, ndihmon me depresionin dhe ndihmon sh\u00ebndetin tuaj t\u00eb p\u00ebrgjithsh\u00ebm ose ndonj\u00eb problem q\u00eb mund t\u00eb keni.<\/span><\/p>\n<p><b>\u00c7akra:<\/b><\/p>\n<p><span style=\"font-weight: 400;\">-Syri i tret\u00eb<\/span><\/p>\n<p><span style=\"font-weight: 400;\">-Kurora<\/span><\/p>\n<p><span style=\"font-weight: 400;\">-Fyt<\/span><\/p>\n<p><b>Zodiaku:<\/b><span style=\"font-weight: 400;\">\u00a0<\/span><\/p>\n<p><span style=\"font-weight: 400;\">Shigjetari<\/span><\/p>\n","protected":false},"excerpt":{"rendered":"<p>Lapis Lazul &#8211; Stilolaps I njohur si guri i men\u00e7uris\u00eb, ky gur i \u00e7muar \u00ebsht\u00eb nj\u00eb aktivizues v\u00ebrtet i fuqish\u00ebm i syrit t\u00eb tret\u00eb. Disa nga<span class=\"excerpt-hellip\"> [\u2026]<\/span><\/p>\n","protected":false},"featured_media":5947,"comment_status":"open","ping_status":"closed","template":"","meta":[],"product_brand":[],"product_cat":[2385,2405,2372,2374,2188,2079,2139,1594,2293,2309,2094,2088,2090,2087,2097,2328,2310,2353,26,2784,2075,2354,2359,2368,2136,2352,2785,2308,2085,2084,2302,2371,2072,2189,2066,2404],"product_tag":[],"class_list":{"0":"post-6056","1":"product","2":"type-product","3":"status-publish","4":"has-post-thumbnail","6":"product_cat-bardhe","7":"product_cat-blej-sipas","8":"product_cat-blej-sipas-ngjyres","9":"product_cat-blu","10":"product_cat-blue","11":"product_cat-buy-by-chakra-zone","12":"product_cat-shop-by-color","13":"product_cat-decorations","14":"product_cat-decorations-sq","15":"product_cat-fyti","16":"product_cat-gemstones","17":"product_cat-happines-confidence","18":"product_cat-health-balance","19":"product_cat-intentions","20":"product_cat-lapis-lazuli","21":"product_cat-lapis-lazuli-sq","22":"product_cat-llojet-e-gurve-te-cmuar","23":"product_cat-lumturi-vetebesim","24":"product_cat-other","25":"product_cat-pens","26":"product_cat-sagittarius","27":"product_cat-shendet-balans","28":"product_cat-shenjat-e-horoskopit","29":"product_cat-shigjetari","30":"product_cat-shop-by","31":"product_cat-qellim","32":"product_cat-stilolapsa","33":"product_cat-syri-i-trete","34":"product_cat-third-eye","35":"product_cat-throat","36":"product_cat-tjera","37":"product_cat-virgjersha","38":"product_cat-virgo","39":"product_cat-white","40":"product_cat-zodiac-signs","41":"product_cat-zona-e-cakres","43":"first","44":"outofstock","45":"shipping-taxable","46":"purchasable","47":"product-type-simple"},"_links":{"self":[{"href":"https:\/\/tinacrystals.com\/sq\/wp-json\/wp\/v2\/product\/6056","targetHints":{"allow":["GET"]}}],"collection":[{"href":"https:\/\/tinacrystals.com\/sq\/wp-json\/wp\/v2\/product"}],"about":[{"href":"https:\/\/tinacrystals.com\/sq\/wp-json\/wp\/v2\/types\/product"}],"replies":[{"embeddable":true,"href":"https:\/\/tinacrystals.com\/sq\/wp-json\/wp\/v2\/comments?post=6056"}],"wp:featuredmedia":[{"embeddable":true,"href":"https:\/\/tinacrystals.com\/sq\/wp-json\/wp\/v2\/media\/5947"}],"wp:attachment":[{"href":"https:\/\/tinacrystals.com\/sq\/wp-json\/wp\/v2\/media?parent=6056"}],"wp:term":[{"taxonomy":"product_brand","embeddable":true,"href":"https:\/\/tinacrystals.com\/sq\/wp-json\/wp\/v2\/product_brand?post=6056"},{"taxonomy":"product_cat","embeddable":true,"href":"https:\/\/tinacrystals.com\/sq\/wp-json\/wp\/v2\/product_cat?post=6056"},{"taxonomy":"product_tag","embeddable":true,"href":"https:\/\/tinacrystals.com\/sq\/wp-json\/wp\/v2\/product_tag?post=6056"}],"curies":[{"name":"wp","href":"https:\/\/api.w.org\/{rel}","templated":true}]}}