{"id":6071,"date":"2022-01-17T09:17:00","date_gmt":"2022-01-17T09:17:01","guid":{"rendered":"http:\/\/tinacrystals.com\/?post_type=product&#038;p=6071"},"modified":"2022-05-11T13:57:40","modified_gmt":"2022-05-11T11:57:40","slug":"garnet-stilolaps-copy","status":"publish","type":"product","link":"https:\/\/tinacrystals.com\/sq\/product\/garnet-stilolaps-copy\/","title":{"rendered":"Garnet Stilolaps"},"content":{"rendered":"<p><strong>HOROSKOPI<\/strong>: Bricjapi, Luani, Virgj\u00ebresha, Ujori<br \/>\n<strong>CHAKRA<\/strong>: Rr\u00ebnja<\/p>\n<p>Garneti njihet si guri i pasionit. Ju ndihmon t\u00eb shnd\u00ebrroheni n\u00eb personin q\u00eb d\u00ebshironi t\u00eb jeni v\u00ebrtet.<\/p>\n<p><strong><br \/>\n<em>Sh\u00ebrimi shpirt\u00ebror:<\/em><\/strong><\/p>\n<p>Garneti \u00ebsht\u00eb nj\u00eb kristal shume i pasur me veti sh\u00ebruese. P\u00ebr ata q\u00eb kan\u00eb nevoj\u00eb p\u00ebr pushim n\u00eb shpirt, ky kristal \u00ebsht\u00eb k\u00ebtu p\u00ebr t&#8217;ju ndihmuar!<\/p>\n<p>Nj\u00eb nga dhuratat kryesore shpirt\u00ebrore q\u00eb merrni nga ky kristal \u00ebsht\u00eb forca e tok\u00ebzimit nga \u00e7akra juaj rr\u00ebnj\u00ebsore.<\/p>\n<p><strong><br \/>\n<em>Sh\u00ebrimi fizik:<\/em><\/strong><\/p>\n<p>Garnet nuk ka frik\u00eb t\u00eb ndez\u00eb nj\u00eb zjarr n\u00eb jet\u00ebn tuaj, t\u00eb sjell\u00eb energji dhe t&#8217;ju ndihmoj\u00eb t\u00eb ndiheni gati p\u00ebr t\u00eb k\u00ebrkuar at\u00eb q\u00eb d\u00ebshironi dhe keni nevoj\u00eb.<\/p>\n<p>\u00cbsht\u00eb nj\u00eb kristal q\u00eb d\u00ebshiron t\u00eb mbaj\u00eb gjakun tuaj t\u00eb rrjedh\u00eb, zemr\u00ebn tuaj t\u00eb rrah\u00eb dhe metabolizmin tuaj t\u00eb funksionoj\u00eb n\u00eb m\u00ebnyr\u00ebn m\u00eb t\u00eb mir\u00eb.<\/p>\n<p><strong><br \/>\n<em>Sh\u00ebrimi emocional:<\/em><\/strong><\/p>\n<p>Ky ju mban larg nga \u00e7rregullimet emocionale duke siguruar q\u00eb vet\u00ebvler\u00ebsimi juaj t\u00eb jet\u00eb mjaft i lart\u00eb p\u00ebr t\u00eb b\u00ebr\u00eb zgjedhje t\u00eb sh\u00ebndetshme dhe q\u00eb t&#8217;i qaseni jet\u00ebs nga nj\u00eb k\u00ebndv\u00ebshtrim pozitiv.<\/p>\n<p>Garnet e v\u00eb n\u00eb kontakt instinktin tuaj t\u00eb mbijetes\u00ebs, duke siguruar q\u00eb pavar\u00ebsisht se \u00e7far\u00eb telashe po krijohet, t\u00eb jeni n\u00eb form\u00ebn m\u00eb t\u00eb mire p\u00ebr tu gjindur.<\/p>\n<p><strong><br \/>\n<em>Pastroni dhe rimbushni:<\/em><\/strong><\/p>\n<p>Pastrimi i Garnetit tuaj \u00ebsht\u00eb nj\u00eb m\u00ebnyr\u00eb e thjesht\u00eb! Mund t\u00eb p\u00ebrdorni pak uj\u00eb me sapun dhe sigurohuni q\u00eb uji t\u00eb mos jet\u00eb shum\u00eb i nxeht\u00eb, sepse Garneti sjell ngroht\u00ebsin\u00eb e vet.<\/p>\n<p>P\u00ebr t\u00eb rimbushur Garnetin tuaj, mund ta vendosni mbi nj\u00eb grup kristalesh.<\/p>\n","protected":false},"excerpt":{"rendered":"<p>HOROSKOPI: Bricjapi, Luani, Virgj\u00ebresha, Ujori CHAKRA: Rr\u00ebnja Garneti njihet si guri i pasionit. Ju ndihmon t\u00eb shnd\u00ebrroheni n\u00eb personin q\u00eb d\u00ebshironi t\u00eb jeni v\u00ebrtet. Sh\u00ebrimi shpirt\u00ebror:<span class=\"excerpt-hellip\"> [\u2026]<\/span><\/p>\n","protected":false},"featured_media":5935,"comment_status":"open","ping_status":"closed","template":"","meta":[],"product_brand":[],"product_cat":[2405,2372,2363,2355,2612,2384,2310,2365,2357,2305,2359,2352,2785,2302,2360,2371,2404],"product_tag":[],"class_list":{"0":"post-6071","1":"product","2":"type-product","3":"status-publish","4":"has-post-thumbnail","6":"product_cat-blej-sipas","7":"product_cat-blej-sipas-ngjyres","8":"product_cat-bricjapi","9":"product_cat-dashuri-harmoni","10":"product_cat-garnet-sq","11":"product_cat-kuq","12":"product_cat-llojet-e-gurve-te-cmuar","13":"product_cat-luani","14":"product_cat-mbrotje-paqe","15":"product_cat-rrenja","16":"product_cat-shenjat-e-horoskopit","17":"product_cat-qellim","18":"product_cat-stilolapsa","19":"product_cat-tjera","20":"product_cat-ujori","21":"product_cat-virgjersha","22":"product_cat-zona-e-cakres","24":"first","25":"outofstock","26":"shipping-taxable","27":"purchasable","28":"product-type-simple"},"_links":{"self":[{"href":"https:\/\/tinacrystals.com\/sq\/wp-json\/wp\/v2\/product\/6071","targetHints":{"allow":["GET"]}}],"collection":[{"href":"https:\/\/tinacrystals.com\/sq\/wp-json\/wp\/v2\/product"}],"about":[{"href":"https:\/\/tinacrystals.com\/sq\/wp-json\/wp\/v2\/types\/product"}],"replies":[{"embeddable":true,"href":"https:\/\/tinacrystals.com\/sq\/wp-json\/wp\/v2\/comments?post=6071"}],"wp:featuredmedia":[{"embeddable":true,"href":"https:\/\/tinacrystals.com\/sq\/wp-json\/wp\/v2\/media\/5935"}],"wp:attachment":[{"href":"https:\/\/tinacrystals.com\/sq\/wp-json\/wp\/v2\/media?parent=6071"}],"wp:term":[{"taxonomy":"product_brand","embeddable":true,"href":"https:\/\/tinacrystals.com\/sq\/wp-json\/wp\/v2\/product_brand?post=6071"},{"taxonomy":"product_cat","embeddable":true,"href":"https:\/\/tinacrystals.com\/sq\/wp-json\/wp\/v2\/product_cat?post=6071"},{"taxonomy":"product_tag","embeddable":true,"href":"https:\/\/tinacrystals.com\/sq\/wp-json\/wp\/v2\/product_tag?post=6071"}],"curies":[{"name":"wp","href":"https:\/\/api.w.org\/{rel}","templated":true}]}}