{"id":6171,"date":"2022-01-17T10:58:32","date_gmt":"2022-01-17T10:58:32","guid":{"rendered":"http:\/\/tinacrystals.com\/product\/syri-i-verdhe-i-maces-varse\/"},"modified":"2022-06-02T09:29:20","modified_gmt":"2022-06-02T07:29:20","slug":"syri-i-verdhe-i-maces-varse","status":"publish","type":"product","link":"https:\/\/tinacrystals.com\/sq\/product\/syri-i-verdhe-i-maces-varse\/","title":{"rendered":"Syri i Verdh\u00eb i Mac\u00ebs Pendulum"},"content":{"rendered":"<p><strong>Varse nga Syri i Verdh\u00eb i Mac\u00ebs<\/strong><\/p>\n<p><span style=\"font-weight: 400;\">Guri i syve t\u00eb maces rrit fuqit\u00eb shpirt\u00ebrore dhe personale. Dihet se \u00ebsht\u00eb nj\u00eb gur i fatit, largon energjin\u00eb negative dhe ju sjell energji pozitive.<\/span><\/p>\n<p><span style=\"font-weight: 400;\">Ju frym\u00ebzon t\u00eb veproni me mir\u00ebsi dhe dhembshuri ndaj t\u00eb tjer\u00ebve.<\/span><\/p>\n<p><b>Chakra<\/b><span style=\"font-weight: 400;\">:<\/span><\/p>\n<p><span style=\"font-weight: 400;\">Zemra<\/span><\/p>\n<p><span style=\"font-weight: 400;\">Pleksus diellor<\/span><\/p>\n<p><b>Horoskopi<\/b><span style=\"font-weight: 400;\">:<\/span><\/p>\n<p><span style=\"font-weight: 400;\">Bricjapi<\/span><\/p>\n","protected":false},"excerpt":{"rendered":"<p>Dimenzioni 35mmx8mm<\/p>\n","protected":false},"featured_media":6169,"comment_status":"open","ping_status":"closed","template":"","meta":[],"product_brand":[],"product_cat":[2292,2405,2372,2363,2356,2310,2423,2424,2307,2395,2359,2352,2826,2386,2304,2404],"product_tag":[],"class_list":{"0":"post-6171","1":"product","2":"type-product","3":"status-publish","4":"has-post-thumbnail","6":"product_cat-crystal-jewelry-sq","7":"product_cat-blej-sipas","8":"product_cat-blej-sipas-ngjyres","9":"product_cat-bricjapi","10":"product_cat-fat-sukses","11":"product_cat-llojet-e-gurve-te-cmuar","12":"product_cat-pendulume-sq","13":"product_cat-pendulume-te-vogla","14":"product_cat-pleksusi-diellor","15":"product_cat-pendant-sq","16":"product_cat-shenjat-e-horoskopit","17":"product_cat-qellim","18":"product_cat-syri-i-maces","19":"product_cat-verdhe","20":"product_cat-zemra","21":"product_cat-zona-e-cakres","23":"first","24":"outofstock","25":"shipping-taxable","26":"purchasable","27":"product-type-simple"},"_links":{"self":[{"href":"https:\/\/tinacrystals.com\/sq\/wp-json\/wp\/v2\/product\/6171","targetHints":{"allow":["GET"]}}],"collection":[{"href":"https:\/\/tinacrystals.com\/sq\/wp-json\/wp\/v2\/product"}],"about":[{"href":"https:\/\/tinacrystals.com\/sq\/wp-json\/wp\/v2\/types\/product"}],"replies":[{"embeddable":true,"href":"https:\/\/tinacrystals.com\/sq\/wp-json\/wp\/v2\/comments?post=6171"}],"wp:featuredmedia":[{"embeddable":true,"href":"https:\/\/tinacrystals.com\/sq\/wp-json\/wp\/v2\/media\/6169"}],"wp:attachment":[{"href":"https:\/\/tinacrystals.com\/sq\/wp-json\/wp\/v2\/media?parent=6171"}],"wp:term":[{"taxonomy":"product_brand","embeddable":true,"href":"https:\/\/tinacrystals.com\/sq\/wp-json\/wp\/v2\/product_brand?post=6171"},{"taxonomy":"product_cat","embeddable":true,"href":"https:\/\/tinacrystals.com\/sq\/wp-json\/wp\/v2\/product_cat?post=6171"},{"taxonomy":"product_tag","embeddable":true,"href":"https:\/\/tinacrystals.com\/sq\/wp-json\/wp\/v2\/product_tag?post=6171"}],"curies":[{"name":"wp","href":"https:\/\/api.w.org\/{rel}","templated":true}]}}