{"id":6175,"date":"2022-01-17T11:06:55","date_gmt":"2022-01-17T11:06:56","guid":{"rendered":"http:\/\/tinacrystals.com\/?post_type=product&#038;p=6175"},"modified":"2022-06-02T09:25:32","modified_gmt":"2022-06-02T07:25:32","slug":"agati-bardhe-varse","status":"publish","type":"product","link":"https:\/\/tinacrystals.com\/sq\/product\/agati-bardhe-varse\/","title":{"rendered":"Agat i Bardh\u00eb Pendulum"},"content":{"rendered":"<p><strong>Agat i Bardh\u00eb &#8211; Varse<\/strong><\/p>\n<p><span style=\"font-weight: 400;\">Agati i bardh\u00eb pastron mendjen tuaj nga ajo q\u00eb nuk ju nevojitet ose nuk \u00ebsht\u00eb e nevojshme, inkurajon qart\u00ebsin\u00eb e mendjes. \u00cbsht\u00eb nj\u00eb gur i \u00e7muar q\u00eb hap nj\u00eb zem\u00ebr t\u00eb mbyllur, t\u00eb b\u00ebn m\u00eb t\u00eb vet\u00ebdijsh\u00ebm p\u00ebr t\u00eb tashmen dhe njer\u00ebzit rreth teje. Filloni t\u00eb b\u00ebheni m\u00eb t\u00eb lumtur dhe m\u00eb pozitiv\u00eb.<\/span><\/p>\n<p><span style=\"font-weight: 400;\">Gjithashtu sjell harmoni n\u00eb dit\u00ebt stresuese, leht\u00ebson komplikimet dhe shqet\u00ebsimet nga ju gjat\u00eb shtatz\u00ebnis\u00eb.<\/span><\/p>\n<p><b>Si t\u00eb pastroni kristalin?<\/b><\/p>\n<p><span style=\"font-weight: 400;\">-P\u00ebr shkak se ky \u00ebsht\u00eb nj\u00eb gur i fort\u00eb, mund ta pastroni dhe rikarikoni duke e mbajtur n\u00ebn drit\u00ebn e h\u00ebn\u00ebs gjat\u00eb nat\u00ebs, sigurohuni q\u00eb ta hiqni gurin n\u00eb m\u00ebngjes p\u00ebrpara se rrezet e diellit t\u00eb fillojn\u00eb t\u00eb prekin gurin.<\/span><\/p>\n<p><b>\u00c7akra:<\/b><\/p>\n<p><span style=\"font-weight: 400;\">Kuror\u00eb<\/span><\/p>\n<p><b>Horoskopi:<\/b><\/p>\n<p><span style=\"font-weight: 400;\">Binjak\u00ebt<\/span><\/p>\n","protected":false},"excerpt":{"rendered":"<p>Dimenzioni 35mmx8mm<\/p>\n","protected":false},"featured_media":6166,"comment_status":"open","ping_status":"closed","template":"","meta":[],"product_brand":[],"product_cat":[2401,2385,2364,2292,2405,2372,2355,2303,2310,2423,2424,2395,2359,2352,2404],"product_tag":[],"class_list":{"0":"post-6175","1":"product","2":"type-product","3":"status-publish","4":"has-post-thumbnail","6":"product_cat-agate-sq","7":"product_cat-bardhe","8":"product_cat-binjaket","9":"product_cat-crystal-jewelry-sq","10":"product_cat-blej-sipas","11":"product_cat-blej-sipas-ngjyres","12":"product_cat-dashuri-harmoni","13":"product_cat-kurora","14":"product_cat-llojet-e-gurve-te-cmuar","15":"product_cat-pendulume-sq","16":"product_cat-pendulume-te-vogla","17":"product_cat-pendant-sq","18":"product_cat-shenjat-e-horoskopit","19":"product_cat-qellim","20":"product_cat-zona-e-cakres","22":"first","23":"instock","24":"shipping-taxable","25":"purchasable","26":"product-type-simple"},"_links":{"self":[{"href":"https:\/\/tinacrystals.com\/sq\/wp-json\/wp\/v2\/product\/6175","targetHints":{"allow":["GET"]}}],"collection":[{"href":"https:\/\/tinacrystals.com\/sq\/wp-json\/wp\/v2\/product"}],"about":[{"href":"https:\/\/tinacrystals.com\/sq\/wp-json\/wp\/v2\/types\/product"}],"replies":[{"embeddable":true,"href":"https:\/\/tinacrystals.com\/sq\/wp-json\/wp\/v2\/comments?post=6175"}],"wp:featuredmedia":[{"embeddable":true,"href":"https:\/\/tinacrystals.com\/sq\/wp-json\/wp\/v2\/media\/6166"}],"wp:attachment":[{"href":"https:\/\/tinacrystals.com\/sq\/wp-json\/wp\/v2\/media?parent=6175"}],"wp:term":[{"taxonomy":"product_brand","embeddable":true,"href":"https:\/\/tinacrystals.com\/sq\/wp-json\/wp\/v2\/product_brand?post=6175"},{"taxonomy":"product_cat","embeddable":true,"href":"https:\/\/tinacrystals.com\/sq\/wp-json\/wp\/v2\/product_cat?post=6175"},{"taxonomy":"product_tag","embeddable":true,"href":"https:\/\/tinacrystals.com\/sq\/wp-json\/wp\/v2\/product_tag?post=6175"}],"curies":[{"name":"wp","href":"https:\/\/api.w.org\/{rel}","templated":true}]}}