{"id":6217,"date":"2022-01-18T08:49:58","date_gmt":"2022-01-18T08:49:59","guid":{"rendered":"http:\/\/tinacrystals.com\/?post_type=product&#038;p=6217"},"modified":"2022-06-02T09:22:09","modified_gmt":"2022-06-02T07:22:09","slug":"jasperi-oqeanik-varse","status":"publish","type":"product","link":"https:\/\/tinacrystals.com\/sq\/product\/jasperi-oqeanik-varse\/","title":{"rendered":"Jasperi Oqeanik  Pendulum"},"content":{"rendered":"<p><strong>Jasperi Oqeanik &#8211; Varse\u00a0<\/strong><\/p>\n<p>Jasperi Oqeanik, \u00ebsht\u00eb i duhuri nese ju nevojitet nj\u00eb ngritje n\u00eb jet\u00eb. \u00c7liron \u00e7do ndjenj\u00eb negativiteti nga ju dhe ju shtyn t\u00eb jeni m\u00eb optimist n\u00eb jet\u00eb.<\/p>\n<p>Energjija e jasperit oqeanik e stimulon \u00e7akr\u00ebn e zemr\u00ebs, nxit ndjenja t\u00eb k\u00ebnaqsis\u00eb, lumturis\u00eb, dhe ju lart\u00ebson shpirt\u00ebrisht. Ky kristal nj\u00ebashtu \u00ebsht\u00eb ndihmues q\u00eb t\u00eb keni nj\u00eb komunikim m\u00eb pozitiv dhe n\u00ebp\u00ebrmjet komunikimit t\u00eb shprehni sa me shum\u00eb dashuri me fjal\u00eb t\u00eb mira dhe ngrohta.<\/p>\n<p>P\u00ebr brenda pleksusit solar q\u00eb gjendet n\u00eb abdomenin e secilit njeri, ndihmon n\u00eb ngritjen dhe forcimin personal, dhe rritje t\u00eb kuptushm\u00ebrise s\u00eb ndjenjave q\u00eb p\u00ebrjetoni.<\/p>\n<p>\u00cbsht\u00eb nj\u00eb kristal q\u00eb poashtu p\u00ebrdoret p\u00ebr qindra kurime t\u00eb ndryshme shendet\u00ebsore, p\u00ebrfshir\u00eb k\u00ebtu edhe problemet me fertiliteti.<\/p>\n<p><strong>\u00c7akra:<\/strong> Zemra, Fyti, Pleksusi Solar.<\/p>\n<p><strong>Horoskopi:<\/strong> Cancer, Capricorn<\/p>\n","protected":false},"excerpt":{"rendered":"<p>Dimenzioni 35mmx8mm<\/p>\n","protected":false},"featured_media":6133,"comment_status":"open","ping_status":"closed","template":"","meta":[],"product_brand":[],"product_cat":[2292,2405,2372,2363,2309,2362,2816,2310,2353,2423,2424,2307,2395,2382,2359,2352,2304,2404],"product_tag":[],"class_list":{"0":"post-6217","1":"product","2":"type-product","3":"status-publish","4":"has-post-thumbnail","6":"product_cat-crystal-jewelry-sq","7":"product_cat-blej-sipas","8":"product_cat-blej-sipas-ngjyres","9":"product_cat-bricjapi","10":"product_cat-fyti","11":"product_cat-gaforrja","12":"product_cat-jasperi-oqeanik","13":"product_cat-llojet-e-gurve-te-cmuar","14":"product_cat-lumturi-vetebesim","15":"product_cat-pendulume-sq","16":"product_cat-pendulume-te-vogla","17":"product_cat-pleksusi-diellor","18":"product_cat-pendant-sq","19":"product_cat-roze","20":"product_cat-shenjat-e-horoskopit","21":"product_cat-qellim","22":"product_cat-zemra","23":"product_cat-zona-e-cakres","25":"first","26":"instock","27":"shipping-taxable","28":"purchasable","29":"product-type-simple"},"_links":{"self":[{"href":"https:\/\/tinacrystals.com\/sq\/wp-json\/wp\/v2\/product\/6217","targetHints":{"allow":["GET"]}}],"collection":[{"href":"https:\/\/tinacrystals.com\/sq\/wp-json\/wp\/v2\/product"}],"about":[{"href":"https:\/\/tinacrystals.com\/sq\/wp-json\/wp\/v2\/types\/product"}],"replies":[{"embeddable":true,"href":"https:\/\/tinacrystals.com\/sq\/wp-json\/wp\/v2\/comments?post=6217"}],"wp:featuredmedia":[{"embeddable":true,"href":"https:\/\/tinacrystals.com\/sq\/wp-json\/wp\/v2\/media\/6133"}],"wp:attachment":[{"href":"https:\/\/tinacrystals.com\/sq\/wp-json\/wp\/v2\/media?parent=6217"}],"wp:term":[{"taxonomy":"product_brand","embeddable":true,"href":"https:\/\/tinacrystals.com\/sq\/wp-json\/wp\/v2\/product_brand?post=6217"},{"taxonomy":"product_cat","embeddable":true,"href":"https:\/\/tinacrystals.com\/sq\/wp-json\/wp\/v2\/product_cat?post=6217"},{"taxonomy":"product_tag","embeddable":true,"href":"https:\/\/tinacrystals.com\/sq\/wp-json\/wp\/v2\/product_tag?post=6217"}],"curies":[{"name":"wp","href":"https:\/\/api.w.org\/{rel}","templated":true}]}}