{"id":6220,"date":"2022-01-18T09:32:09","date_gmt":"2022-01-18T09:32:10","guid":{"rendered":"http:\/\/tinacrystals.com\/?post_type=product&#038;p=6220"},"modified":"2022-06-02T09:22:01","modified_gmt":"2022-06-02T07:22:01","slug":"moss-agati-varse","status":"publish","type":"product","link":"https:\/\/tinacrystals.com\/sq\/product\/moss-agati-varse\/","title":{"rendered":"Agati Gjelb\u00ebrt Pendulum"},"content":{"rendered":"<p><strong>Moss Agati &#8211; Varse\u00a0<\/strong><\/p>\n<p><span style=\"font-weight: 400;\">I njohur si Guri i fillimeve t\u00eb Reja, \u00ebsht\u00eb jasht\u00ebzakonisht i dobish\u00ebm n\u00eb m\u00eb shum\u00eb m\u00ebnyra q\u00ebju mund ti imagjinoni. Mbajtja e k\u00ebtij gjerdani me vete jo vet\u00ebm q\u00eb do t\u00eb ju ndihmoj\u00eb n\u00eb korrespodencat fiziologjike si zemra, syt\u00eb, ky\u00e7et etj., por \u00ebsht\u00eb gjithashtu nj\u00eb m\u00ebnyr\u00eb e shk\u00eblqyer p\u00ebr t\u00eb pak\u00ebsuar stresin, p\u00ebr t\u00eb reduktuar alergjit\u00eb tuaja ndaj motit dhe rrit p\u00ebrqendrimin ose k\u00ebmb\u00ebnguljen tuaj.<\/span><\/p>\n<p><span style=\"font-weight: 400;\">Moss Agate \u00ebsht\u00eb n\u00eb simpati me natyr\u00ebn, lidhet me bujq\u00ebsin\u00eb dhe kopshtar\u00ebt dhe p\u00ebr k\u00ebt\u00eb arsye kur e p\u00ebrdorim, ndikon n\u00eb sistemin ton\u00eb organik dhe na b\u00ebn m\u00eb t\u00eb fort\u00eb. Duke pasur k\u00ebt\u00eb gur\u00eb me vete, p\u00ebrve\u00e7 gjith\u00e7kaje q\u00eb u p\u00ebrmend, do t&#8217;ju sjell\u00eb m\u00eb shum\u00eb prosperitet me kalimin e koh\u00ebs dhe m\u00eb shum\u00eb leht\u00ebsi n\u00eb pun\u00ebt e v\u00ebshtira.<\/span><\/p>\n<p><b>Zona e \u00c7akr\u00ebs:<\/b><span style=\"font-weight: 400;\"> Baza, Sakrale dhe Fyt<\/span><\/p>\n<p><strong>Zodiac:<\/strong><\/p>\n<p>Note: The crystal associates with all of the zodiacs but it is said to work better with<\/p>\n<p>-Gemini<\/p>\n","protected":false},"excerpt":{"rendered":"<p>Dimenzioni 35mmx8mm<\/p>\n","protected":false},"featured_media":6130,"comment_status":"open","ping_status":"closed","template":"","meta":[],"product_brand":[],"product_cat":[2401,2364,2292,2405,2372,2309,2379,2310,2423,2424,2395,2305,2306,2354,2359,2352,2404],"product_tag":[],"class_list":{"0":"post-6220","1":"product","2":"type-product","3":"status-publish","4":"has-post-thumbnail","6":"product_cat-agate-sq","7":"product_cat-binjaket","8":"product_cat-crystal-jewelry-sq","9":"product_cat-blej-sipas","10":"product_cat-blej-sipas-ngjyres","11":"product_cat-fyti","12":"product_cat-gjelbert","13":"product_cat-llojet-e-gurve-te-cmuar","14":"product_cat-pendulume-sq","15":"product_cat-pendulume-te-vogla","16":"product_cat-pendant-sq","17":"product_cat-rrenja","18":"product_cat-sakrale","19":"product_cat-shendet-balans","20":"product_cat-shenjat-e-horoskopit","21":"product_cat-qellim","22":"product_cat-zona-e-cakres","24":"first","25":"instock","26":"shipping-taxable","27":"purchasable","28":"product-type-simple"},"_links":{"self":[{"href":"https:\/\/tinacrystals.com\/sq\/wp-json\/wp\/v2\/product\/6220","targetHints":{"allow":["GET"]}}],"collection":[{"href":"https:\/\/tinacrystals.com\/sq\/wp-json\/wp\/v2\/product"}],"about":[{"href":"https:\/\/tinacrystals.com\/sq\/wp-json\/wp\/v2\/types\/product"}],"replies":[{"embeddable":true,"href":"https:\/\/tinacrystals.com\/sq\/wp-json\/wp\/v2\/comments?post=6220"}],"wp:featuredmedia":[{"embeddable":true,"href":"https:\/\/tinacrystals.com\/sq\/wp-json\/wp\/v2\/media\/6130"}],"wp:attachment":[{"href":"https:\/\/tinacrystals.com\/sq\/wp-json\/wp\/v2\/media?parent=6220"}],"wp:term":[{"taxonomy":"product_brand","embeddable":true,"href":"https:\/\/tinacrystals.com\/sq\/wp-json\/wp\/v2\/product_brand?post=6220"},{"taxonomy":"product_cat","embeddable":true,"href":"https:\/\/tinacrystals.com\/sq\/wp-json\/wp\/v2\/product_cat?post=6220"},{"taxonomy":"product_tag","embeddable":true,"href":"https:\/\/tinacrystals.com\/sq\/wp-json\/wp\/v2\/product_tag?post=6220"}],"curies":[{"name":"wp","href":"https:\/\/api.w.org\/{rel}","templated":true}]}}