{"id":6226,"date":"2022-01-18T09:32:14","date_gmt":"2022-01-18T09:32:14","guid":{"rendered":"http:\/\/tinacrystals.com\/?post_type=product&#038;p=6226"},"modified":"2022-06-02T09:21:53","modified_gmt":"2022-06-02T07:21:53","slug":"jasperi-oqeanik-varse-copy","status":"publish","type":"product","link":"https:\/\/tinacrystals.com\/sq\/product\/jasperi-oqeanik-varse-copy\/","title":{"rendered":"Zhadi Malesian Pendulum"},"content":{"rendered":"<p><strong>Var\u00ebse nga Jade Malajzian<\/strong><\/p>\n<p>Jade i Malajzis\u00eb \u00ebsht\u00eb nj\u00eb gur sh\u00ebrues mjesht\u00ebror, ai njihet gjithashtu si nj\u00eb gur i \u00e7muar mbrojt\u00ebs q\u00eb ju b\u00ebn t\u00eb vet\u00ebdijsh\u00ebm p\u00ebr rrethin\u00ebn tuaj. Do t\u00eb nxis\u00eb men\u00e7urin\u00eb dhe do t\u00eb p\u00ebrmir\u00ebsoj\u00eb kujtes\u00ebn tuaj, do t\u00eb vini re se suksesi do t\u00eb vij\u00eb n\u00eb rrug\u00ebn tuaj shum\u00eb m\u00eb tep\u00ebr.<\/p>\n<p>Ngjyra e gjelb\u00ebr me pamje mbret\u00ebrore q\u00eb ka guri simbolizon fatin dhe prosperitetin. N\u00ebse po mendoni t\u00eb filloni nj\u00eb biznes t\u00eb ri apo ndonj\u00eb gj\u00eb tjet\u00ebr t\u00eb re, at\u00ebher\u00eb ta keni pran\u00eb jush k\u00ebt\u00eb pendulum \u00ebsht\u00eb zgjidhja perfekte. Gjerdani jo vet\u00ebm q\u00eb do t&#8217;i shtoj\u00eb shum\u00eb bukuri pamjes suaj, por gjithashtu do t&#8217;ju jap\u00eb p\u00ebrfitimet e ndjesis\u00eb s\u00eb aft\u00ebsive t\u00eb tij.<\/p>\n<p><strong>\u00c7akra:<\/strong><\/p>\n<p>-Zem\u00ebr<\/p>\n<p><strong>Horoskopi:<\/strong><\/p>\n<p>Sh\u00ebnim: Guri funksionon me t\u00eb gjith\u00eb zodiak\u00ebt, por thuhet se funksionon n\u00eb m\u00ebnyr\u00eb m\u00eb efektive<\/p>\n<p>-Demi<\/p>\n","protected":false},"excerpt":{"rendered":"<p>Dimenzioni 35mmx8mm<\/p>\n","protected":false},"featured_media":6124,"comment_status":"open","ping_status":"closed","template":"","meta":[],"product_brand":[],"product_cat":[2292,2405,2372,2370,2356,2379,2310,2423,2424,2395,2359,2352,2304,2610,2404],"product_tag":[],"class_list":{"0":"post-6226","1":"product","2":"type-product","3":"status-publish","4":"has-post-thumbnail","6":"product_cat-crystal-jewelry-sq","7":"product_cat-blej-sipas","8":"product_cat-blej-sipas-ngjyres","9":"product_cat-demi","10":"product_cat-fat-sukses","11":"product_cat-gjelbert","12":"product_cat-llojet-e-gurve-te-cmuar","13":"product_cat-pendulume-sq","14":"product_cat-pendulume-te-vogla","15":"product_cat-pendant-sq","16":"product_cat-shenjat-e-horoskopit","17":"product_cat-qellim","18":"product_cat-zemra","19":"product_cat-zhad-malezian","20":"product_cat-zona-e-cakres","22":"first","23":"instock","24":"shipping-taxable","25":"purchasable","26":"product-type-simple"},"_links":{"self":[{"href":"https:\/\/tinacrystals.com\/sq\/wp-json\/wp\/v2\/product\/6226","targetHints":{"allow":["GET"]}}],"collection":[{"href":"https:\/\/tinacrystals.com\/sq\/wp-json\/wp\/v2\/product"}],"about":[{"href":"https:\/\/tinacrystals.com\/sq\/wp-json\/wp\/v2\/types\/product"}],"replies":[{"embeddable":true,"href":"https:\/\/tinacrystals.com\/sq\/wp-json\/wp\/v2\/comments?post=6226"}],"wp:featuredmedia":[{"embeddable":true,"href":"https:\/\/tinacrystals.com\/sq\/wp-json\/wp\/v2\/media\/6124"}],"wp:attachment":[{"href":"https:\/\/tinacrystals.com\/sq\/wp-json\/wp\/v2\/media?parent=6226"}],"wp:term":[{"taxonomy":"product_brand","embeddable":true,"href":"https:\/\/tinacrystals.com\/sq\/wp-json\/wp\/v2\/product_brand?post=6226"},{"taxonomy":"product_cat","embeddable":true,"href":"https:\/\/tinacrystals.com\/sq\/wp-json\/wp\/v2\/product_cat?post=6226"},{"taxonomy":"product_tag","embeddable":true,"href":"https:\/\/tinacrystals.com\/sq\/wp-json\/wp\/v2\/product_tag?post=6226"}],"curies":[{"name":"wp","href":"https:\/\/api.w.org\/{rel}","templated":true}]}}