{"id":6241,"date":"2022-01-18T10:50:23","date_gmt":"2022-01-18T10:50:23","guid":{"rendered":"http:\/\/tinacrystals.com\/?post_type=product&#038;p=6241"},"modified":"2022-06-02T09:20:11","modified_gmt":"2022-06-02T07:20:11","slug":"lekura-leopardit-varse","status":"publish","type":"product","link":"https:\/\/tinacrystals.com\/sq\/product\/lekura-leopardit-varse\/","title":{"rendered":"Lekura e Leopardit Pendulum"},"content":{"rendered":"<p><strong>Kristal i Lekure s\u00eb Leopardit &#8211; Varse\u00a0<\/strong><\/p>\n<p><span style=\"font-weight: 400;\">Guri i l\u00ebkur\u00ebs s\u00eb Leopardit \u00ebsht\u00eb nj\u00eb variacion i dioksidit t\u00eb silikonit q\u00eb ka shum\u00eb inklusione t\u00eb cilat rezultojn\u00eb n\u00eb modele t\u00eb dallueshme dhe t\u00eb bukura. \u00cbsht\u00eb nj\u00eb kristal v\u00ebrtet i fuqish\u00ebm q\u00eb njihet p\u00ebr t\u00eb mbajtur t\u00eb sigurt nga energjit\u00eb negative dhe gj\u00ebrat ose njer\u00ebzit q\u00eb mund t\u00eb duan t&#8217;ju d\u00ebmtojn\u00eb.<\/span><\/p>\n<p><span style=\"font-weight: 400;\">Guri i \u00e7muar \u00ebsht\u00eb shum\u00eb motivues p\u00ebr t\u00eb b\u00ebr\u00eb m\u00eb mir\u00eb dhe p\u00ebr t\u00eb falur m\u00eb shum\u00eb, do t\u00eb filloni t\u00eb jeni m\u00eb t\u00eb sjellsh\u00ebm dhe m\u00eb t\u00eb dhembshur me njer\u00ebzit. Me gurin n\u00eb jet\u00ebn tuaj duhet t\u00eb jeni t\u00eb qet\u00eb dhe t\u00eb ndiheni t\u00eb sigurt sepse guri i \u00e7muar do t&#8217;ju mbroj\u00eb nga \u00e7do gj\u00eb q\u00eb mund t&#8217;ju shkaktoj\u00eb lig\u00ebsi ose d\u00ebm.<\/span><\/p>\n<p><span style=\"font-weight: 400;\">Si t\u00eb kujdeseni p\u00ebr kristalin tuaj?<\/span><\/p>\n<p><span style=\"font-weight: 400;\">Kristali Leopard Skin, megjith\u00ebse \u00ebsht\u00eb i q\u00ebndruesh\u00ebm, \u00ebsht\u00eb m\u00eb mir\u00eb ta pastroni me nj\u00eb leck\u00eb t\u00eb lagur me uj\u00eb t\u00eb past\u00ebr dhe m\u00eb pas ta lini t\u00eb thahet. Gjat\u00eb k\u00ebtij procesi sigurohuni q\u00eb t\u00eb keni nj\u00eb mentalitet pozitiv.<\/span><\/p>\n<p><strong>\u00c7akra:<\/strong><\/p>\n<p><span style=\"font-weight: 400;\">&#8211; Rr\u00ebnja<\/span><\/p>\n<p><strong>Horoskopi:<\/strong><\/p>\n<p><span style=\"font-weight: 400;\">Sh\u00ebnim: Kristali funksionon me t\u00eb gjith\u00eb zodiak\u00ebt, por thuhet se \u00ebsht\u00eb m\u00eb efektiv me:<\/span><\/p>\n<p><span style=\"font-weight: 400;\">-Binjak\u00ebt<\/span><\/p>\n<p><span style=\"font-weight: 400;\">-Akrepi<\/span><\/p>\n","protected":false},"excerpt":{"rendered":"<p>Dimenzioni 35mmx8mm<\/p>\n","protected":false},"featured_media":6112,"comment_status":"open","ping_status":"closed","template":"","meta":[],"product_brand":[],"product_cat":[2369,2364,2292,2405,2372,2375,2330,2310,2357,2423,2424,2395,2305,2359,2352,2404],"product_tag":[],"class_list":{"0":"post-6241","1":"product","2":"type-product","3":"status-publish","4":"has-post-thumbnail","6":"product_cat-akrepi-sq","7":"product_cat-binjaket","8":"product_cat-crystal-jewelry-sq","9":"product_cat-blej-sipas","10":"product_cat-blej-sipas-ngjyres","11":"product_cat-kafte","12":"product_cat-lekure-leopardi","13":"product_cat-llojet-e-gurve-te-cmuar","14":"product_cat-mbrotje-paqe","15":"product_cat-pendulume-sq","16":"product_cat-pendulume-te-vogla","17":"product_cat-pendant-sq","18":"product_cat-rrenja","19":"product_cat-shenjat-e-horoskopit","20":"product_cat-qellim","21":"product_cat-zona-e-cakres","23":"first","24":"outofstock","25":"shipping-taxable","26":"purchasable","27":"product-type-simple"},"_links":{"self":[{"href":"https:\/\/tinacrystals.com\/sq\/wp-json\/wp\/v2\/product\/6241","targetHints":{"allow":["GET"]}}],"collection":[{"href":"https:\/\/tinacrystals.com\/sq\/wp-json\/wp\/v2\/product"}],"about":[{"href":"https:\/\/tinacrystals.com\/sq\/wp-json\/wp\/v2\/types\/product"}],"replies":[{"embeddable":true,"href":"https:\/\/tinacrystals.com\/sq\/wp-json\/wp\/v2\/comments?post=6241"}],"wp:featuredmedia":[{"embeddable":true,"href":"https:\/\/tinacrystals.com\/sq\/wp-json\/wp\/v2\/media\/6112"}],"wp:attachment":[{"href":"https:\/\/tinacrystals.com\/sq\/wp-json\/wp\/v2\/media?parent=6241"}],"wp:term":[{"taxonomy":"product_brand","embeddable":true,"href":"https:\/\/tinacrystals.com\/sq\/wp-json\/wp\/v2\/product_brand?post=6241"},{"taxonomy":"product_cat","embeddable":true,"href":"https:\/\/tinacrystals.com\/sq\/wp-json\/wp\/v2\/product_cat?post=6241"},{"taxonomy":"product_tag","embeddable":true,"href":"https:\/\/tinacrystals.com\/sq\/wp-json\/wp\/v2\/product_tag?post=6241"}],"curies":[{"name":"wp","href":"https:\/\/api.w.org\/{rel}","templated":true}]}}