{"id":6248,"date":"2022-01-18T10:49:45","date_gmt":"2022-01-18T10:49:45","guid":{"rendered":"http:\/\/tinacrystals.com\/product\/peme-kristalesh-nga-7-cakrat\/"},"modified":"2022-06-11T12:49:05","modified_gmt":"2022-06-11T10:49:05","slug":"peme-kristalesh-nga-7-cakrat","status":"publish","type":"product","link":"https:\/\/tinacrystals.com\/sq\/product\/peme-kristalesh-nga-7-cakrat\/","title":{"rendered":"Pem\u00eb kristalesh nga 7 \u00c7akrat"},"content":{"rendered":"<p><strong>HOROSKOPI<\/strong>: T\u00eb gjitha<\/p>\n<p><strong>CHAKRA<\/strong>: T\u00eb gjitha<\/p>\n<p>&nbsp;<\/p>\n<p>Pema e kristalit me <em><strong>7 chakra<\/strong><\/em> p\u00ebrmban Carnelian, Citrine, Green Aventurine, Lapis Lazuli, Ametist dhe Clear Quartz q\u00eb p\u00ebrfaq\u00ebsojn\u00eb t\u00eb gjitha 7 chakrat: chakra e kuror\u00ebs, chakra e syrit t\u00eb tret\u00eb, chakra e fytit, chakra e zemr\u00ebs, \u00e7akra e plexusit diellor, chakra sakrale dhe \u00e7akra e rr\u00ebnj\u00ebs. .<\/p>\n<p>&nbsp;<\/p>\n<p><em><strong>Sh\u00ebrimi shpirt\u00ebror:<\/strong><\/em><\/p>\n<p>Duke pasur k\u00ebt\u00eb pem\u00eb kristali, 7 llojet e gur\u00ebve do t\u00eb lidhen me ju dhe do t&#8217;ju ndihmojn\u00eb t\u00eb ndiheni m\u00eb t\u00eb fuqizuar, m\u00eb t\u00eb sigurt dhe t\u00eb lidhur, m\u00eb t\u00eb sigurt dhe gjithashtu do t\u00eb ndihmojn\u00eb n\u00eb drejtimin tuaj t\u00eb vetvetes. Marrja e k\u00ebtij koleksioni gur\u00ebsh do t\u00eb balancoj\u00eb jet\u00ebn tuaj n\u00eb m\u00ebnyra q\u00eb nuk mund t&#8217;i imagjinoni dhe natyrisht do t\u00eb sh\u00ebroj\u00eb \u00e7do gj\u00eb q\u00eb mund t\u00eb keni ndodhur n\u00eb jet\u00ebn tuaj.<\/p>\n<p>&nbsp;<\/p>\n<p><em><strong>Sh\u00ebrimi fizik:<\/strong><\/em><\/p>\n<p>P\u00ebr ata q\u00eb vuajn\u00eb nga dhimbje koke si migrena apo tensioni, at\u00ebher\u00eb ky \u00ebsht\u00eb kristali i nevojsh\u00ebm.<\/p>\n<p>\u00cbsht\u00eb i mir\u00eb edhe p\u00ebr femrat q\u00eb vuajn\u00eb nga v\u00ebshtir\u00ebsit\u00eb menstruale, ng\u00ebr\u00e7et, dismenorrea etj.<\/p>\n<p>\u00cbsht\u00eb e dobishme p\u00ebr sindrom\u00ebn e lodhjes kronike dhe mund t\u00eb ndihmoj\u00eb n\u00eb kthimin e s\u00ebmundjeve degjenerative.<\/p>\n<p>&nbsp;<\/p>\n<p><strong><em>Sh\u00ebrimi emocional:<\/em><\/strong><\/p>\n<p>Nd\u00ebrsa ky kristal punon p\u00ebr t\u00eb eliminuar negativitetin nga ju, ai gjithashtu duket se shkakton nj\u00eb shk\u00ebndij\u00eb q\u00eb zbulon puset tuaja t\u00eb frym\u00ebzimit, kur t\u00eb jeni t\u00eb qet\u00eb dhe t\u00eb stabilizuar, do t\u00eb jeni n\u00eb gjendje t\u00eb p\u00ebrdorni mendjen tuaj krijuese dhe t\u00eb zbuloni idet\u00eb q\u00eb ishin fshehur n\u00eb mur. t\u00eb kaosit.<\/p>\n<p>Do t&#8217;ju ndihmoj\u00eb t\u00eb q\u00ebndroni t\u00eb qet\u00eb dhe pozitiv.<\/p>\n<p>Do t&#8217;ju ndihmoj\u00eb t\u00eb jeni m\u00eb krijues n\u00eb piktur\u00eb, vall\u00ebzim, shkrim, k\u00ebndim etj.<\/p>\n<p>&nbsp;<\/p>\n<p><em><strong>Pastroni dhe rimbushni:<\/strong><\/em><\/p>\n<p>Ne gjithmon\u00eb u themi klient\u00ebve tan\u00eb se mbajtja e kristaleve tuaja pran\u00eb nj\u00eb dritareje \u00ebsht\u00eb v\u00ebrtet efektive p\u00ebr ju dhe vet\u00eb kristalin, ju mund t\u00eb b\u00ebni t\u00eb nj\u00ebjt\u00ebn gj\u00eb me pem\u00ebn tuaj t\u00eb kristalit. Kjo do t\u00eb lejoj\u00eb q\u00eb kristalet t\u00eb rimbushen vazhdimisht nga h\u00ebna ose rrezet e diellit, n\u00eb var\u00ebsi t\u00eb llojit q\u00eb merrni.<\/p>\n","protected":false},"excerpt":{"rendered":"<p>Gjat\u00ebsia: 13-15cm<br \/>\nM\u00eb i lart druri &#8211; M\u00eb e madhe baza e Agatit natyral.<\/p>\n","protected":false},"featured_media":5642,"comment_status":"open","ping_status":"closed","template":"","meta":[],"product_brand":[],"product_cat":[2369,2311,2405,2372,2319,2293,2300,2356,2309,2362,2318,2320,2303,2328,2310,2353,2357,2366,2307,2305,2306,2359,2380,2352,2308,2360,2371,2304,2404],"product_tag":[],"class_list":{"0":"post-6248","1":"product","2":"type-product","3":"status-publish","4":"has-post-thumbnail","6":"product_cat-akrepi-sq","7":"product_cat-ametist","8":"product_cat-blej-sipas","9":"product_cat-blej-sipas-ngjyres","10":"product_cat-citrine-sq","11":"product_cat-decorations-sq","12":"product_cat-drunje-kristalesh","13":"product_cat-fat-sukses","14":"product_cat-fyti","15":"product_cat-gaforrja","16":"product_cat-carnelian-sq","17":"product_cat-kuarc-i-tejdukshem","18":"product_cat-kurora","19":"product_cat-lapis-lazuli-sq","20":"product_cat-llojet-e-gurve-te-cmuar","21":"product_cat-lumturi-vetebesim","22":"product_cat-mbrotje-paqe","23":"product_cat-peshorja","24":"product_cat-pleksusi-diellor","25":"product_cat-rrenja","26":"product_cat-sakrale","27":"product_cat-shenjat-e-horoskopit","28":"product_cat-shumengjyresh","29":"product_cat-qellim","30":"product_cat-syri-i-trete","31":"product_cat-ujori","32":"product_cat-virgjersha","33":"product_cat-zemra","34":"product_cat-zona-e-cakres","36":"first","37":"outofstock","38":"shipping-taxable","39":"purchasable","40":"product-type-simple"},"_links":{"self":[{"href":"https:\/\/tinacrystals.com\/sq\/wp-json\/wp\/v2\/product\/6248","targetHints":{"allow":["GET"]}}],"collection":[{"href":"https:\/\/tinacrystals.com\/sq\/wp-json\/wp\/v2\/product"}],"about":[{"href":"https:\/\/tinacrystals.com\/sq\/wp-json\/wp\/v2\/types\/product"}],"replies":[{"embeddable":true,"href":"https:\/\/tinacrystals.com\/sq\/wp-json\/wp\/v2\/comments?post=6248"}],"wp:featuredmedia":[{"embeddable":true,"href":"https:\/\/tinacrystals.com\/sq\/wp-json\/wp\/v2\/media\/5642"}],"wp:attachment":[{"href":"https:\/\/tinacrystals.com\/sq\/wp-json\/wp\/v2\/media?parent=6248"}],"wp:term":[{"taxonomy":"product_brand","embeddable":true,"href":"https:\/\/tinacrystals.com\/sq\/wp-json\/wp\/v2\/product_brand?post=6248"},{"taxonomy":"product_cat","embeddable":true,"href":"https:\/\/tinacrystals.com\/sq\/wp-json\/wp\/v2\/product_cat?post=6248"},{"taxonomy":"product_tag","embeddable":true,"href":"https:\/\/tinacrystals.com\/sq\/wp-json\/wp\/v2\/product_tag?post=6248"}],"curies":[{"name":"wp","href":"https:\/\/api.w.org\/{rel}","templated":true}]}}