{"id":6253,"date":"2022-01-18T11:31:34","date_gmt":"2022-01-18T11:31:35","guid":{"rendered":"http:\/\/tinacrystals.com\/?post_type=product&#038;p=6253"},"modified":"2022-06-02T09:18:53","modified_gmt":"2022-06-02T07:18:53","slug":"agat-blu-varse","status":"publish","type":"product","link":"https:\/\/tinacrystals.com\/sq\/product\/agat-blu-varse\/","title":{"rendered":"Agat Blu Pendulum"},"content":{"rendered":"<p><strong>Agat Blu &#8211; Varse <\/strong><\/p>\n<p><span style=\"font-weight: 400;\">Agati blu \u00ebsht\u00eb nj\u00eb gur shum\u00eb shpirt\u00ebror, \u00ebsht\u00eb nj\u00eb nga gur\u00ebt m\u00eb t\u00eb mir\u00eb p\u00ebr t\u00eb mbajtur n\u00eb jet\u00ebn tuaj n\u00ebse vazhdimisht ndiheni t\u00eb stresuar, t\u00eb d\u00ebshp\u00ebruar, t\u00eb frik\u00ebsuar ose t\u00eb zem\u00ebruar. Kristali p\u00ebrmban energji q\u00eb ju stabilizojn\u00eb dhe ekuilibrojn\u00eb, ai do t\u00eb largoj\u00eb nga ndjenjat e pad\u00ebshiruara si ato t\u00eb p\u00ebrmendura lart.<\/span><\/p>\n<p><span style=\"font-weight: 400;\">Agati blu mund t\u00eb sjell\u00eb qet\u00ebsi n\u00eb jet\u00ebn tuaj, ve\u00e7an\u00ebrisht n\u00ebse jeni duke b\u00ebr\u00eb nj\u00eb pun\u00eb stresuese dhe me ritme t\u00eb larta. Kristali \u00ebsht\u00eb gjithashtu nj\u00eb sh\u00ebrues i shk\u00eblqyesh\u00ebm fizik, mund t\u00eb ndihmoj\u00eb p\u00ebr s\u00ebmundje dhe dhimbje t\u00eb ndryshme si dhimbje n\u00eb qaf\u00eb, dhimbje fyti, do t\u00eb ndihmoj\u00eb l\u00ebkur\u00ebn e skuqur ose t\u00eb irrituar dhe dhimbjet e syve.<\/span><\/p>\n<p><b>Si t\u00eb pastroni dhe rimbushni gurin?<\/b><\/p>\n<p><span style=\"font-weight: 400;\">-Edhe pse agati blu \u00ebsht\u00eb nj\u00eb gur pastrues, ai gjithashtu duhet t\u00eb pastrohet. Duhet ta lini kristalin tuaj n\u00ebn drit\u00ebn e h\u00ebn\u00ebs gjat\u00eb nat\u00ebs dhe m\u00eb pas ta hiqni para agimit.<\/span><\/p>\n<p><b>Chakra:<\/b><\/p>\n<p><span style=\"font-weight: 400;\">-Fyt<\/span><\/p>\n<p><span style=\"font-weight: 400;\">&#8211; Syri i tret\u00eb<\/span><\/p>\n<p><b>Horoskopi:<\/b><\/p>\n<p><span style=\"font-weight: 400;\">Sh\u00ebnim: Ai lidhet me t\u00eb gjith\u00eb zodiak\u00ebt, por \u00ebsht\u00eb m\u00eb efektiv me:<\/span><\/p>\n<p><span style=\"font-weight: 400;\">&#8211; Luani<\/span><\/p>\n<p><span style=\"font-weight: 400;\">&#8211; Peshqit<\/span><\/p>\n<p><span style=\"font-weight: 400;\">Kristali njihet edhe si sh\u00ebrues i problemeve psikologjike, ai do t\u00eb leht\u00ebsoj\u00eb stresin, ankthin, depresionin dhe n\u00eb p\u00ebrgjith\u00ebsi \u00e7do ndjenj\u00eb t\u00eb keqe apo t\u00eb pad\u00ebshiruar q\u00eb mund t\u00eb keni. Do t&#8217;ju jap\u00eb kurajo n\u00eb situata stresuese dhe do t\u00eb rris\u00eb fokusin tuaj.<\/span><\/p>\n<p><span style=\"font-weight: 400;\">Si t\u00eb kujdeseni p\u00ebr kristalin?<\/span><\/p>\n<p><span style=\"font-weight: 400;\">-Mund ta fshini kristalin me nj\u00eb leck\u00eb t\u00eb but\u00eb t\u00eb lagur, nd\u00ebrkoh\u00eb q\u00eb sigurohuni q\u00eb t\u00eb thoni pohime pozitive.<\/span><\/p>\n<p><span style=\"font-weight: 400;\">-P\u00ebr t\u00eb rimbushur kristalin ka disa m\u00ebnyra, do t\u00eb p\u00ebrmendim mbajtjen e gurit n\u00ebn drit\u00ebn e h\u00ebn\u00ebs gjat\u00eb nat\u00ebs dhe heqjen e tij para agimit. B\u00ebni k\u00ebt\u00eb proces sa her\u00eb q\u00eb ndiheni sikur kristali ka energji t\u00eb tep\u00ebrt q\u00eb duhet t\u00eb pastrohet.<\/span><\/p>\n<p><strong>\u00c7akra:<\/strong><\/p>\n<p><span style=\"font-weight: 400;\">-Zemer<\/span><\/p>\n<p><strong>Horoskopi;<\/strong><\/p>\n<p><span style=\"font-weight: 400;\">-Lidhet me t\u00eb gjith\u00eb zodiak\u00ebt, por thuhet se \u00ebsht\u00eb m\u00eb efektive me<\/span><\/p>\n<p><span style=\"font-weight: 400;\">-Luanin<\/span><\/p>\n<p><span style=\"font-weight: 400;\">&#8211; Dashi<\/span><\/p>\n<p><span style=\"font-weight: 400;\">-Shigjetari<\/span><\/p>\n","protected":false},"excerpt":{"rendered":"<p>Dimenzioni 35mmx8mm<\/p>\n","protected":false},"featured_media":6094,"comment_status":"open","ping_status":"closed","template":"","meta":[],"product_brand":[],"product_cat":[2401,2292,2372,2374,2358,2309,2310,2365,2423,2424,2367,2395,2359,2352,2308,2404],"product_tag":[],"class_list":{"0":"post-6253","1":"product","2":"type-product","3":"status-publish","4":"has-post-thumbnail","6":"product_cat-agate-sq","7":"product_cat-crystal-jewelry-sq","8":"product_cat-blej-sipas-ngjyres","9":"product_cat-blu","10":"product_cat-force-stabilitet","11":"product_cat-fyti","12":"product_cat-llojet-e-gurve-te-cmuar","13":"product_cat-luani","14":"product_cat-pendulume-sq","15":"product_cat-pendulume-te-vogla","16":"product_cat-peshqit","17":"product_cat-pendant-sq","18":"product_cat-shenjat-e-horoskopit","19":"product_cat-qellim","20":"product_cat-syri-i-trete","21":"product_cat-zona-e-cakres","23":"first","24":"instock","25":"shipping-taxable","26":"purchasable","27":"product-type-simple"},"_links":{"self":[{"href":"https:\/\/tinacrystals.com\/sq\/wp-json\/wp\/v2\/product\/6253","targetHints":{"allow":["GET"]}}],"collection":[{"href":"https:\/\/tinacrystals.com\/sq\/wp-json\/wp\/v2\/product"}],"about":[{"href":"https:\/\/tinacrystals.com\/sq\/wp-json\/wp\/v2\/types\/product"}],"replies":[{"embeddable":true,"href":"https:\/\/tinacrystals.com\/sq\/wp-json\/wp\/v2\/comments?post=6253"}],"wp:featuredmedia":[{"embeddable":true,"href":"https:\/\/tinacrystals.com\/sq\/wp-json\/wp\/v2\/media\/6094"}],"wp:attachment":[{"href":"https:\/\/tinacrystals.com\/sq\/wp-json\/wp\/v2\/media?parent=6253"}],"wp:term":[{"taxonomy":"product_brand","embeddable":true,"href":"https:\/\/tinacrystals.com\/sq\/wp-json\/wp\/v2\/product_brand?post=6253"},{"taxonomy":"product_cat","embeddable":true,"href":"https:\/\/tinacrystals.com\/sq\/wp-json\/wp\/v2\/product_cat?post=6253"},{"taxonomy":"product_tag","embeddable":true,"href":"https:\/\/tinacrystals.com\/sq\/wp-json\/wp\/v2\/product_tag?post=6253"}],"curies":[{"name":"wp","href":"https:\/\/api.w.org\/{rel}","templated":true}]}}