{"id":6265,"date":"2022-01-18T12:17:06","date_gmt":"2022-01-18T12:17:07","guid":{"rendered":"http:\/\/tinacrystals.com\/?post_type=product&#038;p=6265"},"modified":"2022-06-02T09:17:15","modified_gmt":"2022-06-02T07:17:15","slug":"aquamarin-varse","status":"publish","type":"product","link":"https:\/\/tinacrystals.com\/sq\/product\/aquamarin-varse\/","title":{"rendered":"Akuamarin Pendulum"},"content":{"rendered":"<p><b>HOROSKOPI<\/b><span style=\"font-weight: 400;\">: Binjak\u00ebt, Peshqit, Dashi<\/span><\/p>\n<p><b>CHAKRA<\/b><span style=\"font-weight: 400;\">: Fyt<\/span><\/p>\n<p><span style=\"font-weight: 400;\">Ky <em><strong>Akuamarin<\/strong><\/em> mund t\u00eb jet\u00eb nj\u00eb mjet i shk\u00eblqyer n\u00eb sh\u00ebrim.<\/span><\/p>\n<p><em><b>Sh\u00ebrimi shpirt\u00ebror:<\/b><\/em><\/p>\n<p><span style=\"font-weight: 400;\">Akuamarina na rrit dashurin ndaj ujit dhe origjin\u00ebn e jet\u00ebs.<\/span><\/p>\n<p><span style=\"font-weight: 400;\">Pastron energjit\u00eb e vjetra q\u00eb nuk ju sh\u00ebrbejn\u00eb m\u00eb, k\u00ebshtu q\u00eb ju fitoni energji t\u00eb fresk\u00ebt.<\/span><\/p>\n<p><span style=\"font-weight: 400;\">Mund t\u00eb na ndihmoj\u00eb t\u00eb zbulojm\u00eb kuptimet e fshehura dhe t\u00eb zbulojm\u00eb t\u00eb v\u00ebrtetat m\u00eb t\u00eb thella brenda shpirtit ton\u00eb.<\/span><\/p>\n<p><em><b>Sh\u00ebrimi fizik:<\/b><\/em><\/p>\n<p><span style=\"font-weight: 400;\">Akuamarina sh\u00ebron ftohjet dhe bronkitin.<\/span><\/p>\n<p><span style=\"font-weight: 400;\">Ai harmonizon gj\u00ebndrat e hipofiz\u00ebs dhe tiroides, duke rregulluar hormonet dhe rritjen. Mund t\u00eb ndihmoj\u00eb gjithashtu n\u00eb parandalimin e paraqitjeve t\u00eb herpesit.<\/span><\/p>\n<p><span style=\"font-weight: 400;\">Sh\u00ebron s\u00ebmundjet inflamatore t\u00eb t\u00eb gjitha llojeve. \u00cbsht\u00eb sh\u00ebrues p\u00ebr ekzem\u00ebn, rosacea dhe psoriasis.<\/span><\/p>\n<p><em><b>Sh\u00ebrimi emocional:<\/b><\/em><\/p>\n<p><span style=\"font-weight: 400;\">Akuamarina \u00ebsht\u00eb e dobishme kur kalon n\u00ebp\u00ebr tranzicion dhe ndryshim.<\/span><\/p>\n<p><span style=\"font-weight: 400;\">Ju ndihmon t\u00eb kap\u00ebrceni frik\u00ebn nga e panjohura.<\/span><\/p>\n<p><span style=\"font-weight: 400;\">Akuamarin gjithashtu identifikon se kur egoja vepron q\u00eb dikush t\u00eb mbi reagoj\u00eb.<\/span><\/p>\n<p><em><b>Pastroni dhe rimbushni:<\/b><\/em><\/p>\n<p><span style=\"font-weight: 400;\">Vendoseni Akuamarine tuaj n\u00eb tasin me uj\u00eb p\u00ebr disa or\u00eb, megjithat\u00eb, n\u00ebse doni t\u00eb arrini rezultate m\u00eb t\u00eb thella pastrimi. Kjo ju ndihmon gjithashtu p\u00ebr ta rimbushur at\u00eb.<\/span><\/p>\n","protected":false},"excerpt":{"rendered":"<p>Dimenzioni 35mmx8mm<\/p>\n","protected":false},"featured_media":6088,"comment_status":"open","ping_status":"closed","template":"","meta":[],"product_brand":[],"product_cat":[2313,2364,2292,2405,2372,2374,2361,2309,2310,2423,2424,2367,2354,2359,2352,2404],"product_tag":[],"class_list":{"0":"post-6265","1":"product","2":"type-product","3":"status-publish","4":"has-post-thumbnail","6":"product_cat-akuamarin","7":"product_cat-binjaket","8":"product_cat-crystal-jewelry-sq","9":"product_cat-blej-sipas","10":"product_cat-blej-sipas-ngjyres","11":"product_cat-blu","12":"product_cat-dashi","13":"product_cat-fyti","14":"product_cat-llojet-e-gurve-te-cmuar","15":"product_cat-pendulume-sq","16":"product_cat-pendulume-te-vogla","17":"product_cat-peshqit","18":"product_cat-shendet-balans","19":"product_cat-shenjat-e-horoskopit","20":"product_cat-qellim","21":"product_cat-zona-e-cakres","23":"first","24":"outofstock","25":"shipping-taxable","26":"purchasable","27":"product-type-simple"},"_links":{"self":[{"href":"https:\/\/tinacrystals.com\/sq\/wp-json\/wp\/v2\/product\/6265","targetHints":{"allow":["GET"]}}],"collection":[{"href":"https:\/\/tinacrystals.com\/sq\/wp-json\/wp\/v2\/product"}],"about":[{"href":"https:\/\/tinacrystals.com\/sq\/wp-json\/wp\/v2\/types\/product"}],"replies":[{"embeddable":true,"href":"https:\/\/tinacrystals.com\/sq\/wp-json\/wp\/v2\/comments?post=6265"}],"wp:featuredmedia":[{"embeddable":true,"href":"https:\/\/tinacrystals.com\/sq\/wp-json\/wp\/v2\/media\/6088"}],"wp:attachment":[{"href":"https:\/\/tinacrystals.com\/sq\/wp-json\/wp\/v2\/media?parent=6265"}],"wp:term":[{"taxonomy":"product_brand","embeddable":true,"href":"https:\/\/tinacrystals.com\/sq\/wp-json\/wp\/v2\/product_brand?post=6265"},{"taxonomy":"product_cat","embeddable":true,"href":"https:\/\/tinacrystals.com\/sq\/wp-json\/wp\/v2\/product_cat?post=6265"},{"taxonomy":"product_tag","embeddable":true,"href":"https:\/\/tinacrystals.com\/sq\/wp-json\/wp\/v2\/product_tag?post=6265"}],"curies":[{"name":"wp","href":"https:\/\/api.w.org\/{rel}","templated":true}]}}