{"id":6273,"date":"2022-01-18T13:26:41","date_gmt":"2022-01-18T13:26:41","guid":{"rendered":"http:\/\/tinacrystals.com\/product\/turkiz-hematit-varse\/"},"modified":"2025-06-03T06:29:34","modified_gmt":"2025-06-03T04:29:34","slug":"turkiz-hematit-varse","status":"publish","type":"product","link":"https:\/\/tinacrystals.com\/sq\/product\/turkiz-hematit-varse\/","title":{"rendered":"Turkiz &#038; Hematit Qafore"},"content":{"rendered":"<p><strong>Turkiz &amp; Hematit &#8211; Varse <\/strong><\/p>\n<p><span style=\"font-weight: 400;\">Ky gur \u00ebsht\u00eb i njohur p\u00ebr vetit\u00eb e tij t\u00eb tok\u00ebzimit. P\u00ebr t\u00eb jetuar nj\u00eb jet\u00eb t\u00eb bazuar mir\u00eb do t\u00eb veproj\u00eb p\u00ebr t\u00eb pastruar mendjen tuaj dhe p\u00ebr t\u00eb p\u00ebrmir\u00ebsuar rrjedh\u00ebn e energjis\u00eb n\u00eb t\u00eb gjith\u00eb trupin tuaj.<\/span><\/p>\n<p><span style=\"font-weight: 400;\">Hematiti stimulon p\u00ebrqendrimin dhe fokusin, duke rritur kujtes\u00ebn dhe mendimin origjinal.<\/span><\/p>\n<p><span style=\"font-weight: 400;\">Ju mund t\u00eb merrni pun\u00eb t\u00eb reja dhe do t\u00eb jeni m\u00eb t\u00eb suksessh\u00ebm n\u00eb to dhe padyshim m\u00eb t\u00eb fokusuar.<\/span><\/p>\n<p><strong>\u00c7akra:<\/strong> Rr\u00ebnja\u00a0 \u00a0 \u00a0 \u00a0 \u00a0 \u00a0 \u00a0 \u00a0 \u00a0 \u00a0 \u00a0 \u00a0<strong>Horoskopi:<\/strong> Dashi, ujori<\/p>\n<p>&nbsp;<\/p>\n<p><span style=\"font-weight: 400;\">Turkizi p\u00ebrfaq\u00ebson men\u00e7urin\u00eb, qet\u00ebsin\u00eb dhe mbrojtjen. Ju mbron nga energjia negative q\u00eb mund t&#8217;ju rrethoj\u00eb, ju ndihmon t\u00eb shihni qart\u00eb n\u00eb jet\u00eb &#8211; at\u00eb q\u00eb d\u00ebshironi, lejon q\u00eb energjia t\u00eb rrjedh\u00eb lirsh\u00ebm n\u00eb trupin tuaj dhe kjo rezulton q\u00eb t\u00eb jeni m\u00eb t\u00eb qet\u00eb dhe\u00a0 t\u00eb hapur p\u00ebr dashuri.<\/span><\/p>\n<p><strong>\u00c7akra:\u00a0<\/strong>Fyti\u00a0 \u00a0 \u00a0 \u00a0 \u00a0 \u00a0 \u00a0 \u00a0 \u00a0 \u00a0 <strong>\u00a0 Horoskopi:<\/strong> Shigjetari, Akrepi, Peshku.<\/p>\n<p>&nbsp;<\/p>\n<p>&nbsp;<\/p>\n","protected":false},"excerpt":{"rendered":"<p>Turkiz &amp; Hematit &#8211; Varse Ky gur \u00ebsht\u00eb i njohur p\u00ebr vetit\u00eb e tij t\u00eb tok\u00ebzimit. P\u00ebr t\u00eb jetuar nj\u00eb jet\u00eb t\u00eb bazuar mir\u00eb do t\u00eb<span class=\"excerpt-hellip\"> [\u2026]<\/span><\/p>\n","protected":false},"featured_media":6047,"comment_status":"open","ping_status":"closed","template":"","meta":[],"product_brand":[],"product_cat":[2292,2427],"product_tag":[],"class_list":{"0":"post-6273","1":"product","2":"type-product","3":"status-publish","4":"has-post-thumbnail","6":"product_cat-crystal-jewelry-sq","7":"product_cat-cirkonhematit-premium","9":"first","10":"instock","11":"shipping-taxable","12":"purchasable","13":"product-type-simple"},"_links":{"self":[{"href":"https:\/\/tinacrystals.com\/sq\/wp-json\/wp\/v2\/product\/6273","targetHints":{"allow":["GET"]}}],"collection":[{"href":"https:\/\/tinacrystals.com\/sq\/wp-json\/wp\/v2\/product"}],"about":[{"href":"https:\/\/tinacrystals.com\/sq\/wp-json\/wp\/v2\/types\/product"}],"replies":[{"embeddable":true,"href":"https:\/\/tinacrystals.com\/sq\/wp-json\/wp\/v2\/comments?post=6273"}],"wp:featuredmedia":[{"embeddable":true,"href":"https:\/\/tinacrystals.com\/sq\/wp-json\/wp\/v2\/media\/6047"}],"wp:attachment":[{"href":"https:\/\/tinacrystals.com\/sq\/wp-json\/wp\/v2\/media?parent=6273"}],"wp:term":[{"taxonomy":"product_brand","embeddable":true,"href":"https:\/\/tinacrystals.com\/sq\/wp-json\/wp\/v2\/product_brand?post=6273"},{"taxonomy":"product_cat","embeddable":true,"href":"https:\/\/tinacrystals.com\/sq\/wp-json\/wp\/v2\/product_cat?post=6273"},{"taxonomy":"product_tag","embeddable":true,"href":"https:\/\/tinacrystals.com\/sq\/wp-json\/wp\/v2\/product_tag?post=6273"}],"curies":[{"name":"wp","href":"https:\/\/api.w.org\/{rel}","templated":true}]}}