{"id":6282,"date":"2022-01-19T07:44:43","date_gmt":"2022-01-19T07:44:43","guid":{"rendered":"http:\/\/tinacrystals.com\/?post_type=product&#038;p=6282"},"modified":"2022-05-11T13:35:33","modified_gmt":"2022-05-11T11:35:33","slug":"perle-hematiti-zirkoni-varse","status":"publish","type":"product","link":"https:\/\/tinacrystals.com\/sq\/product\/perle-hematiti-zirkoni-varse\/","title":{"rendered":"Perl\u00eb Hematiti &#038; Zirkoni Qafore"},"content":{"rendered":"<p><strong>Perl\u00eb Hematiti &amp; Zirkoni &#8211; Varse<\/strong><\/p>\n<p><span style=\"font-weight: 400;\">Ky gur \u00ebsht\u00eb i njohur p\u00ebr vetit\u00eb e tij t\u00eb tok\u00ebzimit. P\u00ebr t\u00eb jetuar nj\u00eb jet\u00eb t\u00eb bazuar mir\u00eb do t\u00eb veproj\u00eb p\u00ebr t\u00eb pastruar mendjen tuaj dhe p\u00ebr t\u00eb p\u00ebrmir\u00ebsuar rrjedh\u00ebn e energjis\u00eb n\u00eb t\u00eb gjith\u00eb trupin tuaj.<\/span><\/p>\n<p><span style=\"font-weight: 400;\">Hematiti stimulon p\u00ebrqendrimin dhe fokusin, duke rritur kujtes\u00ebn dhe mendimin origjinal.<\/span><\/p>\n<p><span style=\"font-weight: 400;\">Ju mund t\u00eb merrni pun\u00eb t\u00eb reja dhe do t\u00eb jeni m\u00eb t\u00eb suksessh\u00ebm n\u00eb to dhe padyshim m\u00eb t\u00eb fokusuar.<\/span><\/p>\n<p><strong>\u00c7akra:<\/strong> Rr\u00ebnja\u00a0 \u00a0 \u00a0 \u00a0 \u00a0 \u00a0 \u00a0 \u00a0 \u00a0 \u00a0 \u00a0 \u00a0<strong>Horoskopi:<\/strong> Dashi, ujori<\/p>\n<p>Zirkoni \u00ebsht\u00eb i lidhur me t\u00eb gjitha \u00e7akrat. Shfryt\u00ebzohet p\u00ebr leht\u00ebsim e smundjeve fizike dhe mendore. Dobit\u00eb e tij ne sh\u00ebrim jan\u00eb t\u00eb shumta si; zbret temperaturen e lart\u00eb, rregullon \u00e7rregullimet n\u00eb stomak, t\u00eb spastron nga nikotina, alkoholi dhe substancat tjera, zvoglon dhimbjet gjat\u00eb ciklit menstrual si dhe ndihmon personaat me asm\u00eb.<\/p>\n<p>N\u00eb bot\u00ebn metafizike vlersohet si kurim i anktheve dhe pagjumsis\u00eb dhe mund\u00ebson gjum\u00eb t\u00eb pushuesh\u00ebm.<\/p>\n<p><strong>\u00c7akra:\u00a0<\/strong>T\u00eb gjitha\u00a0 \u00a0 \u00a0 \u00a0 \u00a0 \u00a0 \u00a0 \u00a0 \u00a0 \u00a0 \u00a0 \u00a0 \u00a0 \u00a0 \u00a0 \u00a0 \u00a0 \u00a0 \u00a0 \u00a0<strong>Horoskopi:\u00a0<\/strong>Shigjetari<\/p>\n<p>&nbsp;<\/p>\n<p>&nbsp;<\/p>\n","protected":false},"excerpt":{"rendered":"<p>Perl\u00eb Hematiti &amp; Zirkoni &#8211; Varse Ky gur \u00ebsht\u00eb i njohur p\u00ebr vetit\u00eb e tij t\u00eb tok\u00ebzimit. P\u00ebr t\u00eb jetuar nj\u00eb jet\u00eb t\u00eb bazuar mir\u00eb do<span class=\"excerpt-hellip\"> [\u2026]<\/span><\/p>\n","protected":false},"featured_media":6041,"comment_status":"open","ping_status":"closed","template":"","meta":[],"product_brand":[],"product_cat":[2292,2427],"product_tag":[],"class_list":{"0":"post-6282","1":"product","2":"type-product","3":"status-publish","4":"has-post-thumbnail","6":"product_cat-crystal-jewelry-sq","7":"product_cat-cirkonhematit-premium","9":"first","10":"instock","11":"shipping-taxable","12":"purchasable","13":"product-type-simple"},"_links":{"self":[{"href":"https:\/\/tinacrystals.com\/sq\/wp-json\/wp\/v2\/product\/6282","targetHints":{"allow":["GET"]}}],"collection":[{"href":"https:\/\/tinacrystals.com\/sq\/wp-json\/wp\/v2\/product"}],"about":[{"href":"https:\/\/tinacrystals.com\/sq\/wp-json\/wp\/v2\/types\/product"}],"replies":[{"embeddable":true,"href":"https:\/\/tinacrystals.com\/sq\/wp-json\/wp\/v2\/comments?post=6282"}],"wp:featuredmedia":[{"embeddable":true,"href":"https:\/\/tinacrystals.com\/sq\/wp-json\/wp\/v2\/media\/6041"}],"wp:attachment":[{"href":"https:\/\/tinacrystals.com\/sq\/wp-json\/wp\/v2\/media?parent=6282"}],"wp:term":[{"taxonomy":"product_brand","embeddable":true,"href":"https:\/\/tinacrystals.com\/sq\/wp-json\/wp\/v2\/product_brand?post=6282"},{"taxonomy":"product_cat","embeddable":true,"href":"https:\/\/tinacrystals.com\/sq\/wp-json\/wp\/v2\/product_cat?post=6282"},{"taxonomy":"product_tag","embeddable":true,"href":"https:\/\/tinacrystals.com\/sq\/wp-json\/wp\/v2\/product_tag?post=6282"}],"curies":[{"name":"wp","href":"https:\/\/api.w.org\/{rel}","templated":true}]}}