{"id":6317,"date":"2022-01-19T10:54:41","date_gmt":"2022-01-19T10:54:41","guid":{"rendered":"http:\/\/tinacrystals.com\/product\/peme-kristalesh-nga-turkiza\/"},"modified":"2022-06-11T12:38:25","modified_gmt":"2022-06-11T10:38:25","slug":"peme-kristalesh-nga-turkiza","status":"publish","type":"product","link":"https:\/\/tinacrystals.com\/sq\/product\/peme-kristalesh-nga-turkiza\/","title":{"rendered":"Pem\u00eb kristalesh nga Turkeza"},"content":{"rendered":"<p><strong>HOROSKOPI<\/strong>: Shigjetari, Ujori, Demi<br \/>\n<strong>CHAKRA<\/strong>: T\u00eb gjitha<\/p>\n<p><strong><em><br \/>\nTurkeza<\/em><\/strong> ka energjin\u00eb e nj\u00eb shpirti shum\u00eb vjet\u00ebr. Ajo ofron nj\u00eb rrug\u00eb ndri\u00e7imi p\u00ebrmes vet\u00eb-pranimit dhe integrimit.<\/p>\n<p><strong><em><br \/>\nSh\u00ebrimi shpirt\u00ebror:<\/em><\/strong><\/p>\n<p>Turkeza zbut komunikimin midis sfer\u00ebs fizike dhe shpirt\u00ebrore, rrit aft\u00ebsit\u00eb psikike joaktive, rrit intuit\u00ebn dhe ju sjell men\u00e7uri dhe njohuri.<\/p>\n<p>Turkeza \u00ebsht\u00eb nj\u00eb nga sh\u00ebruesit m\u00eb efikas\u00eb, duke ofruar rehati p\u00ebr shpirtin dhe mir\u00ebqenie p\u00ebr trupin. Mbajta e Turkez\u00ebs pran\u00eb jush ndihmon n\u00eb rikthimin e vitalitetit dhe ngre disponimin shpirt\u00ebror.<\/p>\n<p>Ai leht\u00ebson stresin dhe e kthen fokusin n\u00eb qend\u00ebr t\u00eb zemr\u00ebs.<\/p>\n<p><strong><em><br \/>\nSh\u00ebrimi fizik:<\/em><\/strong><\/p>\n<p>Turkeza ofron rehati dhe relaksim p\u00ebr trupin ton\u00eb fizik.<\/p>\n<p>N\u00ebse keni ndonj\u00eb dhimbje trupi, dhimbje gjuri, ose ndonj\u00eb lloj problemi me gjakun ose ndonj\u00eb gj\u00eb q\u00eb nuk ka rrjedhur n\u00eb trupin tuaj, ky kristal do jet\u00eb i dobish\u00ebm p\u00ebr ju n\u00eb keto pjes\u00eb.<\/p>\n<p><strong><em><br \/>\nSh\u00ebrimi emocional:<\/em><\/strong><\/p>\n<p>Ky kristal do ju mbush me fat, energji, men\u00e7uri, kreativitet, durim, besnik\u00ebri, men\u00e7uri, qet\u00ebsi, miq\u00ebsi, g\u00ebzim dhe dashuri.<\/p>\n<p><strong><em><br \/>\nPastroni dhe rimbushni:<\/em><\/strong><\/p>\n<p>Turkeza mund t\u00eb pastrohet dhe rimbushet n\u00eb m\u00ebnyra t\u00eb shumta, e para \u00ebsht\u00eb p\u00ebrdorimi i ujit, mbajtja e kristalit n\u00eb t\u00eb p\u00ebraf\u00ebrsisht nj\u00eb or\u00eb ose m\u00eb pak. M\u00ebnyra e dyt\u00eb \u00ebsht\u00eb drita e diellit, por mos e lini gurin jasht\u00eb n\u00eb rrezet e forta t\u00eb diellit. M\u00ebnyra e tret\u00eb \u00ebsht\u00eb drita e h\u00ebn\u00ebs &#8211; mbajeni kristalin n\u00ebn drit\u00ebn e h\u00ebn\u00ebs p\u00ebr t\u00ebr\u00eb nat\u00ebn dhe hiqeni at\u00eb para ose n\u00eb agim. M\u00ebnyra e kat\u00ebrt \u00ebsht\u00eb p\u00ebrdorimi i tymit t\u00eb sherebel\u00ebs.<\/p>\n","protected":false},"excerpt":{"rendered":"<p>Gjat\u00ebsia: 30cm<br \/>\nM\u00eb i lart druri &#8211; M\u00eb e madhe baza e Agatit natyral.<\/p>\n","protected":false},"featured_media":5621,"comment_status":"open","ping_status":"closed","template":"","meta":[],"product_brand":[],"product_cat":[2405,2372,2374,2293,2370,2300,2358,2309,2303,2310,2307,2305,2306,2354,2359,2368,2352,2308,2351,2360,2304,2404],"product_tag":[],"class_list":{"0":"post-6317","1":"product","2":"type-product","3":"status-publish","4":"has-post-thumbnail","6":"product_cat-blej-sipas","7":"product_cat-blej-sipas-ngjyres","8":"product_cat-blu","9":"product_cat-decorations-sq","10":"product_cat-demi","11":"product_cat-drunje-kristalesh","12":"product_cat-force-stabilitet","13":"product_cat-fyti","14":"product_cat-kurora","15":"product_cat-llojet-e-gurve-te-cmuar","16":"product_cat-pleksusi-diellor","17":"product_cat-rrenja","18":"product_cat-sakrale","19":"product_cat-shendet-balans","20":"product_cat-shenjat-e-horoskopit","21":"product_cat-shigjetari","22":"product_cat-qellim","23":"product_cat-syri-i-trete","24":"product_cat-turkiz","25":"product_cat-ujori","26":"product_cat-zemra","27":"product_cat-zona-e-cakres","29":"first","30":"instock","31":"shipping-taxable","32":"purchasable","33":"product-type-simple"},"_links":{"self":[{"href":"https:\/\/tinacrystals.com\/sq\/wp-json\/wp\/v2\/product\/6317","targetHints":{"allow":["GET"]}}],"collection":[{"href":"https:\/\/tinacrystals.com\/sq\/wp-json\/wp\/v2\/product"}],"about":[{"href":"https:\/\/tinacrystals.com\/sq\/wp-json\/wp\/v2\/types\/product"}],"replies":[{"embeddable":true,"href":"https:\/\/tinacrystals.com\/sq\/wp-json\/wp\/v2\/comments?post=6317"}],"wp:featuredmedia":[{"embeddable":true,"href":"https:\/\/tinacrystals.com\/sq\/wp-json\/wp\/v2\/media\/5621"}],"wp:attachment":[{"href":"https:\/\/tinacrystals.com\/sq\/wp-json\/wp\/v2\/media?parent=6317"}],"wp:term":[{"taxonomy":"product_brand","embeddable":true,"href":"https:\/\/tinacrystals.com\/sq\/wp-json\/wp\/v2\/product_brand?post=6317"},{"taxonomy":"product_cat","embeddable":true,"href":"https:\/\/tinacrystals.com\/sq\/wp-json\/wp\/v2\/product_cat?post=6317"},{"taxonomy":"product_tag","embeddable":true,"href":"https:\/\/tinacrystals.com\/sq\/wp-json\/wp\/v2\/product_tag?post=6317"}],"curies":[{"name":"wp","href":"https:\/\/api.w.org\/{rel}","templated":true}]}}