{"id":6324,"date":"2022-01-19T11:07:33","date_gmt":"2022-01-19T11:07:33","guid":{"rendered":"http:\/\/tinacrystals.com\/product\/peme-kristalesh-nga-ametisti\/"},"modified":"2022-06-11T12:38:21","modified_gmt":"2022-06-11T10:38:21","slug":"peme-kristalesh-nga-ametisti","status":"publish","type":"product","link":"https:\/\/tinacrystals.com\/sq\/product\/peme-kristalesh-nga-ametisti\/","title":{"rendered":"Pem\u00eb kristalesh nga Ametisti"},"content":{"rendered":"<p><b>HOROSKOPI:<\/b><span style=\"font-weight: 400;\"> T\u00eb gjitha.<\/span><\/p>\n<p><b>CHAKRA<\/b><span style=\"font-weight: 400;\">: Syri I tret\u00eb, Kurora<\/span><\/p>\n<p>&nbsp;<\/p>\n<p><span style=\"font-weight: 400;\"><em><strong>Ametisti<\/strong> <\/em>\u00ebsht\u00eb gur i fuqish\u00ebm, krijon nj\u00eb fllusk\u00eb mbrojtjeje shpirt\u00ebrore kund\u00ebr energjis\u00eb negative, do t&#8217;ju ndihmoj\u00eb gjat\u00eb marrjes s\u00eb vendimeve dhe do t&#8217;ju \u00e7liroj\u00eb nga konfuzioni emocional.<\/span><\/p>\n<p>&nbsp;<\/p>\n<p><em><b>Sh\u00ebrimi shpirt\u00ebror:<\/b><\/em><\/p>\n<p><span style=\"font-weight: 400;\">Ky gur zgjon intuit\u00ebn tuaj, zbut trishtimin dhe pik\u00ebllimin, do t\u00eb leht\u00ebsoj\u00eb stresin dhe do t\u00eb qet\u00ebsoj\u00eb nervozizmin.<\/span><\/p>\n<p><span style=\"font-weight: 400;\">Duke pasur k\u00ebt\u00eb kristal pran\u00eb jush, do t\u00eb ndiheni sikur shpirti juaj \u00ebsht\u00eb pastruar nga gjith\u00eb negativiteti dhe do t\u00eb ndiheni si nj\u00eb i porsalindur.<\/span><\/p>\n<p><span style=\"font-weight: 400;\">Ky kristal do t&#8217;ju ndihmoj\u00eb t\u00eb zbatoni fuqit\u00eb tuaja intelektuale n\u00eb situata sfiduese dhe t\u00eb mendoni qart\u00eb p\u00ebr marrjen e vendimeve t\u00eb duhura.<\/span><\/p>\n<p>&nbsp;<\/p>\n<p><em><b>Sh\u00ebrimi fizik:<\/b><\/em><\/p>\n<p><span style=\"font-weight: 400;\">N\u00eb sh\u00ebrimin fizik do t\u00eb shihni se Ametisti \u00ebsht\u00eb guri q\u00eb ju nevojitet v\u00ebrtet n\u00eb jet\u00ebn tuaj.<\/span><\/p>\n<p><span style=\"font-weight: 400;\">Do t&#8217;ju jap\u00eb nj\u00eb jet\u00eb t\u00eb sh\u00ebndetshme dhe do t\u00eb inkurajoj\u00eb nj\u00eb gjum\u00eb dhe pushim t\u00eb qet\u00eb.<\/span><\/p>\n<p><span style=\"font-weight: 400;\">Ametisti do t&#8217;ju ndihmoj\u00eb t\u00eb balanconi metabolizmin dhe pozitivisht trupi juaj do t\u00eb gjej\u00eb harmonin\u00eb e tij t\u00eb brendshme.<\/span><\/p>\n<p><span style=\"font-weight: 400;\">Ky kristal \u00ebsht\u00eb i njohur edhe p\u00ebr t\u00eb ndihmuar n\u00eb luft\u00ebn me pagjum\u00ebsin\u00eb.<\/span><\/p>\n<p><span style=\"font-weight: 400;\">P\u00ebr ata q\u00eb vuajn\u00eb nga dhimbje koke si migrena apo tensioni, at\u00ebher\u00eb Ametisti \u00ebsht\u00eb kristali juaj i domosdosh\u00ebm.<\/span><\/p>\n<p>&nbsp;<\/p>\n<p><em><b>Sh\u00ebrimi emocional:<\/b><\/em><\/p>\n<p><span style=\"font-weight: 400;\">Ametisti \u00ebsht\u00eb i njohur p\u00ebr sjelljen e qet\u00ebsis\u00eb dhe qart\u00ebsis\u00eb n\u00eb k\u00ebt\u00eb bot\u00eb kaotike, n\u00ebse e keni k\u00ebt\u00eb kristal pran\u00eb jush, do t\u00eb ndiheni t\u00eb relaksuar n\u00eb nj\u00eb m\u00ebnyr\u00eb v\u00ebrtet frym\u00ebzuese.<\/span><\/p>\n<p><span style=\"font-weight: 400;\">Ametisti p\u00ebrqendron emocionet tuaja dhe p\u00ebr shkak t\u00eb k\u00ebsaj mund t&#8217;ju sh\u00ebroj\u00eb nga vuajtja me emocione d\u00ebrrmuese q\u00eb vijn\u00eb me t\u00eb gjitha llojet e trishtimit.<\/span><\/p>\n<p><span style=\"font-weight: 400;\">Nd\u00ebrsa ky kristal funksionon p\u00ebr t\u00eb eliminuar negativitetin nga ju, ai gjithashtu duket se shkakton nj\u00eb shk\u00ebndij\u00eb q\u00eb zbulon puset tuaja t\u00eb frym\u00ebzimit, kur t\u00eb jeni t\u00eb qet\u00eb dhe t\u00eb stabilizuar, do t\u00eb jeni n\u00eb gjendje t\u00eb p\u00ebrdorni mendjen tuaj krijuese dhe t\u00eb zbuloni idet\u00eb q\u00eb ishin fshehur n\u00eb mure t\u00eb kaosit.<\/span><\/p>\n<p><span style=\"font-weight: 400;\">Ametisti \u00ebsht\u00eb nj\u00eb kujtes\u00eb e but\u00eb se jo \u00e7do gj\u00eb q\u00eb humbet \u00ebsht\u00eb humbje. Ai do t&#8217;ju ndihmoj\u00eb t\u00eb lini dik\u00eb q\u00eb doni t\u00eb shkoj\u00eb, do t&#8217;ju m\u00ebsoj\u00eb se ka ende jet\u00eb p\u00ebr t\u00eb festuar.<\/span><\/p>\n<p>&nbsp;<\/p>\n<p><em><b>Pastrimi dhe rimbushje:<\/b><\/em><\/p>\n<p><span style=\"font-weight: 400;\">Ametisti mund t\u00eb pastrohet n\u00eb m\u00ebnyr\u00eb t\u00eb sigurt me uj\u00eb t\u00eb ngroht\u00eb me sapun. Pastrimi me avull nuk rekomandohet dhe ky kristal nuk duhet t&#8217;i n\u00ebnshtrohet nxeht\u00ebsis\u00eb.<\/span><\/p>\n<p><span style=\"font-weight: 400;\">Rimbushja e kristalit t\u00eb Ametistit \u00ebsht\u00eb nj\u00eb m\u00ebnyr\u00eb e thjesht\u00eb! Thjesht, mund ta vendosni kristalin n\u00eb nj\u00eb tas me krip\u00eb t\u00eb that\u00eb pa uj\u00eb. L\u00ebreni p\u00ebr 30 minuta, dhe 4 or\u00eb n\u00eb rrezet e diellit. Kjo do ta ndihmoj\u00eb kristalin tuaj t\u00eb rimbushet.<\/span><\/p>\n","protected":false},"excerpt":{"rendered":"<p>Gjat\u00ebsia: 20cm<br \/>\nM\u00eb i lart druri &#8211; M\u00eb e madhe baza e Agatit natyral.<\/p>\n","protected":false},"featured_media":5615,"comment_status":"open","ping_status":"closed","template":"","meta":[],"product_brand":[],"product_cat":[2369,2311,2405,2372,2293,2300,2362,2303,2310,2357,2366,2354,2359,2352,2308,2360,2371,2383,2404],"product_tag":[],"class_list":{"0":"post-6324","1":"product","2":"type-product","3":"status-publish","4":"has-post-thumbnail","6":"product_cat-akrepi-sq","7":"product_cat-ametist","8":"product_cat-blej-sipas","9":"product_cat-blej-sipas-ngjyres","10":"product_cat-decorations-sq","11":"product_cat-drunje-kristalesh","12":"product_cat-gaforrja","13":"product_cat-kurora","14":"product_cat-llojet-e-gurve-te-cmuar","15":"product_cat-mbrotje-paqe","16":"product_cat-peshorja","17":"product_cat-shendet-balans","18":"product_cat-shenjat-e-horoskopit","19":"product_cat-qellim","20":"product_cat-syri-i-trete","21":"product_cat-ujori","22":"product_cat-virgjersha","23":"product_cat-vjollce","24":"product_cat-zona-e-cakres","26":"first","27":"instock","28":"shipping-taxable","29":"purchasable","30":"product-type-simple"},"_links":{"self":[{"href":"https:\/\/tinacrystals.com\/sq\/wp-json\/wp\/v2\/product\/6324","targetHints":{"allow":["GET"]}}],"collection":[{"href":"https:\/\/tinacrystals.com\/sq\/wp-json\/wp\/v2\/product"}],"about":[{"href":"https:\/\/tinacrystals.com\/sq\/wp-json\/wp\/v2\/types\/product"}],"replies":[{"embeddable":true,"href":"https:\/\/tinacrystals.com\/sq\/wp-json\/wp\/v2\/comments?post=6324"}],"wp:featuredmedia":[{"embeddable":true,"href":"https:\/\/tinacrystals.com\/sq\/wp-json\/wp\/v2\/media\/5615"}],"wp:attachment":[{"href":"https:\/\/tinacrystals.com\/sq\/wp-json\/wp\/v2\/media?parent=6324"}],"wp:term":[{"taxonomy":"product_brand","embeddable":true,"href":"https:\/\/tinacrystals.com\/sq\/wp-json\/wp\/v2\/product_brand?post=6324"},{"taxonomy":"product_cat","embeddable":true,"href":"https:\/\/tinacrystals.com\/sq\/wp-json\/wp\/v2\/product_cat?post=6324"},{"taxonomy":"product_tag","embeddable":true,"href":"https:\/\/tinacrystals.com\/sq\/wp-json\/wp\/v2\/product_tag?post=6324"}],"curies":[{"name":"wp","href":"https:\/\/api.w.org\/{rel}","templated":true}]}}