{"id":6339,"date":"2022-01-19T11:16:46","date_gmt":"2022-01-19T11:16:46","guid":{"rendered":"http:\/\/tinacrystals.com\/product\/peme-kristalesh-nga-aventurina-e-gjelbert\/"},"modified":"2022-06-11T12:38:17","modified_gmt":"2022-06-11T10:38:17","slug":"peme-kristalesh-nga-aventurina-e-gjelbert","status":"publish","type":"product","link":"https:\/\/tinacrystals.com\/sq\/product\/peme-kristalesh-nga-aventurina-e-gjelbert\/","title":{"rendered":"Pem\u00eb kristalesh nga Aventurina e Gjelb\u00ebrt"},"content":{"rendered":"<p><strong>Pem\u00eb kristalesh nga Aventurina e Gjelb\u00ebrt<\/strong><\/p>\n<p>Aventurina njihet si nj\u00eb gur sh\u00ebrues i gjithansh\u00ebm q\u00eb ju ndihmon t\u00eb jetoni brenda tempullit t\u00eb zemr\u00ebs suaj. Duke e pasur pran\u00eb do t&#8217;ju ndihmoj\u00eb t\u00eb balancoheni n\u00eb t\u00eb gjitha aspektet, ve\u00e7an\u00ebrisht n\u00eb an\u00ebn emocionale. Do t&#8217;ju qet\u00ebsoj\u00eb dhe do t\u00eb largoj\u00eb \u00e7do mendim negativ q\u00eb mund t\u00eb keni.<\/p>\n<p>Kjo Aventurine e Gjelb\u00ebr gjithashtu \u00ebsht\u00eb domosdoshm\u00ebri p\u00ebr t\u00eb pasur fat t\u00eb mir\u00eb, prosperitet dhe besim n\u00eb ju dhe n\u00eb jet\u00ebn tuaj.<\/p>\n<p>&nbsp;<\/p>\n<p><strong>Si t\u00eb p\u00ebrdorni pem\u00ebn tuaj t\u00eb kristaleve?<\/strong><\/p>\n<p>Pem\u00ebt tona t\u00eb kristalta jan\u00eb nj\u00eb pjes\u00eb e p\u00ebrjetshme, q\u00eb do t\u00eb thot\u00eb se nuk duhet t\u00eb shqet\u00ebsoheni n\u00ebse ato do t\u00eb dalin nga moda. Ana pozitive e pem\u00ebve tona t\u00eb kristalta \u00ebsht\u00eb se kudo q\u00eb i keni, ato duken t\u00eb mahnitshme dhe secila prej tyre ka nj\u00eb bukuri unike q\u00eb kur syt\u00eb tuaj e kapin at\u00eb, ju l\u00eb t\u00eb d\u00ebshironi gjithmon\u00eb p\u00ebr m\u00eb shum\u00eb.<\/p>\n<p>P\u00ebr shkak se \u00e7do pem\u00eb ka fuqit\u00eb dhe aft\u00ebsit\u00eb e veta, ju rekomandojm\u00eb t&#8217;i mbani ato n\u00eb nj\u00eb vend t\u00eb hapur ku kaloni shum\u00eb koh\u00eb. Mund t\u00eb jet\u00eb nj\u00eb raft, tavolin\u00eb, komodin\u00eb\u2026 Gjith\u00e7ka varet nga ju, vet\u00ebm sigurohuni q\u00eb t\u00eb mos e keni diku ku mund t\u00eb lini pas dore kristalin.<\/p>\n<p>Ne u themi gjithmon\u00eb klient\u00ebve tan\u00eb se mbajtja e kristaleve tuaja pran\u00eb nj\u00eb dritareje \u00ebsht\u00eb me t\u00eb v\u00ebrtet\u00eb efektive p\u00ebr ju dhe vet\u00eb kristalin, ju mund t\u00eb b\u00ebni t\u00eb nj\u00ebjt\u00ebn gj\u00eb me pem\u00ebn tuaj t\u00eb kristalit. Kjo do t\u00eb lejoj\u00eb q\u00eb kristalet t\u00eb rimbushen vazhdimisht nga h\u00ebna ose rrezet e diellit, n\u00eb var\u00ebsi t\u00eb llojit q\u00eb merrni.<\/p>\n<p><strong>Horoskopi<\/strong>: Dashi, Gaforrja,Luani, Virgjeresha<\/p>\n<p><strong>\u00c7akrat:<\/strong> shpretk\u00eb, zem\u00ebr<\/p>\n<p>&nbsp;<\/p>\n","protected":false},"excerpt":{"rendered":"<p>Gjat\u00ebsia: 20cm<br \/>\nM\u00eb i lart druri &#8211; M\u00eb e madhe baza e Agatit natyral.<\/p>\n","protected":false},"featured_media":5609,"comment_status":"open","ping_status":"closed","template":"","meta":[],"product_brand":[],"product_cat":[2315,2405,2372,2361,2293,2300,2356,2379,2310,2365,2359,2352,2304,2404],"product_tag":[],"class_list":{"0":"post-6339","1":"product","2":"type-product","3":"status-publish","4":"has-post-thumbnail","6":"product_cat-aventurine-sq","7":"product_cat-blej-sipas","8":"product_cat-blej-sipas-ngjyres","9":"product_cat-dashi","10":"product_cat-decorations-sq","11":"product_cat-drunje-kristalesh","12":"product_cat-fat-sukses","13":"product_cat-gjelbert","14":"product_cat-llojet-e-gurve-te-cmuar","15":"product_cat-luani","16":"product_cat-shenjat-e-horoskopit","17":"product_cat-qellim","18":"product_cat-zemra","19":"product_cat-zona-e-cakres","21":"first","22":"instock","23":"shipping-taxable","24":"purchasable","25":"product-type-simple"},"_links":{"self":[{"href":"https:\/\/tinacrystals.com\/sq\/wp-json\/wp\/v2\/product\/6339","targetHints":{"allow":["GET"]}}],"collection":[{"href":"https:\/\/tinacrystals.com\/sq\/wp-json\/wp\/v2\/product"}],"about":[{"href":"https:\/\/tinacrystals.com\/sq\/wp-json\/wp\/v2\/types\/product"}],"replies":[{"embeddable":true,"href":"https:\/\/tinacrystals.com\/sq\/wp-json\/wp\/v2\/comments?post=6339"}],"wp:featuredmedia":[{"embeddable":true,"href":"https:\/\/tinacrystals.com\/sq\/wp-json\/wp\/v2\/media\/5609"}],"wp:attachment":[{"href":"https:\/\/tinacrystals.com\/sq\/wp-json\/wp\/v2\/media?parent=6339"}],"wp:term":[{"taxonomy":"product_brand","embeddable":true,"href":"https:\/\/tinacrystals.com\/sq\/wp-json\/wp\/v2\/product_brand?post=6339"},{"taxonomy":"product_cat","embeddable":true,"href":"https:\/\/tinacrystals.com\/sq\/wp-json\/wp\/v2\/product_cat?post=6339"},{"taxonomy":"product_tag","embeddable":true,"href":"https:\/\/tinacrystals.com\/sq\/wp-json\/wp\/v2\/product_tag?post=6339"}],"curies":[{"name":"wp","href":"https:\/\/api.w.org\/{rel}","templated":true}]}}