{"id":6351,"date":"2022-01-19T11:29:01","date_gmt":"2022-01-19T11:29:01","guid":{"rendered":"http:\/\/tinacrystals.com\/product\/peme-kristalesh-nga-kuarci-i-tejdukshem-ametist-amazonit\/"},"modified":"2025-10-14T01:15:51","modified_gmt":"2025-10-13T23:15:51","slug":"peme-kristalesh-nga-kuarci-i-tejdukshem-ametist-amazonit","status":"publish","type":"product","link":"https:\/\/tinacrystals.com\/sq\/product\/peme-kristalesh-nga-kuarci-i-tejdukshem-ametist-amazonit\/","title":{"rendered":"Pem\u00eb Kristalesh nga Kuarci i Tejduksh\u00ebm, Ametist &#038; Amazonit"},"content":{"rendered":"<p><b>HOROSKOPI:<\/b><span style=\"font-weight: 400;\"> T\u00eb gjitha.<\/span><\/p>\n<p><b>CHAKRA<\/b><span style=\"font-weight: 400;\">: Syri I tret\u00eb, Kurora<\/span><\/p>\n<p>&nbsp;<\/p>\n<p><em><strong>Ametisti<\/strong> <\/em>\u00ebsht\u00eb gur i fuqish\u00ebm, krijon nj\u00eb fllusk\u00eb mbrojtjeje shpirt\u00ebrore kund\u00ebr energjis\u00eb negative, do t&#8217;ju ndihmoj\u00eb gjat\u00eb marrjes s\u00eb vendimeve dhe do t&#8217;ju \u00e7liroj\u00eb nga konfuzioni emocional.<\/p>\n<p><em><strong>Kuarci i past\u00ebr<\/strong><\/em> ju m\u00ebson t\u00eb jetoni, t\u00eb qeshni dhe t\u00eb doni me gjith\u00eb njer\u00ebzimin.<\/p>\n<p><em><strong>Amazoniti<\/strong><\/em>\u00a0Njihet si guri i shpres\u00ebs me fat, pasi do t\u00eb jet\u00eb me fat p\u00ebr t\u00eb gjitha shpresat dhe \u00ebndrrat tuaja.<\/p>\n<p>&nbsp;<\/p>\n<p><em><strong>Sh\u00ebrimi shpirt\u00ebror:<\/strong><\/em><\/p>\n<p>Guri i ametistit zgjon intuit\u00ebn tuaj, zbut trishtimin dhe pik\u00ebllimin, do t\u00eb leht\u00ebsoj\u00eb stresin dhe do t\u00eb qet\u00ebsoj\u00eb nervozizmin.<\/p>\n<p>Kuarci i past\u00ebr \u00ebsht\u00eb nj\u00eb kristal mjesht\u00ebr sh\u00ebrues. Kristali vepron si nj\u00eb pastrues p\u00ebr shpirtin, do t&#8217;ju b\u00ebj\u00eb t\u00eb ndiheni t\u00eb lir\u00eb nga situatat e kaluara q\u00eb keni pasur dhe do t&#8217;ju ndihmoj\u00eb t\u00eb leht\u00ebsoni negativitetin.<\/p>\n<p>Amazoniti njihet si Guri i guximit, i njohur p\u00ebr promovimin e dashuris\u00eb dhe intuit\u00ebs universale. Ju ndihmon t\u00eb flisni me zemr\u00ebn tuaj dhe t\u00eb jeni t\u00eb v\u00ebrtet\u00eb me veten tuaj.<\/p>\n<p>&nbsp;<\/p>\n<p><em><strong>Sh\u00ebrimi fizik:<\/strong><\/em><\/p>\n<p>Ametisti do t&#8217;ju ndihmoj\u00eb t\u00eb balanconi metabolizmin dhe pozitivisht trupi juaj do t\u00eb gjej\u00eb harmonin\u00eb e tij t\u00eb brendshme. Ky kristal \u00ebsht\u00eb i njohur edhe p\u00ebr t\u00eb ndihmuar n\u00eb luft\u00ebn me pagjum\u00ebsin\u00eb.<\/p>\n<p>Kuarci i past\u00ebr stimulon sistemin imunitar, duke nisur metabolizmin tuaj dhe madje ju ndihmon n\u00eb \u00e7\u00ebshtjet e humbjes s\u00eb pesh\u00ebs.<\/p>\n<p>Amazoniti ndihmon n\u00eb balancimin e proceseve metabolike q\u00eb lidhen me asimilimin e kalciumit.<\/p>\n<p>&nbsp;<\/p>\n<p><em><strong>Sh\u00ebrimi emocional:<\/strong><\/em><\/p>\n<p>Ametisti \u00ebsht\u00eb i njohur p\u00ebr t\u00eb sjell\u00eb qet\u00ebsi dhe qart\u00ebsi n\u00eb k\u00ebt\u00eb bot\u00eb kaotike, n\u00ebse e keni k\u00ebt\u00eb kristal pran\u00eb jush, do t\u00eb ndiheni t\u00eb ngush\u00eblluar n\u00eb nj\u00eb m\u00ebnyr\u00eb v\u00ebrtet ngrit\u00ebse.<\/p>\n<p>Kuarci i past\u00ebr stimulon ndjenja m\u00eb t\u00eb ndritshme dhe merr edhe nuancat m\u00eb t\u00eb vogla t\u00eb g\u00ebzimit dhe e kthen at\u00eb n\u00eb di\u00e7ka m\u00eb t\u00eb madhe se jeta n\u00ebse jeni t\u00eb gatsh\u00ebm ta lejoni.<\/p>\n<p>Amazoniti \u00ebsht\u00eb kristali m\u00eb i mir\u00eb p\u00ebr t\u00eb patur nj\u00eb pik\u00ebpamje pesimiste p\u00ebr jet\u00ebn.<\/p>\n<p>&nbsp;<\/p>\n<p><em><strong>Pastrimi dhe rimbushja:<\/strong><\/em><\/p>\n<p>Mund t\u00eb pastrohet n\u00eb m\u00ebnyr\u00eb t\u00eb sigurt me uj\u00eb t\u00eb ngroht\u00eb me sapun. Pastrimi me avull nuk rekomandohet dhe ky kristal nuk duhet t&#8217;i n\u00ebnshtrohet nxeht\u00ebsis\u00eb.<\/p>\n<p>Rimbushja e kristalit \u00ebsht\u00eb nj\u00eb m\u00ebnyr\u00eb e thjesht\u00eb! Thjesht, mund ta vendosni kristalin n\u00eb nj\u00eb tas me krip\u00eb t\u00eb that\u00eb pa uj\u00eb. L\u00ebreni p\u00ebr 30 minuta dhe 4 or\u00eb n\u00eb rrezet e diellit. Kjo do ta ndihmoj\u00eb kristalin tuaj t\u00eb rikarikohet super.<\/p>\n","protected":false},"excerpt":{"rendered":"<p>Gjat\u00ebsia: 20cm<br \/>\nM\u00eb i lart druri &#8211; M\u00eb e madhe baza e Agatit natyral.<\/p>\n","protected":false},"featured_media":5606,"comment_status":"open","ping_status":"closed","template":"","meta":[],"product_brand":[],"product_cat":[2369,2402,2311,2405,2372,2293,2300,2362,2320,2303,2310,2353,2357,2366,2354,2359,2352,2308,2360,2371,2383,2404],"product_tag":[],"class_list":{"0":"post-6351","1":"product","2":"type-product","3":"status-publish","4":"has-post-thumbnail","6":"product_cat-akrepi-sq","7":"product_cat-amazonite-sq","8":"product_cat-ametist","9":"product_cat-blej-sipas","10":"product_cat-blej-sipas-ngjyres","11":"product_cat-decorations-sq","12":"product_cat-drunje-kristalesh","13":"product_cat-gaforrja","14":"product_cat-kuarc-i-tejdukshem","15":"product_cat-kurora","16":"product_cat-llojet-e-gurve-te-cmuar","17":"product_cat-lumturi-vetebesim","18":"product_cat-mbrotje-paqe","19":"product_cat-peshorja","20":"product_cat-shendet-balans","21":"product_cat-shenjat-e-horoskopit","22":"product_cat-qellim","23":"product_cat-syri-i-trete","24":"product_cat-ujori","25":"product_cat-virgjersha","26":"product_cat-vjollce","27":"product_cat-zona-e-cakres","29":"first","30":"instock","31":"shipping-taxable","32":"purchasable","33":"product-type-simple"},"_links":{"self":[{"href":"https:\/\/tinacrystals.com\/sq\/wp-json\/wp\/v2\/product\/6351","targetHints":{"allow":["GET"]}}],"collection":[{"href":"https:\/\/tinacrystals.com\/sq\/wp-json\/wp\/v2\/product"}],"about":[{"href":"https:\/\/tinacrystals.com\/sq\/wp-json\/wp\/v2\/types\/product"}],"replies":[{"embeddable":true,"href":"https:\/\/tinacrystals.com\/sq\/wp-json\/wp\/v2\/comments?post=6351"}],"wp:featuredmedia":[{"embeddable":true,"href":"https:\/\/tinacrystals.com\/sq\/wp-json\/wp\/v2\/media\/5606"}],"wp:attachment":[{"href":"https:\/\/tinacrystals.com\/sq\/wp-json\/wp\/v2\/media?parent=6351"}],"wp:term":[{"taxonomy":"product_brand","embeddable":true,"href":"https:\/\/tinacrystals.com\/sq\/wp-json\/wp\/v2\/product_brand?post=6351"},{"taxonomy":"product_cat","embeddable":true,"href":"https:\/\/tinacrystals.com\/sq\/wp-json\/wp\/v2\/product_cat?post=6351"},{"taxonomy":"product_tag","embeddable":true,"href":"https:\/\/tinacrystals.com\/sq\/wp-json\/wp\/v2\/product_tag?post=6351"}],"curies":[{"name":"wp","href":"https:\/\/api.w.org\/{rel}","templated":true}]}}