{"id":6373,"date":"2022-01-19T12:00:47","date_gmt":"2022-01-19T12:00:48","guid":{"rendered":"http:\/\/tinacrystals.com\/?post_type=product&#038;p=6373"},"modified":"2022-06-11T12:35:22","modified_gmt":"2022-06-11T10:35:22","slug":"peme-kristalesh-nga-turmalina-copy","status":"publish","type":"product","link":"https:\/\/tinacrystals.com\/sq\/product\/peme-kristalesh-nga-turmalina-copy\/","title":{"rendered":"Pem\u00eb Kristalesh nga Tormalina"},"content":{"rendered":"<p><strong>HOROSKOPI<\/strong>: Peshorja<br \/>\n<strong>CHAKRA<\/strong>: Rr\u00ebnja<\/p>\n<p>Turmalina \u00ebsht\u00eb nj\u00eb gur i \u00e7muar i fort\u00eb i njohur p\u00ebr p\u00ebrfitimet e shumta q\u00eb ka n\u00eb lidhje me bukurin\u00eb dhe sh\u00ebrimin. Ai shihet si nj\u00eb gur mbrojt\u00ebs q\u00eb ofron siguri nd\u00ebrsa rrezaton nj\u00eb energji mb\u00ebshtet\u00ebse dhe motivuese ndaj personit q\u00eb mban k\u00ebt\u00eb gjerdan.<\/p>\n<p><strong><em><br \/>\nSh\u00ebrimi shpirt\u00ebror:<\/em><\/strong><\/p>\n<p>Turmalina ju mbush me vet\u00ebbesim nd\u00ebrsa ju mbron nga negativiteti q\u00eb mund t\u00eb ul\u00eb produktivitetin tuaj.<\/p>\n<p>Ju m\u00ebson t\u00eb kaloni sfidat dhe t\u00eb forconi marr\u00ebdh\u00ebnien tuaj.<\/p>\n<p><strong><em><br \/>\nSh\u00ebrimi fizik:<\/em><\/strong><\/p>\n<p>Turmalina \u00ebsht\u00eb shum\u00eb e dobishme p\u00ebr syt\u00eb tuaj.<\/p>\n<p>\u00cbsht\u00eb gjithashtu i p\u00ebrshtatsh\u00ebm p\u00ebr sh\u00ebrimin e organeve tuaja t\u00eb zbraz\u00ebta si zorr\u00ebt, mitra dhe stomaku.<\/p>\n<p>Besohet se ndihmon n\u00eb reduktimin e simptomave t\u00eb epilepsis\u00eb.<\/p>\n<p>Turmalina gjithashtu stimulon sh\u00ebrimin e indeve t\u00eb muskujve, rrjedhjen e gjakut, metabolizmin dhe sistemin tret\u00ebs.<\/p>\n<p><strong><em><br \/>\nSh\u00ebrimi emocional:<\/em><\/strong><\/p>\n<p>Turmalina ndihmon n\u00eb promovimin e besimit dhe vet\u00eb-pranimit.<\/p>\n<p>Meqen\u00ebse ky gur \u00ebsht\u00eb i lidhur thell\u00ebsisht me \u00e7akr\u00ebn e rr\u00ebnj\u00ebs, ai ju kujton gjithmon\u00eb veten tuaj t\u00eb v\u00ebrtet\u00eb dhe largon \u00e7do lloj ndjenje negative q\u00eb mund t\u00eb keni.<\/p>\n<p><strong><em><br \/>\nPastroni dhe rimbushni:<\/em><\/strong><\/p>\n<p>M\u00ebnyra m\u00eb e mir\u00eb e rekomanduar p\u00ebr t\u00eb pastruar turmalin\u00ebn \u00ebsht\u00eb duke p\u00ebrdorur sapun dhe uj\u00eb t\u00eb ngroht\u00eb p\u00ebr ta pastruar at\u00eb p\u00ebr disa minuta.<\/p>\n<p>Mbajeni turmalin\u00ebn tuaj n\u00ebn h\u00ebn\u00ebn e plot\u00eb p\u00ebr disa or\u00eb ose gjith\u00eb nat\u00ebn para se t\u00eb marr\u00eb drit\u00eb.<\/p>\n","protected":false},"excerpt":{"rendered":"<p>Gjat\u00ebsia: 20cm<br \/>\nM\u00eb i lart druri &#8211; M\u00eb e madhe baza e Agatit natyral.<\/p>\n","protected":false},"featured_media":5600,"comment_status":"open","ping_status":"closed","template":"","meta":[],"product_brand":[],"product_cat":[2405,2372,2293,2300,2358,2310,2366,2305,2359,2380,2352,2350,2404],"product_tag":[],"class_list":{"0":"post-6373","1":"product","2":"type-product","3":"status-publish","4":"has-post-thumbnail","6":"product_cat-blej-sipas","7":"product_cat-blej-sipas-ngjyres","8":"product_cat-decorations-sq","9":"product_cat-drunje-kristalesh","10":"product_cat-force-stabilitet","11":"product_cat-llojet-e-gurve-te-cmuar","12":"product_cat-peshorja","13":"product_cat-rrenja","14":"product_cat-shenjat-e-horoskopit","15":"product_cat-shumengjyresh","16":"product_cat-qellim","17":"product_cat-turmalina","18":"product_cat-zona-e-cakres","20":"first","21":"instock","22":"shipping-taxable","23":"purchasable","24":"product-type-simple"},"_links":{"self":[{"href":"https:\/\/tinacrystals.com\/sq\/wp-json\/wp\/v2\/product\/6373","targetHints":{"allow":["GET"]}}],"collection":[{"href":"https:\/\/tinacrystals.com\/sq\/wp-json\/wp\/v2\/product"}],"about":[{"href":"https:\/\/tinacrystals.com\/sq\/wp-json\/wp\/v2\/types\/product"}],"replies":[{"embeddable":true,"href":"https:\/\/tinacrystals.com\/sq\/wp-json\/wp\/v2\/comments?post=6373"}],"wp:featuredmedia":[{"embeddable":true,"href":"https:\/\/tinacrystals.com\/sq\/wp-json\/wp\/v2\/media\/5600"}],"wp:attachment":[{"href":"https:\/\/tinacrystals.com\/sq\/wp-json\/wp\/v2\/media?parent=6373"}],"wp:term":[{"taxonomy":"product_brand","embeddable":true,"href":"https:\/\/tinacrystals.com\/sq\/wp-json\/wp\/v2\/product_brand?post=6373"},{"taxonomy":"product_cat","embeddable":true,"href":"https:\/\/tinacrystals.com\/sq\/wp-json\/wp\/v2\/product_cat?post=6373"},{"taxonomy":"product_tag","embeddable":true,"href":"https:\/\/tinacrystals.com\/sq\/wp-json\/wp\/v2\/product_tag?post=6373"}],"curies":[{"name":"wp","href":"https:\/\/api.w.org\/{rel}","templated":true}]}}