{"id":6383,"date":"2022-01-19T12:24:54","date_gmt":"2022-01-19T12:24:55","guid":{"rendered":"http:\/\/tinacrystals.com\/?post_type=product&#038;p=6383"},"modified":"2022-06-11T12:35:13","modified_gmt":"2022-06-11T10:35:13","slug":"peme-kristalesh-nga-citrina-copy-2","status":"publish","type":"product","link":"https:\/\/tinacrystals.com\/sq\/product\/peme-kristalesh-nga-citrina-copy-2\/","title":{"rendered":"Pem\u00eb kristalesh nga Citrina"},"content":{"rendered":"<p><strong>HOROSKOPI<\/strong>: Dashi, Luani, Peshorja, Binjak\u00ebt<\/p>\n<p><strong>CHAKRA<\/strong>: Kuror\u00eb, Sakrale<\/p>\n<p>Si emri q\u00eb mban, <em><strong>Citrina<\/strong> <\/em>\u00ebsht\u00eb nj\u00eb kristal i verdh\u00eb i ndezur q\u00eb rrit vet\u00ebvler\u00ebsimin tuaj, besimin tuaj dhe ju b\u00ebn t\u00eb vet\u00ebdijsh\u00ebm p\u00ebr vler\u00ebn q\u00eb keni.<\/p>\n<p><em><strong>Sh\u00ebrimi shpirt\u00ebror:<\/strong><\/em><\/p>\n<p>Kuptimi shpirt\u00ebror i citrin\u00ebs jan\u00eb nuancat e verdha q\u00eb simbolizojn\u00eb cil\u00ebsit\u00eb shpirt\u00ebrore t\u00eb g\u00ebzimit, boll\u00ebkut dhe shnd\u00ebrrimit.<\/p>\n<p>Me k\u00ebt\u00eb kristal n\u00eb mendjen tuaj, ju mund ta p\u00ebrdorni at\u00eb si nj\u00eb mjet p\u00ebr t\u00eb sjell\u00eb energji pozitive n\u00eb zonat q\u00eb mund t\u00eb keni ose dyshoni se keni energji negative.<\/p>\n<p><em><strong>Sh\u00ebrimi fizik:<\/strong><\/em><\/p>\n<p>\u00cbsht\u00eb e dobishme p\u00ebr sindrom\u00ebn e lodhjes kronike dhe mund t\u00eb ndihmoj\u00eb n\u00eb kthimin e s\u00ebmundjeve degjenerative.<\/p>\n<p>Citrina aktivizon impulset nervore, duke forcuar inteligjenc\u00ebn, p\u00ebrqendrimin dhe men\u00e7urin\u00eb. Ndihmon gjithashtu n\u00eb humbjen e kujtes\u00ebs afatshkurt\u0435.<\/p>\n<p><em><strong>Sh\u00ebrimi emocional:<\/strong><\/em><\/p>\n<p>Citrina do t&#8217;ju ndihmoj\u00eb t\u00eb q\u00ebndroni t\u00eb qet\u00eb dhe pozitiv.<\/p>\n<p>Do t\u00eb balancoj\u00eb luhatjet tuaja t\u00eb humorit, dhe gjithashtu do t&#8217;ju ndihmoj\u00eb t\u00eb mendoni n\u00eb m\u00ebnyr\u00eb racionale.<\/p>\n<p>N\u00ebse e merrni pran\u00eb vetes, do t\u00eb ndjeni energjin\u00eb e saj pozitive.<\/p>\n<p><em><strong>Pastrimi dhe rimbushja:<\/strong><\/em><\/p>\n<p>Kristali i citrin\u00ebs mund t\u00eb pastrohet duke p\u00ebrdorur uj\u00eb, sherebel\u00eb, krip\u00eb, temjan ose selenit.<\/p>\n<p>Vendoseni n\u00eb rrezet e diellit p\u00ebr ta rimbushur.<\/p>\n","protected":false},"excerpt":{"rendered":"<p>Gjat\u00ebsia: 20cm<br \/>\nM\u00eb i lart druri &#8211; M\u00eb e madhe baza e Agatit natyral.<\/p>\n","protected":false},"featured_media":5591,"comment_status":"open","ping_status":"closed","template":"","meta":[],"product_brand":[],"product_cat":[2364,2405,2372,2319,2361,2293,2300,2356,2303,2310,2365,2353,2366,2306,2359,2352,2386,2404],"product_tag":[],"class_list":{"0":"post-6383","1":"product","2":"type-product","3":"status-publish","4":"has-post-thumbnail","6":"product_cat-binjaket","7":"product_cat-blej-sipas","8":"product_cat-blej-sipas-ngjyres","9":"product_cat-citrine-sq","10":"product_cat-dashi","11":"product_cat-decorations-sq","12":"product_cat-drunje-kristalesh","13":"product_cat-fat-sukses","14":"product_cat-kurora","15":"product_cat-llojet-e-gurve-te-cmuar","16":"product_cat-luani","17":"product_cat-lumturi-vetebesim","18":"product_cat-peshorja","19":"product_cat-sakrale","20":"product_cat-shenjat-e-horoskopit","21":"product_cat-qellim","22":"product_cat-verdhe","23":"product_cat-zona-e-cakres","25":"first","26":"outofstock","27":"shipping-taxable","28":"purchasable","29":"product-type-simple"},"_links":{"self":[{"href":"https:\/\/tinacrystals.com\/sq\/wp-json\/wp\/v2\/product\/6383","targetHints":{"allow":["GET"]}}],"collection":[{"href":"https:\/\/tinacrystals.com\/sq\/wp-json\/wp\/v2\/product"}],"about":[{"href":"https:\/\/tinacrystals.com\/sq\/wp-json\/wp\/v2\/types\/product"}],"replies":[{"embeddable":true,"href":"https:\/\/tinacrystals.com\/sq\/wp-json\/wp\/v2\/comments?post=6383"}],"wp:featuredmedia":[{"embeddable":true,"href":"https:\/\/tinacrystals.com\/sq\/wp-json\/wp\/v2\/media\/5591"}],"wp:attachment":[{"href":"https:\/\/tinacrystals.com\/sq\/wp-json\/wp\/v2\/media?parent=6383"}],"wp:term":[{"taxonomy":"product_brand","embeddable":true,"href":"https:\/\/tinacrystals.com\/sq\/wp-json\/wp\/v2\/product_brand?post=6383"},{"taxonomy":"product_cat","embeddable":true,"href":"https:\/\/tinacrystals.com\/sq\/wp-json\/wp\/v2\/product_cat?post=6383"},{"taxonomy":"product_tag","embeddable":true,"href":"https:\/\/tinacrystals.com\/sq\/wp-json\/wp\/v2\/product_tag?post=6383"}],"curies":[{"name":"wp","href":"https:\/\/api.w.org\/{rel}","templated":true}]}}