{"id":6389,"date":"2022-01-19T12:30:28","date_gmt":"2022-01-19T12:30:29","guid":{"rendered":"http:\/\/tinacrystals.com\/?post_type=product&#038;p=6389"},"modified":"2022-05-11T13:18:41","modified_gmt":"2022-05-11T11:18:41","slug":"koral-hematiti-blu-qafore-trekendeshi","status":"publish","type":"product","link":"https:\/\/tinacrystals.com\/sq\/product\/koral-hematiti-blu-qafore-trekendeshi\/","title":{"rendered":"Koral Hematiti Blu Qafore Trek\u00ebnd\u00ebshi"},"content":{"rendered":"<p><strong>Koral Hematiti Blu &#8211; Qafore Trek\u00ebnd\u00ebshi<\/strong><\/p>\n<p><span style=\"font-weight: 400;\">Ky gur \u00ebsht\u00eb i njohur p\u00ebr vetit\u00eb e tij t\u00eb tok\u00ebzimit. P\u00ebr t\u00eb jetuar nj\u00eb jet\u00eb t\u00eb bazuar mir\u00eb do t\u00eb veproj\u00eb p\u00ebr t\u00eb pastruar mendjen tuaj dhe p\u00ebr t\u00eb p\u00ebrmir\u00ebsuar rrjedh\u00ebn e energjis\u00eb n\u00eb t\u00eb gjith\u00eb trupin tuaj.<\/span><\/p>\n<p><span style=\"font-weight: 400;\">Hematiti stimulon p\u00ebrqendrimin dhe fokusin, duke rritur kujtes\u00ebn dhe mendimin origjinal.<\/span><\/p>\n<p><span style=\"font-weight: 400;\">Ju mund t\u00eb merrni pun\u00eb t\u00eb reja dhe do t\u00eb jeni m\u00eb t\u00eb suksessh\u00ebm n\u00eb to dhe padyshim m\u00eb t\u00eb fokusuar.<\/span><\/p>\n<p><strong>\u00c7akra:<\/strong> Rr\u00ebnja\u00a0 \u00a0 \u00a0 \u00a0 \u00a0 \u00a0 \u00a0 \u00a0 \u00a0 \u00a0 \u00a0 \u00a0<strong>Horoskopi:<\/strong> Dashi, ujori<\/p>\n<p>&nbsp;<\/p>\n<p>Korali p\u00ebrfaq\u00ebson diplomaci dhe konkurrenc\u00eb. I qet\u00ebson emocionet dhe sjell paqe n\u00eb brendsin\u00eb tuaj. Intuita, imagjinata dhe largpamesia do ju zgjerohet, dhe do mund t\u00eb merrni dituri nga tjer\u00ebt me leht\u00eb.<\/p>\n<p>Korali forcon sistemin e qarkullimit, dhe t\u00eb kockave ne trup. Stimulon rip\u00ebrtrirrjen e qelizave t\u00eb gjakut n\u00eb trup.<\/p>\n<p><strong>\u00c7akra:<\/strong> Zemra\u00a0 \u00a0 \u00a0 \u00a0 \u00a0 \u00a0 \u00a0 \u00a0 \u00a0 \u00a0 \u00a0 \u00a0 \u00a0 \u00a0 \u00a0 <strong>Horoskopi:<\/strong> Gaforrja<\/p>\n","protected":false},"excerpt":{"rendered":"<p>Koral Hematiti Blu &#8211; Qafore Trek\u00ebnd\u00ebshi Ky gur \u00ebsht\u00eb i njohur p\u00ebr vetit\u00eb e tij t\u00eb tok\u00ebzimit. P\u00ebr t\u00eb jetuar nj\u00eb jet\u00eb t\u00eb bazuar mir\u00eb do<span class=\"excerpt-hellip\"> [\u2026]<\/span><\/p>\n","protected":false},"featured_media":6002,"comment_status":"open","ping_status":"closed","template":"","meta":[],"product_brand":[],"product_cat":[2292,2427],"product_tag":[],"class_list":{"0":"post-6389","1":"product","2":"type-product","3":"status-publish","4":"has-post-thumbnail","6":"product_cat-crystal-jewelry-sq","7":"product_cat-cirkonhematit-premium","9":"first","10":"instock","11":"shipping-taxable","12":"purchasable","13":"product-type-simple"},"_links":{"self":[{"href":"https:\/\/tinacrystals.com\/sq\/wp-json\/wp\/v2\/product\/6389","targetHints":{"allow":["GET"]}}],"collection":[{"href":"https:\/\/tinacrystals.com\/sq\/wp-json\/wp\/v2\/product"}],"about":[{"href":"https:\/\/tinacrystals.com\/sq\/wp-json\/wp\/v2\/types\/product"}],"replies":[{"embeddable":true,"href":"https:\/\/tinacrystals.com\/sq\/wp-json\/wp\/v2\/comments?post=6389"}],"wp:featuredmedia":[{"embeddable":true,"href":"https:\/\/tinacrystals.com\/sq\/wp-json\/wp\/v2\/media\/6002"}],"wp:attachment":[{"href":"https:\/\/tinacrystals.com\/sq\/wp-json\/wp\/v2\/media?parent=6389"}],"wp:term":[{"taxonomy":"product_brand","embeddable":true,"href":"https:\/\/tinacrystals.com\/sq\/wp-json\/wp\/v2\/product_brand?post=6389"},{"taxonomy":"product_cat","embeddable":true,"href":"https:\/\/tinacrystals.com\/sq\/wp-json\/wp\/v2\/product_cat?post=6389"},{"taxonomy":"product_tag","embeddable":true,"href":"https:\/\/tinacrystals.com\/sq\/wp-json\/wp\/v2\/product_tag?post=6389"}],"curies":[{"name":"wp","href":"https:\/\/api.w.org\/{rel}","templated":true}]}}