{"id":6404,"date":"2022-01-15T21:43:30","date_gmt":"2022-01-15T21:43:30","guid":{"rendered":"http:\/\/tinacrystals.com\/product\/amethyst-cluster-with-hematite\/"},"modified":"2022-05-11T14:03:05","modified_gmt":"2022-05-11T12:03:05","slug":"ametist-hematit-qafore","status":"publish","type":"product","link":"https:\/\/tinacrystals.com\/sq\/product\/ametist-hematit-qafore\/","title":{"rendered":"Ametist &#038; Hematit Qafore"},"content":{"rendered":"<p><strong>HOROSKOPI<\/strong>: T\u00eb gjitha<\/p>\n<p><strong>CHAKRA<\/strong>: Rr\u00ebnja, kurora, syri i tret\u00eb<\/p>\n<p>&nbsp;<\/p>\n<p><em><strong>Ametisti<\/strong> <\/em>\u00ebsht\u00eb gur i fuqish\u00ebm, krijon nj\u00eb fllusk\u00eb mbrojtjeje shpirt\u00ebrore kund\u00ebr energjis\u00eb negative, do t&#8217;ju ndihmoj\u00eb gjat\u00eb marrjes s\u00eb vendimeve dhe do t&#8217;ju \u00e7liroj\u00eb nga konfuzioni emocional.<\/p>\n<p>Dhe n\u00ebse doni t\u00eb jetoni nj\u00eb jet\u00eb t\u00eb mir\u00eb, merrni <em><strong>Hematitin<\/strong> <\/em>af\u00ebr jush!<\/p>\n<p>&nbsp;<\/p>\n<p><em><strong>Sh\u00ebrimi shpirt\u00ebror:<\/strong><\/em><\/p>\n<p>Duke pasur kristalin e Ametistit pran\u00eb jush, do t\u00eb ndiheni sikur shpirti juaj \u00ebsht\u00eb pastruar nga t\u00eb gjitha negativitetet dhe do t\u00eb ndiheni si nj\u00eb i porsalindur.<\/p>\n<p>Hematiti \u00ebsht\u00eb nj\u00eb gur q\u00eb qet\u00ebson mendjen tuaj dhe sjell qet\u00ebsi t\u00eb thell\u00eb t\u00eb brendshme. Hematiti rrit vet\u00ebbesimin.<\/p>\n<p>Eliminon negativitetin n\u00eb t\u00eb gjitha format dhe \u00ebsht\u00eb ve\u00e7an\u00ebrisht i dobish\u00ebm p\u00ebr tok\u00ebzimin e niveleve t\u00eb larta\u00a0 gjat\u00eb sh\u00ebrimit.<\/p>\n<p>&nbsp;<\/p>\n<p><em><strong>Sh\u00ebrimi fizik:<\/strong><\/em><\/p>\n<p>N\u00eb sh\u00ebrimin fizik do t\u00eb shihni se Ametisti \u00ebsht\u00eb guri q\u00eb ju nevojitet v\u00ebrtet n\u00eb jet\u00ebn tuaj.<\/p>\n<p>Do t&#8217;ju jap\u00eb nj\u00eb jet\u00eb t\u00eb sh\u00ebndetshme dhe do t\u00eb inkurajoj\u00eb nj\u00eb gjum\u00eb dhe pushim t\u00eb qet\u00eb.<\/p>\n<p>N\u00ebse keni presion t\u00eb lart\u00eb t\u00eb gjakut, mpiksje ose djersitje t\u00eb tep\u00ebrt, ky hematit \u00ebsht\u00eb nj\u00eb gur q\u00eb duhet ta keni n\u00eb jet\u00ebn tuaj!<\/p>\n<p>&nbsp;<\/p>\n<p><em><strong>Sh\u00ebrimi emocional:<\/strong><\/em><\/p>\n<p>Ametisti \u00ebsht\u00eb i njohur p\u00ebr t\u00eb sjell\u00eb qet\u00ebsi dhe qart\u00ebsi n\u00eb k\u00ebt\u00eb bot\u00eb kaotike, n\u00ebse e keni k\u00ebt\u00eb kristal pran\u00eb jush, do t\u00eb ndiheni t\u00eb ngush\u00eblluar n\u00eb nj\u00eb m\u00ebnyr\u00eb v\u00ebrtet ngrit\u00ebse.<\/p>\n<p>Ametisti \u00ebsht\u00eb nj\u00eb kujtes\u00eb e but\u00eb se jo \u00e7do gj\u00eb q\u00eb humbet \u00ebsht\u00eb humbje\u2026Ai do t&#8217;ju ndihmoj\u00eb t\u00eb lini dik\u00eb q\u00eb doni t\u00eb shkoj\u00eb, do t&#8217;ju m\u00ebsoj\u00eb se ka edhe jet\u00eb p\u00ebr t\u00eb festuar.<\/p>\n<p>Hematiti \u00ebsht\u00eb nj\u00eb kristal i fuqish\u00ebm q\u00eb mund t\u00eb ndihmoj\u00eb me ndrojtjen, vet\u00ebvler\u00ebsimin dhe mbijetes\u00ebn, si dhe rritjen e vullnetit, besueshm\u00ebris\u00eb dhe besimit.<\/p>\n<p>Shp\u00ebrndan negativitetin dhe ju pengon t\u00eb thithni negativitetin e njer\u00ebzve t\u00eb tjer\u00eb.<\/p>\n<p>&nbsp;<\/p>\n<p><em><strong>Pastroni dhe rimbushni:<\/strong><\/em><\/p>\n<p>Ju thjesht mund t\u00eb p\u00ebrdorni nj\u00eb fur\u00e7\u00eb t\u00eb but\u00eb me qime dhe t&#8217;i f\u00ebrkoni.<\/p>\n<p>Rimbushja e kristalit t\u00eb Ametistit \u00ebsht\u00eb nj\u00eb m\u00ebnyr\u00eb e thjesht\u00eb! Thjesht, mund ta vendosni kristalin n\u00eb nj\u00eb tas me krip\u00eb t\u00eb that\u00eb pa uj\u00eb. L\u00ebreni p\u00ebr 30 minuta dhe 4 or\u00eb n\u00eb rrezet e diellit. Kjo do ta ndihmoj\u00eb kristalin tuaj t\u00eb rikarikohet super.<\/p>\n<p>N\u00ebse d\u00ebshironi t\u00eb rimbushni hematitin tuaj, at\u00ebher\u00eb vendoseni mbi kristalet e tjera shk\u00ebmbore p\u00ebr t&#8217;i mbushur me energji.<\/p>\n","protected":false},"excerpt":{"rendered":"<p>HOROSKOPI: T\u00eb gjitha CHAKRA: Rr\u00ebnja, kurora, syri i tret\u00eb &nbsp; Ametisti \u00ebsht\u00eb gur i fuqish\u00ebm, krijon nj\u00eb fllusk\u00eb mbrojtjeje shpirt\u00ebrore kund\u00ebr energjis\u00eb negative, do t&#8217;ju ndihmoj\u00eb<span class=\"excerpt-hellip\"> [\u2026]<\/span><\/p>\n","protected":false},"featured_media":5993,"comment_status":"open","ping_status":"closed","template":"","meta":[],"product_brand":[],"product_cat":[2369,2311,2292,2372,2358,2362,2324,2303,2310,2353,2357,2366,2395,2305,2354,2359,2352,2308,2360,2371,2383,2427,2404],"product_tag":[],"class_list":{"0":"post-6404","1":"product","2":"type-product","3":"status-publish","4":"has-post-thumbnail","6":"product_cat-akrepi-sq","7":"product_cat-ametist","8":"product_cat-crystal-jewelry-sq","9":"product_cat-blej-sipas-ngjyres","10":"product_cat-force-stabilitet","11":"product_cat-gaforrja","12":"product_cat-hematite-sq","13":"product_cat-kurora","14":"product_cat-llojet-e-gurve-te-cmuar","15":"product_cat-lumturi-vetebesim","16":"product_cat-mbrotje-paqe","17":"product_cat-peshorja","18":"product_cat-pendant-sq","19":"product_cat-rrenja","20":"product_cat-shendet-balans","21":"product_cat-shenjat-e-horoskopit","22":"product_cat-qellim","23":"product_cat-syri-i-trete","24":"product_cat-ujori","25":"product_cat-virgjersha","26":"product_cat-vjollce","27":"product_cat-cirkonhematit-premium","28":"product_cat-zona-e-cakres","30":"first","31":"outofstock","32":"shipping-taxable","33":"purchasable","34":"product-type-simple"},"_links":{"self":[{"href":"https:\/\/tinacrystals.com\/sq\/wp-json\/wp\/v2\/product\/6404","targetHints":{"allow":["GET"]}}],"collection":[{"href":"https:\/\/tinacrystals.com\/sq\/wp-json\/wp\/v2\/product"}],"about":[{"href":"https:\/\/tinacrystals.com\/sq\/wp-json\/wp\/v2\/types\/product"}],"replies":[{"embeddable":true,"href":"https:\/\/tinacrystals.com\/sq\/wp-json\/wp\/v2\/comments?post=6404"}],"wp:featuredmedia":[{"embeddable":true,"href":"https:\/\/tinacrystals.com\/sq\/wp-json\/wp\/v2\/media\/5993"}],"wp:attachment":[{"href":"https:\/\/tinacrystals.com\/sq\/wp-json\/wp\/v2\/media?parent=6404"}],"wp:term":[{"taxonomy":"product_brand","embeddable":true,"href":"https:\/\/tinacrystals.com\/sq\/wp-json\/wp\/v2\/product_brand?post=6404"},{"taxonomy":"product_cat","embeddable":true,"href":"https:\/\/tinacrystals.com\/sq\/wp-json\/wp\/v2\/product_cat?post=6404"},{"taxonomy":"product_tag","embeddable":true,"href":"https:\/\/tinacrystals.com\/sq\/wp-json\/wp\/v2\/product_tag?post=6404"}],"curies":[{"name":"wp","href":"https:\/\/api.w.org\/{rel}","templated":true}]}}