{"id":6408,"date":"2022-01-20T09:13:46","date_gmt":"2022-01-20T09:13:48","guid":{"rendered":"http:\/\/tinacrystals.com\/?post_type=product&#038;p=6408"},"modified":"2022-05-11T13:15:55","modified_gmt":"2022-05-11T11:15:55","slug":"aquamarin-hematit-qafore","status":"publish","type":"product","link":"https:\/\/tinacrystals.com\/sq\/product\/aquamarin-hematit-qafore\/","title":{"rendered":"Akuamarin &#038; Hematit Qafore"},"content":{"rendered":"<p><b>HOROSKOPI<\/b><span style=\"font-weight: 400;\">: Binjak\u00ebt, Peshqit, Dashi, Ujori<\/span><\/p>\n<p><b>CHAKRA<\/b><span style=\"font-weight: 400;\">: Fyt, Rr\u00ebnj\u00eb<\/span><\/p>\n<p><span style=\"font-weight: 400;\">Ky <em><strong>Akuamarin<\/strong> <\/em>mund t\u00eb jet\u00eb nj\u00eb mjet i shk\u00eblqyer n\u00eb sh\u00ebrim.<\/span><\/p>\n<p><span style=\"font-weight: 400;\">N\u00ebse doni t\u00eb jetoni nj\u00eb jet\u00eb t\u00eb mir\u00eb, mbajeni <em><strong>Hematitin<\/strong> <\/em>pran\u00eb jush!<\/span><\/p>\n<p><em><b>Sh\u00ebrimi shpirt\u00ebror:<\/b><\/em><\/p>\n<p><span style=\"font-weight: 400;\">Akuamarina na rrit dashurin ndaj ujit dhe origjin\u00ebn e jet\u00ebs.<\/span><\/p>\n<p><span style=\"font-weight: 400;\">Hematiti \u00ebsht\u00eb nj\u00eb gur q\u00eb qet\u00ebson mendjen tuaj dhe sjell qet\u00ebsi t\u00eb thell\u00eb t\u00eb brendshme. Hematiti rrit vet\u00ebbesimin dhe besimin.<\/span><\/p>\n<p><em><strong>Sh\u00ebrimi fizik:<\/strong><\/em><br \/>\nAkuamarina sh\u00ebron ftohjet dhe bronkitin. <span style=\"font-weight: 400;\">Sh\u00ebron s\u00ebmundjet inflamatore t\u00eb t\u00eb gjitha llojeve. \u00cbsht\u00eb sh\u00ebrues p\u00ebr ekzem\u00ebn, rosacea dhe psoriasis.<\/span><\/p>\n<p><span style=\"font-weight: 400;\">N\u00ebse keni presion t\u00eb lart\u00eb t\u00eb gjakut, mpiksje ose djersitje t\u00eb tep\u00ebrt, ky hematit \u00ebsht\u00eb nj\u00eb gur q\u00eb duhet ta keni n\u00eb jet\u00ebn tuaj!<\/span><\/p>\n<p><em><b>Sh\u00ebrimi emocional:<\/b><\/em><\/p>\n<p><span style=\"font-weight: 400;\">Akuamarina \u00ebsht\u00eb e dobishme kur kalon n\u00ebp\u00ebr tranzicion dhe ndryshim.<\/span><\/p>\n<p><span style=\"font-weight: 400;\">Hematiti \u00ebsht\u00eb nj\u00eb kristal i fuqish\u00ebm q\u00eb mund t\u00eb ndihmoj\u00eb me ndrojtjen, vet\u00ebvler\u00ebsimin dhe mbijetes\u00ebn, si dhe rritjen e vullnetit, besueshm\u00ebris\u00eb dhe besimit.<\/span><\/p>\n<p><em><b>Pastroni dhe rimbushni:<\/b><\/em><\/p>\n<p><span style=\"font-weight: 400;\">Vendoseni Akuamarine tuaj n\u00eb tasin me uj\u00eb p\u00ebr disa or\u00eb, megjithat\u00eb, n\u00ebse doni t\u00eb arrini rezultate m\u00eb t\u00eb thella pastrimi. Kjo ju ndihmon gjithashtu p\u00ebr ta rimbushur at\u00eb.<\/span><\/p>\n<p><span style=\"font-weight: 400;\">N\u00ebse d\u00ebshironi t\u00eb rimbushni hematitin tuaj, at\u00ebher\u00eb vendoseni mbi kristalet e tjera shk\u00ebmbore p\u00ebr t&#8217;i mbushur me energji.<\/span><\/p>\n<p>&nbsp;<\/p>\n","protected":false},"excerpt":{"rendered":"<p>HOROSKOPI: Binjak\u00ebt, Peshqit, Dashi, Ujori CHAKRA: Fyt, Rr\u00ebnj\u00eb Ky Akuamarin mund t\u00eb jet\u00eb nj\u00eb mjet i shk\u00eblqyer n\u00eb sh\u00ebrim. N\u00ebse doni t\u00eb jetoni nj\u00eb jet\u00eb t\u00eb<span class=\"excerpt-hellip\"> [\u2026]<\/span><\/p>\n","protected":false},"featured_media":5996,"comment_status":"open","ping_status":"closed","template":"","meta":[],"product_brand":[],"product_cat":[2313,2364,2292,2405,2372,2374,2361,2309,2310,2367,2305,2354,2359,2352,2360,2427,2404],"product_tag":[],"class_list":{"0":"post-6408","1":"product","2":"type-product","3":"status-publish","4":"has-post-thumbnail","6":"product_cat-akuamarin","7":"product_cat-binjaket","8":"product_cat-crystal-jewelry-sq","9":"product_cat-blej-sipas","10":"product_cat-blej-sipas-ngjyres","11":"product_cat-blu","12":"product_cat-dashi","13":"product_cat-fyti","14":"product_cat-llojet-e-gurve-te-cmuar","15":"product_cat-peshqit","16":"product_cat-rrenja","17":"product_cat-shendet-balans","18":"product_cat-shenjat-e-horoskopit","19":"product_cat-qellim","20":"product_cat-ujori","21":"product_cat-cirkonhematit-premium","22":"product_cat-zona-e-cakres","24":"first","25":"outofstock","26":"shipping-taxable","27":"purchasable","28":"product-type-simple"},"_links":{"self":[{"href":"https:\/\/tinacrystals.com\/sq\/wp-json\/wp\/v2\/product\/6408","targetHints":{"allow":["GET"]}}],"collection":[{"href":"https:\/\/tinacrystals.com\/sq\/wp-json\/wp\/v2\/product"}],"about":[{"href":"https:\/\/tinacrystals.com\/sq\/wp-json\/wp\/v2\/types\/product"}],"replies":[{"embeddable":true,"href":"https:\/\/tinacrystals.com\/sq\/wp-json\/wp\/v2\/comments?post=6408"}],"wp:featuredmedia":[{"embeddable":true,"href":"https:\/\/tinacrystals.com\/sq\/wp-json\/wp\/v2\/media\/5996"}],"wp:attachment":[{"href":"https:\/\/tinacrystals.com\/sq\/wp-json\/wp\/v2\/media?parent=6408"}],"wp:term":[{"taxonomy":"product_brand","embeddable":true,"href":"https:\/\/tinacrystals.com\/sq\/wp-json\/wp\/v2\/product_brand?post=6408"},{"taxonomy":"product_cat","embeddable":true,"href":"https:\/\/tinacrystals.com\/sq\/wp-json\/wp\/v2\/product_cat?post=6408"},{"taxonomy":"product_tag","embeddable":true,"href":"https:\/\/tinacrystals.com\/sq\/wp-json\/wp\/v2\/product_tag?post=6408"}],"curies":[{"name":"wp","href":"https:\/\/api.w.org\/{rel}","templated":true}]}}