{"id":6635,"date":"2022-01-18T13:10:46","date_gmt":"2022-01-18T13:10:46","guid":{"rendered":"http:\/\/tinacrystals.com\/product\/varese-nga-agati\/"},"modified":"2022-06-02T09:16:55","modified_gmt":"2022-06-02T07:16:55","slug":"varese-nga-agati","status":"publish","type":"product","link":"https:\/\/tinacrystals.com\/sq\/product\/varese-nga-agati\/","title":{"rendered":"Agati Verdh\u00eb Pendulum"},"content":{"rendered":"<p><strong>Var\u00ebse nga Agati <\/strong><\/p>\n<p>Thuhet se ka fuqi mistike q\u00eb kan\u00eb humbur prej koh\u00ebsh n\u00eb shkrimet e lashta. Burrat e shenjt\u00eb veshin agat edhe m\u00eb sot p\u00ebr hyjnin\u00eb e tij.<\/p>\n<p>Ai sjell fat t\u00eb mir\u00eb dhe shmang s\u00ebmundjet dhe negativitetin. Agati\u00a0 ofron besim, forc\u00eb dhe siguri emocionale.<\/p>\n<p>Balancon energjin\u00eb yin\/yang dhe sjell stabilitet dhe qet\u00ebsi t\u00eb brendshme.<\/p>\n<p><strong>Si t\u00eb pastroni dhe rimbushni kristalin?<\/strong><\/p>\n<p>Fatmir\u00ebsisht, kristali i agatit \u00ebsht\u00eb nj\u00eb gur i \u00e7muar i fort\u00eb, prandaj mund ta pastroni leht\u00ebsisht me uj\u00eb me sapun dhe m\u00eb pas ta thani. Ju gjithashtu mund ta pastroni kristalin duke e l\u00ebn\u00eb n\u00ebn uj\u00eb p\u00ebr disa minuta ose t\u00eb p\u00ebrdorni tym sherebele q\u00eb t\u00eb mund ta pastroj\u00eb at\u00eb.<\/p>\n<p>Pasi t\u00eb zgjidhni m\u00ebnyr\u00ebn tuaj t\u00eb pastrimit t\u00eb kristalit, mbajeni at\u00eb n\u00eb dor\u00eb dhe p\u00ebrdorni fjal\u00eb pozitive ndaj tij, n\u00eb m\u00ebnyr\u00eb q\u00eb t\u00eb rifitoj\u00eb fuqit\u00eb e tij. B\u00ebni k\u00ebt\u00eb metod\u00eb sa her\u00eb q\u00eb mendoni se kristali \u00ebsht\u00eb tejmbushur dhe duhet pastruar.<\/p>\n<p><strong>Chakra:<\/strong><\/p>\n<p>-Sakrale<\/p>\n<p><strong>Horoskopi:<\/strong><\/p>\n<p>-Peshorja<\/p>\n<p>-Dashi<\/p>\n","protected":false},"excerpt":{"rendered":"<p>Dimenzioni 35mmx8mm<\/p>\n","protected":false},"featured_media":6082,"comment_status":"open","ping_status":"closed","template":"","meta":[],"product_brand":[],"product_cat":[2292,2424],"product_tag":[],"class_list":{"0":"post-6635","1":"product","2":"type-product","3":"status-publish","4":"has-post-thumbnail","6":"product_cat-crystal-jewelry-sq","7":"product_cat-pendulume-te-vogla","9":"first","10":"instock","11":"shipping-taxable","12":"purchasable","13":"product-type-simple"},"_links":{"self":[{"href":"https:\/\/tinacrystals.com\/sq\/wp-json\/wp\/v2\/product\/6635","targetHints":{"allow":["GET"]}}],"collection":[{"href":"https:\/\/tinacrystals.com\/sq\/wp-json\/wp\/v2\/product"}],"about":[{"href":"https:\/\/tinacrystals.com\/sq\/wp-json\/wp\/v2\/types\/product"}],"replies":[{"embeddable":true,"href":"https:\/\/tinacrystals.com\/sq\/wp-json\/wp\/v2\/comments?post=6635"}],"wp:featuredmedia":[{"embeddable":true,"href":"https:\/\/tinacrystals.com\/sq\/wp-json\/wp\/v2\/media\/6082"}],"wp:attachment":[{"href":"https:\/\/tinacrystals.com\/sq\/wp-json\/wp\/v2\/media?parent=6635"}],"wp:term":[{"taxonomy":"product_brand","embeddable":true,"href":"https:\/\/tinacrystals.com\/sq\/wp-json\/wp\/v2\/product_brand?post=6635"},{"taxonomy":"product_cat","embeddable":true,"href":"https:\/\/tinacrystals.com\/sq\/wp-json\/wp\/v2\/product_cat?post=6635"},{"taxonomy":"product_tag","embeddable":true,"href":"https:\/\/tinacrystals.com\/sq\/wp-json\/wp\/v2\/product_tag?post=6635"}],"curies":[{"name":"wp","href":"https:\/\/api.w.org\/{rel}","templated":true}]}}