{"id":6672,"date":"2022-01-10T21:30:48","date_gmt":"2022-01-10T21:30:48","guid":{"rendered":"http:\/\/tinacrystals.com\/product\/kepurdha-nga-amazoniti\/"},"modified":"2022-06-03T09:06:01","modified_gmt":"2022-06-03T07:06:01","slug":"kepurdha-nga-amazoniti","status":"publish","type":"product","link":"https:\/\/tinacrystals.com\/sq\/product\/kepurdha-nga-amazoniti\/","title":{"rendered":"Amazonit K\u00ebpurdh"},"content":{"rendered":"<p><strong>HOROSKOPI<\/strong>: Akrepi, Peshqit<br \/>\n<strong>CHAKRA<\/strong>: Fyt<\/p>\n<p>Amazonit Njihet si guri i shpres\u00ebs dhe fatit, pasi do t\u00eb sjell fat p\u00ebr t\u00eb gjitha shpresat dhe \u00ebndrrat tuaja.<\/p>\n<p><strong><br \/>\n<em>Sh\u00ebrimi shpirt\u00ebror:<\/em><\/strong><\/p>\n<p>Amazoniti njihet si Guri i guximit, i njohur p\u00ebr promovimin e dashuris\u00eb dhe intuit\u00ebs universale. Ju ndihmon t\u00eb flisni me zemr\u00ebn tuaj dhe t\u00eb jeni t\u00eb v\u00ebrtet\u00eb me veten tuaj.<\/p>\n<p><strong><br \/>\n<em>Sh\u00ebrimi fizik:<\/em><\/strong><\/p>\n<p>Amazoniti ndihmon n\u00eb rigjenerimin dhe sh\u00ebrimin e qelizave pas s\u00ebmundjeve, traumave ose l\u00ebndimeve.<\/p>\n<p>Kristali ndihmon n\u00eb balancimin e proceseve metabolike q\u00eb lidhen me asimilimin e kalciumit.<\/p>\n<p>Amazoniti mund t\u00eb p\u00ebrdoret p\u00ebr t\u00eb parandaluar r\u00ebnien e flok\u00ebve dhe p\u00ebr t\u00eb riparuar flok\u00ebt dhe thonjt\u00eb e brisht\u00eb.<\/p>\n<p><strong><br \/>\n<em>Sh\u00ebrimi emocional:<\/em><\/strong><\/p>\n<p>Amazoniti \u00ebsht\u00eb kristali m\u00eb i mir\u00eb p\u00ebr t\u00eb pasur nj\u00eb pik\u00ebpamje optimiste p\u00ebr jet\u00ebn.<\/p>\n<p>Duke e pasur me vete do t&#8217;ju lejoj\u00eb ta shihni jet\u00ebn nga nj\u00eb k\u00ebndv\u00ebshtrim tjet\u00ebr, do t\u00eb filloni t\u00eb vini re gj\u00ebra m\u00eb t\u00eb bukura dhe pozitive, gjithashtu do t\u00eb t\u00ebrhiqni t\u00eb gjith\u00eb pozitivitetin q\u00eb do t\u00eb shihni.<\/p>\n<p>\u00c7do ndjenj\u00eb e keqe q\u00eb mund t\u00eb keni, do t\u00eb shnd\u00ebrrohet n\u00eb nj\u00eb ndjenj\u00eb m\u00eb t\u00eb mir\u00eb dhe m\u00eb pozitive.<\/p>\n<p><strong><br \/>\n<em>Pastroni dhe rimbushni:<\/em><\/strong><\/p>\n<p>Mbajeni kristalin n\u00ebn uj\u00eb t\u00eb kripur jo vet\u00ebm p\u00ebr ta rimbushur, por edhe p\u00ebr ta pastruar.<\/p>\n<p>&nbsp;<\/p>\n","protected":false},"excerpt":{"rendered":"<p>Dimenzioni 22x16mm<\/p>\n","protected":false},"featured_media":5162,"comment_status":"open","ping_status":"closed","template":"","meta":[],"product_brand":[],"product_cat":[2369,2402,2405,2372,2355,2293,2356,2309,2379,2675,2291,2288,2310,2367,2359,2352,2404],"product_tag":[],"class_list":{"0":"post-6672","1":"product","2":"type-product","3":"status-publish","4":"has-post-thumbnail","6":"product_cat-akrepi-sq","7":"product_cat-amazonite-sq","8":"product_cat-blej-sipas","9":"product_cat-blej-sipas-ngjyres","10":"product_cat-dashuri-harmoni","11":"product_cat-decorations-sq","12":"product_cat-fat-sukses","13":"product_cat-fyti","14":"product_cat-gjelbert","15":"product_cat-kepurdh","16":"product_cat-mushroom-sq","17":"product_cat-crystal-beauty-sq-2","18":"product_cat-llojet-e-gurve-te-cmuar","19":"product_cat-peshqit","20":"product_cat-shenjat-e-horoskopit","21":"product_cat-qellim","22":"product_cat-zona-e-cakres","24":"first","25":"instock","26":"shipping-taxable","27":"purchasable","28":"product-type-simple"},"_links":{"self":[{"href":"https:\/\/tinacrystals.com\/sq\/wp-json\/wp\/v2\/product\/6672","targetHints":{"allow":["GET"]}}],"collection":[{"href":"https:\/\/tinacrystals.com\/sq\/wp-json\/wp\/v2\/product"}],"about":[{"href":"https:\/\/tinacrystals.com\/sq\/wp-json\/wp\/v2\/types\/product"}],"replies":[{"embeddable":true,"href":"https:\/\/tinacrystals.com\/sq\/wp-json\/wp\/v2\/comments?post=6672"}],"wp:featuredmedia":[{"embeddable":true,"href":"https:\/\/tinacrystals.com\/sq\/wp-json\/wp\/v2\/media\/5162"}],"wp:attachment":[{"href":"https:\/\/tinacrystals.com\/sq\/wp-json\/wp\/v2\/media?parent=6672"}],"wp:term":[{"taxonomy":"product_brand","embeddable":true,"href":"https:\/\/tinacrystals.com\/sq\/wp-json\/wp\/v2\/product_brand?post=6672"},{"taxonomy":"product_cat","embeddable":true,"href":"https:\/\/tinacrystals.com\/sq\/wp-json\/wp\/v2\/product_cat?post=6672"},{"taxonomy":"product_tag","embeddable":true,"href":"https:\/\/tinacrystals.com\/sq\/wp-json\/wp\/v2\/product_tag?post=6672"}],"curies":[{"name":"wp","href":"https:\/\/api.w.org\/{rel}","templated":true}]}}