{"id":6695,"date":"2022-01-10T13:09:35","date_gmt":"2022-01-10T13:09:35","guid":{"rendered":"http:\/\/tinacrystals.com\/product\/kepurdha-nga-gjaku-i-dragoit\/"},"modified":"2022-07-07T11:12:21","modified_gmt":"2022-07-07T09:12:21","slug":"kepurdha-nga-gjaku-i-dragoit","status":"publish","type":"product","link":"https:\/\/tinacrystals.com\/sq\/product\/kepurdha-nga-gjaku-i-dragoit\/","title":{"rendered":"Gjaku i Dragoit K\u00ebrpurdh"},"content":{"rendered":"<p><strong>HOROSKOPI<\/strong>: Luani<br \/>\n<strong>CHAKRA<\/strong>: Zem\u00ebr<\/p>\n<p>&nbsp;<\/p>\n<p><strong><em>Gjaku i dragoit<\/em><\/strong> \u00ebsht\u00eb nj\u00eb gur shum\u00eb sh\u00ebrues n\u00eb p\u00ebrgjith\u00ebsi.<\/p>\n<p><strong>\u00a0<\/strong><\/p>\n<p><strong><em>Sh\u00ebrimi shpirt\u00ebror:<\/em><\/strong><\/p>\n<p>Guri i gjakut t\u00eb dragoit mund t&#8217;ju ndihmoj\u00eb t\u00eb gjeni rivendosjen tuaj t\u00eb brendshme, n\u00eb m\u00ebnyr\u00eb q\u00eb shpirti juaj dhe fushat e energjis\u00eb t\u00eb rifitojn\u00eb rezonanc\u00ebn e tyre me nj\u00eb model t\u00eb sh\u00ebndetit, stabilitetit dhe balancimit emocional.<\/p>\n<p>Thuhet se p\u00ebr t\u00eb thyer nj\u00eb zakon t\u00eb vjet\u00ebr \u00ebsht\u00eb t\u00eb prezantoni nj\u00eb t\u00eb ri, k\u00ebshtu q\u00eb ky kristal k\u00ebtu do t&#8217;ju ndihmoj\u00eb t\u00eb hiqni dor\u00eb nga \u00e7do gj\u00eb q\u00eb n\u00eb t\u00eb kaluar\u00ebn ju shqet\u00ebsonte.<\/p>\n<p><strong>\u00a0<\/strong><\/p>\n<p><strong><em>Sh\u00ebrimi fizik:<\/em><\/strong><\/p>\n<p>Gjaku i Dragoit ndihmon n\u00eb q\u00ebndrueshm\u00ebrin\u00eb dhe \u00e7do sh\u00ebrbim p\u00ebr t\u00eb arritur ekuilibrin ton\u00eb t\u00eb sh\u00ebndetsh\u00ebm.<\/p>\n<p>Ky kristal ju ndihmon p\u00ebr dieta dhe ushtrime p\u00ebr t\u00eb marr\u00eb trupin tuaj n\u00eb form\u00ebn e p\u00ebrsosur.<\/p>\n<p><strong>\u00a0<\/strong><\/p>\n<p><strong><em>Sh\u00ebrimi emocional:<\/em><\/strong><\/p>\n<p>Ky kristal ju ndihmon t\u00eb p\u00ebrmir\u00ebsoni vet\u00ebbesimin tuaj, do t&#8217;ju jap\u00eb fuqi p\u00ebr t\u00eb ndihmuar t\u00eb tjer\u00ebt p\u00ebr nj\u00eb t\u00eb mir\u00eb m\u00eb t\u00eb madhe.<\/p>\n<p>Gjithashtu do t&#8217;ju ndihmoj\u00eb t\u00eb jeni m\u00eb realist\u00eb dhe t\u00eb v\u00ebrtet\u00eb ndaj vetes dhe t\u00eb tjer\u00ebve.<\/p>\n<p>Do t\u00eb sjell\u00eb pozitivitet dhe do t\u00eb largoj \u00e7do negativitet rreth jush.<\/p>\n<p><strong>\u00a0<\/strong><\/p>\n<p><strong><em>Pastroni dhe rimbushni:<\/em><\/strong><\/p>\n<p>Mbajeni Gurin e Gjakut t\u00eb Dragoit tuaj n\u00ebn uj\u00eb t\u00eb rrjedhsh\u00ebm dhe k\u00ebrkoni nga Universi q\u00eb t\u00eb heq\u00eb t\u00eb gjith\u00eb negativitetin nga ky kristal.<\/p>\n","protected":false},"excerpt":{"rendered":"<p>Dimenzioni 22x16mm<\/p>\n","protected":false},"featured_media":5183,"comment_status":"open","ping_status":"closed","template":"","meta":[],"product_brand":[],"product_cat":[2405,2372,2293,2358,2316,2675,2291,2288,2384,2310,2365,2354,2359,2352,2304,2404],"product_tag":[],"class_list":{"0":"post-6695","1":"product","2":"type-product","3":"status-publish","4":"has-post-thumbnail","6":"product_cat-blej-sipas","7":"product_cat-blej-sipas-ngjyres","8":"product_cat-decorations-sq","9":"product_cat-force-stabilitet","10":"product_cat-gur-i-gjakosur","11":"product_cat-kepurdh","12":"product_cat-mushroom-sq","13":"product_cat-crystal-beauty-sq-2","14":"product_cat-kuq","15":"product_cat-llojet-e-gurve-te-cmuar","16":"product_cat-luani","17":"product_cat-shendet-balans","18":"product_cat-shenjat-e-horoskopit","19":"product_cat-qellim","20":"product_cat-zemra","21":"product_cat-zona-e-cakres","23":"first","24":"instock","25":"shipping-taxable","26":"purchasable","27":"product-type-simple"},"_links":{"self":[{"href":"https:\/\/tinacrystals.com\/sq\/wp-json\/wp\/v2\/product\/6695","targetHints":{"allow":["GET"]}}],"collection":[{"href":"https:\/\/tinacrystals.com\/sq\/wp-json\/wp\/v2\/product"}],"about":[{"href":"https:\/\/tinacrystals.com\/sq\/wp-json\/wp\/v2\/types\/product"}],"replies":[{"embeddable":true,"href":"https:\/\/tinacrystals.com\/sq\/wp-json\/wp\/v2\/comments?post=6695"}],"wp:featuredmedia":[{"embeddable":true,"href":"https:\/\/tinacrystals.com\/sq\/wp-json\/wp\/v2\/media\/5183"}],"wp:attachment":[{"href":"https:\/\/tinacrystals.com\/sq\/wp-json\/wp\/v2\/media?parent=6695"}],"wp:term":[{"taxonomy":"product_brand","embeddable":true,"href":"https:\/\/tinacrystals.com\/sq\/wp-json\/wp\/v2\/product_brand?post=6695"},{"taxonomy":"product_cat","embeddable":true,"href":"https:\/\/tinacrystals.com\/sq\/wp-json\/wp\/v2\/product_cat?post=6695"},{"taxonomy":"product_tag","embeddable":true,"href":"https:\/\/tinacrystals.com\/sq\/wp-json\/wp\/v2\/product_tag?post=6695"}],"curies":[{"name":"wp","href":"https:\/\/api.w.org\/{rel}","templated":true}]}}