{"id":6783,"date":"2022-01-10T12:05:23","date_gmt":"2022-01-10T12:05:23","guid":{"rendered":"http:\/\/tinacrystals.com\/product\/kepurdha-nga-larvkite\/"},"modified":"2022-06-03T09:09:22","modified_gmt":"2022-06-03T07:09:22","slug":"kepurdha-nga-larvkite","status":"publish","type":"product","link":"https:\/\/tinacrystals.com\/sq\/product\/kepurdha-nga-larvkite\/","title":{"rendered":"Larvkit K\u00ebrpurdh"},"content":{"rendered":"<p><strong>HOROSKOPI<\/strong>: Ujori<br \/>\n<strong>CHAKRA<\/strong>: Rr\u00ebnja, syri i tret\u00eb<\/p>\n<p>Larvkit \u00ebsht\u00eb nj\u00eb gur i shk\u00eblqyer q\u00eb do t&#8217;ju ndihmoj\u00eb t\u00eb arrini q\u00ebllimet tuaja dhe t\u00eb p\u00ebrfundoni projektet tuaja m\u00eb shpejt se sa prisni.<\/p>\n<p><strong><em><br \/>\nSh\u00ebrimi shpirt\u00ebror:<\/em><\/strong><\/p>\n<p>Ky kristal do t\u00eb rris\u00eb intelektin tuaj, do t\u00eb stimuloj\u00eb krijimtarin\u00eb tuaj dhe do t\u00eb thelloj\u00eb men\u00e7urin\u00eb tuaj.<\/p>\n<p>Do t&#8217;ju ndihmoj\u00eb gjithashtu t\u00eb shihni veten tuaj t\u00eb v\u00ebrtet\u00eb p\u00ebrmes mendimit tuaj m\u00eb t\u00eb lart\u00eb.<\/p>\n<p>Ju do t\u00eb jeni n\u00eb gjendje t&#8217;i mbani mend \u00ebndrrat tuaja, duke fjetur me k\u00ebt\u00eb kristal dhe kjo do t&#8217;ju ndihmoj\u00eb t\u00eb interpretoni kuptimin e tyre n\u00eb nj\u00eb m\u00ebnyr\u00eb m\u00eb t\u00eb sakt\u00eb dhe n\u00eb koh\u00eb.<\/p>\n<p><strong><br \/>\n<em>Sh\u00ebrimi fizik:<\/em><\/strong><\/p>\n<p>Larvikite do t\u00eb kujdeset p\u00ebr pamjen tuaj fizike p\u00ebr t\u00eb rritur rinin\u00eb dhe vitalitetin tuaj!<\/p>\n<p>Larvikiti mund t\u00eb p\u00ebrdoret p\u00ebr t\u00eb trajtuar problemet dhe \u00e7rregullimet e l\u00ebkur\u00ebs.<\/p>\n<p>Ai gjithashtu mund t\u00eb qet\u00ebsoj\u00eb nervat dhe t\u00eb rregulloj\u00eb presionin e gjakut, dihet gjithashtu se ndihmon n\u00eb korrigjimin ose trajtimin e shum\u00eb paaft\u00ebsive t\u00eb t\u00eb m\u00ebsuarit.<\/p>\n<p><strong><br \/>\n<em>Sh\u00ebrimi emocional:<\/em><\/strong><\/p>\n<p>Ky gur do t&#8217;ju ndihmoj\u00eb gjithashtu t\u00eb p\u00ebrqendroheni n\u00eb mund\u00ebsit\u00eb q\u00eb po ju paraqiten dhe n\u00eb shum\u00eb rrug\u00eb t\u00eb ndryshme q\u00eb mund t\u00eb ndiqni p\u00ebr p\u00ebrparim.<\/p>\n<p>Mbajta e ketij guri do t\u2019ju mund\u00ebsoj gjithashtu t\u00eb mbani n\u00ebn kontroll emocionet tuaja, t\u00eb shijoni momentin dhe t\u00eb k\u00ebnaqeni me ndjenj\u00ebn e t\u00eb q\u00ebnit i dashuruar.<\/p>\n<p><strong><br \/>\n<em>Pastroni dhe rimbushni:<\/em><\/strong><\/p>\n<p>Ju mund t\u00eb p\u00ebrdorni sapun q\u00eb nuk ka shum\u00eb kimikate n\u00eb t\u00eb dhe pastron but\u00ebsisht Lavkit-in tuaj. I lagni me uj\u00eb. N\u00ebse \u00ebsht\u00eb relativisht e ndotur, p\u00ebrdorni nj\u00eb fur\u00e7\u00eb dh\u00ebmb\u00ebsh p\u00ebr t\u00eb lar\u00eb kristalin, por kini kujdes q\u00eb t\u00eb mos e lani fort sepse mund t\u00eb shkaktoj\u00eb g\u00ebrvishtje.<\/p>\n<p>Pasi ta pastroni, duhet ta fshini shum\u00eb but\u00ebsisht duke p\u00ebrdorur nj\u00eb leck\u00eb t\u00eb lagur. F\u00ebrkojeni dhe fshijeni but\u00ebsisht Lavkit derisa t\u00eb arrij\u00eb shk\u00eblqimin q\u00eb d\u00ebshironi t\u00eb arrini.<\/p>\n","protected":false},"excerpt":{"rendered":"<p>Dimenzioni 22x16mm<\/p>\n","protected":false},"featured_media":5201,"comment_status":"open","ping_status":"closed","template":"","meta":[],"product_brand":[],"product_cat":[2405,2372,2293,2373,2356,2675,2291,2288,2329,2310,2357,2305,2359,2352,2308,2360,2404],"product_tag":[],"class_list":{"0":"post-6783","1":"product","2":"type-product","3":"status-publish","4":"has-post-thumbnail","6":"product_cat-blej-sipas","7":"product_cat-blej-sipas-ngjyres","8":"product_cat-decorations-sq","9":"product_cat-e-zeze","10":"product_cat-fat-sukses","11":"product_cat-kepurdh","12":"product_cat-mushroom-sq","13":"product_cat-crystal-beauty-sq-2","14":"product_cat-larkivite-sq","15":"product_cat-llojet-e-gurve-te-cmuar","16":"product_cat-mbrotje-paqe","17":"product_cat-rrenja","18":"product_cat-shenjat-e-horoskopit","19":"product_cat-qellim","20":"product_cat-syri-i-trete","21":"product_cat-ujori","22":"product_cat-zona-e-cakres","24":"first","25":"instock","26":"shipping-taxable","27":"purchasable","28":"product-type-simple"},"_links":{"self":[{"href":"https:\/\/tinacrystals.com\/sq\/wp-json\/wp\/v2\/product\/6783","targetHints":{"allow":["GET"]}}],"collection":[{"href":"https:\/\/tinacrystals.com\/sq\/wp-json\/wp\/v2\/product"}],"about":[{"href":"https:\/\/tinacrystals.com\/sq\/wp-json\/wp\/v2\/types\/product"}],"replies":[{"embeddable":true,"href":"https:\/\/tinacrystals.com\/sq\/wp-json\/wp\/v2\/comments?post=6783"}],"wp:featuredmedia":[{"embeddable":true,"href":"https:\/\/tinacrystals.com\/sq\/wp-json\/wp\/v2\/media\/5201"}],"wp:attachment":[{"href":"https:\/\/tinacrystals.com\/sq\/wp-json\/wp\/v2\/media?parent=6783"}],"wp:term":[{"taxonomy":"product_brand","embeddable":true,"href":"https:\/\/tinacrystals.com\/sq\/wp-json\/wp\/v2\/product_brand?post=6783"},{"taxonomy":"product_cat","embeddable":true,"href":"https:\/\/tinacrystals.com\/sq\/wp-json\/wp\/v2\/product_cat?post=6783"},{"taxonomy":"product_tag","embeddable":true,"href":"https:\/\/tinacrystals.com\/sq\/wp-json\/wp\/v2\/product_tag?post=6783"}],"curies":[{"name":"wp","href":"https:\/\/api.w.org\/{rel}","templated":true}]}}