{"id":6812,"date":"2022-01-10T11:46:39","date_gmt":"2022-01-10T11:46:39","guid":{"rendered":"http:\/\/tinacrystals.com\/product\/kepurdha-nga-aventurina-portokalli\/"},"modified":"2022-07-07T11:12:59","modified_gmt":"2022-07-07T09:12:59","slug":"kepurdha-nga-aventurina-portokalli","status":"publish","type":"product","link":"https:\/\/tinacrystals.com\/sq\/product\/kepurdha-nga-aventurina-portokalli\/","title":{"rendered":"Aventurina Portokalli K\u00ebpurdh"},"content":{"rendered":"<p><strong>HOROSKOPI<\/strong>: Peshorja<\/p>\n<p><strong>\u00c7AKRA<\/strong>: Sakrale<\/p>\n<p>&nbsp;<\/p>\n<p><em><strong>Aventurina<\/strong> <\/em>njihet si guri i mund\u00ebsis\u00eb, mendohet se \u00ebsht\u00eb m\u00eb me fat nga t\u00eb gjith\u00eb kristalet!<\/p>\n<p>&nbsp;<\/p>\n<p><em><strong>Sh\u00ebrimi shpirt\u00ebror:<\/strong><\/em><\/p>\n<p>Aventurin \u00ebsht\u00eb pastruesi i \u00e7akr\u00ebs s\u00eb zemr\u00ebs, ju ndihmon t\u2019i largoni bllokadat nga rruga juaj drejt suksesit<\/p>\n<p>Kristali ju ndalon t\u00eb mos ngecni n\u00eb t\u00eb nj\u00ebjtat \u00e7\u00ebshtje t\u00eb vjetra t\u00eb besimit, do ua b\u00ebj t\u00eb qart\u00eb cfar\u00eb t\u00eb mbani dhe cfar\u00eb t\u00eb leni t\u00eb shkoj\u00eb.<\/p>\n<p>&nbsp;<\/p>\n<p><em><strong>Sh\u00ebrimi fizik:<\/strong><\/em><\/p>\n<p>N\u00eb nivelin fizik, Aventurina njihet p\u00ebr promovimin e funksionimit t\u00eb sh\u00ebndetsh\u00ebm t\u00eb gj\u00ebndr\u00ebs timus, nd\u00ebrsa gjithashtu mb\u00ebshtet sistemin nervor.<\/p>\n<p>N\u00ebse keni p\u00ebrjetuar v\u00ebshtir\u00ebsi n\u00eb humbjen ose shtimin e pesh\u00ebs, Aventurine mund t&#8217;ju ndihmoj\u00eb t\u00eb stimuloni nj\u00eb norm\u00eb t\u00eb sh\u00ebndetshme metabolike.<\/p>\n<p>Fal\u00eb brezit t\u00eb tij t\u00eb mir\u00eb-akorduar me fat, njer\u00ebzit gjithashtu mund t&#8217;i drejtohen Aventurine kur kan\u00eb probleme n\u00eb lidhje me fertilitetin dhe gjetjen e rrug\u00ebs drejt prind\u00ebrimit.<\/p>\n<p>&nbsp;<\/p>\n<p><em><strong>Sh\u00ebrimi emocional:<\/strong><\/em><\/p>\n<p>Aventurina do t\u00eb shk\u00eblqej\u00eb \u00e7do her\u00eb duke ju dh\u00ebn\u00eb p\u00ebrfitime emocionale.<\/p>\n<p>Kjo do t&#8217;ju jap\u00eb hap\u00ebsir\u00eb \u200b\u200bp\u00ebr t\u00eb sh\u00ebruar plag\u00ebt e vjetra dhe p\u00ebr t\u00eb l\u00ebn\u00eb budallall\u00ebkun t\u00eb jeni shum\u00eb analitik p\u00ebr zgjedhjet tuaja.<\/p>\n<p>Aventurina sjell boll\u00ebk duke e anuar mendjen tuaj p\u00ebr t\u00eb z\u00ebn\u00eb nj\u00eb hap\u00ebsir\u00eb \u200b\u200bpozitive.<\/p>\n<p>Ju inkurajon t\u00eb vazhdoni pa marr\u00eb parasysh se \u00e7far\u00eb gjeni n\u00eb fund t\u00eb rrug\u00ebs.<\/p>\n<p>&nbsp;<\/p>\n<p><em><strong>Pastroni dhe rimbushni:<\/strong><\/em><\/p>\n<p>Kujdesi p\u00ebr kristalet tuaja \u00ebsht\u00eb m\u00ebnyra m\u00eb e mir\u00eb p\u00ebr t&#8217;i b\u00ebr\u00eb ato m\u00eb t\u00eb lidhura me ju. P\u00ebr t\u00eb pastruar Aventurin\u00ebn tuaj, mund ta zhytni n\u00eb nj\u00eb tas me uj\u00eb p\u00ebr disa or\u00eb.<\/p>\n<p>H\u00ebna e plot\u00eb \u00ebsht\u00eb nj\u00eb prani e fuqishme dhe rigjall\u00ebruese q\u00eb lejon kristalin tuaj t\u00eb rimbushet.<\/p>\n","protected":false},"excerpt":{"rendered":"<p>Dimenzioni 22x16mm<\/p>\n","protected":false},"featured_media":5210,"comment_status":"open","ping_status":"closed","template":"","meta":[],"product_brand":[],"product_cat":[2315,2405,2372,2293,2356,2675,2291,2288,2310,2353,2366,2381,2306,2359,2352,2404],"product_tag":[],"class_list":{"0":"post-6812","1":"product","2":"type-product","3":"status-publish","4":"has-post-thumbnail","6":"product_cat-aventurine-sq","7":"product_cat-blej-sipas","8":"product_cat-blej-sipas-ngjyres","9":"product_cat-decorations-sq","10":"product_cat-fat-sukses","11":"product_cat-kepurdh","12":"product_cat-mushroom-sq","13":"product_cat-crystal-beauty-sq-2","14":"product_cat-llojet-e-gurve-te-cmuar","15":"product_cat-lumturi-vetebesim","16":"product_cat-peshorja","17":"product_cat-portokalle","18":"product_cat-sakrale","19":"product_cat-shenjat-e-horoskopit","20":"product_cat-qellim","21":"product_cat-zona-e-cakres","23":"first","24":"instock","25":"shipping-taxable","26":"purchasable","27":"product-type-simple"},"_links":{"self":[{"href":"https:\/\/tinacrystals.com\/sq\/wp-json\/wp\/v2\/product\/6812","targetHints":{"allow":["GET"]}}],"collection":[{"href":"https:\/\/tinacrystals.com\/sq\/wp-json\/wp\/v2\/product"}],"about":[{"href":"https:\/\/tinacrystals.com\/sq\/wp-json\/wp\/v2\/types\/product"}],"replies":[{"embeddable":true,"href":"https:\/\/tinacrystals.com\/sq\/wp-json\/wp\/v2\/comments?post=6812"}],"wp:featuredmedia":[{"embeddable":true,"href":"https:\/\/tinacrystals.com\/sq\/wp-json\/wp\/v2\/media\/5210"}],"wp:attachment":[{"href":"https:\/\/tinacrystals.com\/sq\/wp-json\/wp\/v2\/media?parent=6812"}],"wp:term":[{"taxonomy":"product_brand","embeddable":true,"href":"https:\/\/tinacrystals.com\/sq\/wp-json\/wp\/v2\/product_brand?post=6812"},{"taxonomy":"product_cat","embeddable":true,"href":"https:\/\/tinacrystals.com\/sq\/wp-json\/wp\/v2\/product_cat?post=6812"},{"taxonomy":"product_tag","embeddable":true,"href":"https:\/\/tinacrystals.com\/sq\/wp-json\/wp\/v2\/product_tag?post=6812"}],"curies":[{"name":"wp","href":"https:\/\/api.w.org\/{rel}","templated":true}]}}