{"id":6814,"date":"2022-01-10T11:41:33","date_gmt":"2022-01-10T11:41:33","guid":{"rendered":"http:\/\/tinacrystals.com\/product\/kepurdha-nga-picture-jasper\/"},"modified":"2022-06-03T09:11:32","modified_gmt":"2022-06-03T07:11:32","slug":"kepurdha-nga-picture-jasper","status":"publish","type":"product","link":"https:\/\/tinacrystals.com\/sq\/product\/kepurdha-nga-picture-jasper\/","title":{"rendered":"Jasperi Pikturesk K\u00ebrpurdh"},"content":{"rendered":"<p><strong>HOROSKOPI<\/strong>: Luani, Bricjapi<br \/>\n<strong>CHAKRA<\/strong>: Rr\u00ebnja, syri i tret\u00eb<\/p>\n<p><strong><em><br \/>\nJasperi Pikturesk<\/em><\/strong> \u00ebsht\u00eb nj\u00eb kristal paqeje dhe g\u00ebzimi.<\/p>\n<p><strong><br \/>\n<em>Sh\u00ebrimi shpirt\u00ebror:<\/em><\/strong><\/p>\n<p>Jasperi Pikturesk \u00ebsht\u00eb nj\u00eb gur kryesor p\u00ebr udh\u00ebtimin e brendsh\u00ebm shpirt\u00ebror\u00eb, pun\u00ebn e \u00ebndrrave dhe vizionimin, dhe mund t\u00eb p\u00ebrdoret si nj\u00eb portal p\u00ebr t\u00eb par\u00eb zona t\u00eb larg\u00ebta t\u00eb bot\u00ebs.<\/p>\n<p><strong><br \/>\n<em>Sh\u00ebrimi fizik<\/em><\/strong><strong><em>:<\/em><\/strong><\/p>\n<p>Jasperi Pikturesk mund t\u00eb ndihmoj\u00eb n\u00eb trajtimin e zorr\u00ebve, hernies dhe prostat\u00ebs dhe kushteve t\u00eb tilla si kapsll\u00ebku kronik.<\/p>\n<p>\u00cbsht\u00eb ve\u00e7an\u00ebrisht sh\u00ebrues p\u00ebr veshkat, stomakun dhe zorr\u00ebt.<\/p>\n<p><strong><br \/>\n<em>Sh\u00ebrimi emocional:<\/em><\/strong><\/p>\n<p>Jasperi Pikturesk promovon lidhjen me tok\u00ebn, sjell rehati dhe zbut frik\u00ebn dhe ankthet.<\/p>\n<p>Kjo do t&#8217;ju ndihmoj\u00eb t\u00eb ndaloni sjelljet e pad\u00ebshiruara si pirja e duhanit ose zakone t\u00eb tjera t\u00eb k\u00ebqija.<\/p>\n<p><strong><br \/>\n<em>Pastroni dhe rimbushni:<\/em><\/strong><\/p>\n<p>P\u00ebr shkak se guri ka nj\u00eb lidhje kaq t\u00eb thell\u00eb me tok\u00ebn, m\u00ebnyra m\u00eb efektive p\u00ebr ta pastruar \u00ebsht\u00eb groposja e kristalit n\u00eb nj\u00eb tok\u00eb t\u00eb sh\u00ebndetshme bimore p\u00ebr 24 or\u00eb, vet\u00ebm sigurohuni q\u00eb t\u00eb mos e b\u00ebni k\u00ebt\u00eb kur moti \u00ebsht\u00eb i ftoht\u00eb ose i lag\u00ebsht.<\/p>\n<p>P\u00ebr t\u00eb rimbushur kristalin, l\u00ebreni gjat\u00eb nat\u00ebs n\u00ebn h\u00ebn\u00ebn e plot\u00eb dhe hiqeni n\u00eb m\u00ebngjes para se t\u00eb lind dielli, sepse rrezet e tij mund t\u00eb d\u00ebmtojn\u00eb gurin.<\/p>\n","protected":false},"excerpt":{"rendered":"<p>Dimenzioni 22x16mm<\/p>\n","protected":false},"featured_media":5213,"comment_status":"open","ping_status":"closed","template":"","meta":[],"product_brand":[],"product_cat":[2385,2405,2372,2363,2355,2293,2339,2675,2291,2288,2310,2365,2353,2305,2359,2352,2308,2386,2404],"product_tag":[],"class_list":{"0":"post-6814","1":"product","2":"type-product","3":"status-publish","4":"has-post-thumbnail","6":"product_cat-bardhe","7":"product_cat-blej-sipas","8":"product_cat-blej-sipas-ngjyres","9":"product_cat-bricjapi","10":"product_cat-dashuri-harmoni","11":"product_cat-decorations-sq","12":"product_cat-jasper-pikturesk","13":"product_cat-kepurdh","14":"product_cat-mushroom-sq","15":"product_cat-crystal-beauty-sq-2","16":"product_cat-llojet-e-gurve-te-cmuar","17":"product_cat-luani","18":"product_cat-lumturi-vetebesim","19":"product_cat-rrenja","20":"product_cat-shenjat-e-horoskopit","21":"product_cat-qellim","22":"product_cat-syri-i-trete","23":"product_cat-verdhe","24":"product_cat-zona-e-cakres","26":"first","27":"instock","28":"shipping-taxable","29":"purchasable","30":"product-type-simple"},"_links":{"self":[{"href":"https:\/\/tinacrystals.com\/sq\/wp-json\/wp\/v2\/product\/6814","targetHints":{"allow":["GET"]}}],"collection":[{"href":"https:\/\/tinacrystals.com\/sq\/wp-json\/wp\/v2\/product"}],"about":[{"href":"https:\/\/tinacrystals.com\/sq\/wp-json\/wp\/v2\/types\/product"}],"replies":[{"embeddable":true,"href":"https:\/\/tinacrystals.com\/sq\/wp-json\/wp\/v2\/comments?post=6814"}],"wp:featuredmedia":[{"embeddable":true,"href":"https:\/\/tinacrystals.com\/sq\/wp-json\/wp\/v2\/media\/5213"}],"wp:attachment":[{"href":"https:\/\/tinacrystals.com\/sq\/wp-json\/wp\/v2\/media?parent=6814"}],"wp:term":[{"taxonomy":"product_brand","embeddable":true,"href":"https:\/\/tinacrystals.com\/sq\/wp-json\/wp\/v2\/product_brand?post=6814"},{"taxonomy":"product_cat","embeddable":true,"href":"https:\/\/tinacrystals.com\/sq\/wp-json\/wp\/v2\/product_cat?post=6814"},{"taxonomy":"product_tag","embeddable":true,"href":"https:\/\/tinacrystals.com\/sq\/wp-json\/wp\/v2\/product_tag?post=6814"}],"curies":[{"name":"wp","href":"https:\/\/api.w.org\/{rel}","templated":true}]}}