{"id":6900,"date":"2022-01-11T19:46:33","date_gmt":"2022-01-11T19:46:33","guid":{"rendered":"http:\/\/tinacrystals.com\/product\/zemer-nga-dalmatian-jasper\/"},"modified":"2022-06-09T09:20:26","modified_gmt":"2022-06-09T07:20:26","slug":"zemer-nga-dalmatian-jasper","status":"publish","type":"product","link":"https:\/\/tinacrystals.com\/sq\/product\/zemer-nga-dalmatian-jasper\/","title":{"rendered":"Dalmatian Jasper Zem\u00ebr"},"content":{"rendered":"<p><strong>HOROSKOPI<\/strong>: Virgj\u00ebresha<br \/>\n<strong>CHAKRA<\/strong>: T\u00eb gjitha<\/p>\n<p>Ky kristal \u00ebsht\u00eb nj\u00eb gur i \u00e7muar i njohur p\u00ebr qet\u00ebsi dhe eksplorim.<\/p>\n<p><strong><br \/>\n<em>Sh\u00ebrimi shpirt\u00ebror:<\/em><\/strong><\/p>\n<p>Jasperi dalmat \u00ebsht\u00eb gjithashtu nj\u00eb gur i shk\u00eblqyer p\u00ebr t&#8217;u p\u00ebrdorur kur d\u00ebshironi t\u00eb reflektoni mbi veprimet, zgjedhjet dhe vendimet q\u00eb keni marr\u00eb n\u00eb t\u00eb kaluar\u00ebn, ve\u00e7an\u00ebrisht kur kjo p\u00ebrfshin partner\u00ebt e kaluar.<\/p>\n<p>Jasperi dalmat mund t&#8217;ju mbaj\u00eb t\u00eb qet\u00eb dhe pozitiv, pavar\u00ebsisht se \u00e7far\u00eb po ndodh n\u00eb jet\u00ebn tuaj.<\/p>\n<p><strong><br \/>\n<em>Sh\u00ebrimi fizik:<\/em><\/strong><\/p>\n<p>Jasperi dalmat mund t\u00eb ndihmoj\u00eb n\u00eb rregullimin e temperatur\u00ebs tuaj n\u00eb m\u00ebnyr\u00eb q\u00eb t\u00eb mos jeni as shum\u00eb t\u00eb nxeht\u00eb dhe as shum\u00eb t\u00eb ftoht\u00eb, gj\u00eb q\u00eb vlen nj\u00eblloj p\u00ebr gjendjen tuaj emocionale.<\/p>\n<p>Ky gur gjithashtu b\u00ebn nj\u00eb pun\u00eb t\u00eb shk\u00eblqyer kur b\u00ebhet fjal\u00eb p\u00ebr balancimin e p\u00ebrmbajtjes minerale t\u00eb qelizave t\u00eb trupit fizik.<\/p>\n<p><strong><br \/>\n<em>Sh\u00ebrimi emocional:<\/em><\/strong><\/p>\n<p>Jasperi dalmat p\u00ebrdoret m\u00eb s\u00eb miri p\u00ebr t\u00eb arritur ekuilibrin dhe moderimin n\u00eb jet\u00ebn tuaj.<\/p>\n<p>Kjo do t&#8217;ju ndihmoj\u00eb t\u00eb rifitoni ekuilibrin tuaj dhe t&#8217;i b\u00ebni gj\u00ebrat n\u00eb perspektiv\u00eb.<\/p>\n<p><strong><br \/>\n<em>Pastroni dhe rimbushni<\/em><\/strong><em>:<\/em><\/p>\n<p>L\u00ebreni n\u00ebn drit\u00ebn e h\u00ebn\u00ebs deri n\u00eb m\u00ebngjes p\u00ebr pastrim dhe ringarkim.<\/p>\n<p>&nbsp;<\/p>\n","protected":false},"excerpt":{"rendered":"<p>Dimenzioni 20x20mm<\/p>\n","protected":false},"featured_media":5364,"comment_status":"open","ping_status":"closed","template":"","meta":[],"product_brand":[],"product_cat":[2385,2292,2405,2372,2429,2309,2322,2303,2310,2357,2307,2395,2305,2306,2359,2352,2308,2371,2666,2304,2404],"product_tag":[],"class_list":{"0":"post-6900","1":"product","2":"type-product","3":"status-publish","4":"has-post-thumbnail","6":"product_cat-bardhe","7":"product_cat-crystal-jewelry-sq","8":"product_cat-blej-sipas","9":"product_cat-blej-sipas-ngjyres","10":"product_cat-format","11":"product_cat-fyti","12":"product_cat-jasper-dalmatin","13":"product_cat-kurora","14":"product_cat-llojet-e-gurve-te-cmuar","15":"product_cat-mbrotje-paqe","16":"product_cat-pleksusi-diellor","17":"product_cat-pendant-sq","18":"product_cat-rrenja","19":"product_cat-sakrale","20":"product_cat-shenjat-e-horoskopit","21":"product_cat-qellim","22":"product_cat-syri-i-trete","23":"product_cat-virgjersha","24":"product_cat-zemra-sq","25":"product_cat-zemra","26":"product_cat-zona-e-cakres","28":"first","29":"instock","30":"shipping-taxable","31":"purchasable","32":"product-type-simple"},"_links":{"self":[{"href":"https:\/\/tinacrystals.com\/sq\/wp-json\/wp\/v2\/product\/6900","targetHints":{"allow":["GET"]}}],"collection":[{"href":"https:\/\/tinacrystals.com\/sq\/wp-json\/wp\/v2\/product"}],"about":[{"href":"https:\/\/tinacrystals.com\/sq\/wp-json\/wp\/v2\/types\/product"}],"replies":[{"embeddable":true,"href":"https:\/\/tinacrystals.com\/sq\/wp-json\/wp\/v2\/comments?post=6900"}],"wp:featuredmedia":[{"embeddable":true,"href":"https:\/\/tinacrystals.com\/sq\/wp-json\/wp\/v2\/media\/5364"}],"wp:attachment":[{"href":"https:\/\/tinacrystals.com\/sq\/wp-json\/wp\/v2\/media?parent=6900"}],"wp:term":[{"taxonomy":"product_brand","embeddable":true,"href":"https:\/\/tinacrystals.com\/sq\/wp-json\/wp\/v2\/product_brand?post=6900"},{"taxonomy":"product_cat","embeddable":true,"href":"https:\/\/tinacrystals.com\/sq\/wp-json\/wp\/v2\/product_cat?post=6900"},{"taxonomy":"product_tag","embeddable":true,"href":"https:\/\/tinacrystals.com\/sq\/wp-json\/wp\/v2\/product_tag?post=6900"}],"curies":[{"name":"wp","href":"https:\/\/api.w.org\/{rel}","templated":true}]}}