{"id":6921,"date":"2022-01-11T19:11:26","date_gmt":"2022-01-11T19:11:26","guid":{"rendered":"http:\/\/tinacrystals.com\/product\/zemer-nga-guri-i-reres-se-kuqe\/"},"modified":"2022-05-11T14:17:54","modified_gmt":"2022-05-11T12:17:54","slug":"zemer-nga-guri-i-reres-se-kuqe","status":"publish","type":"product","link":"https:\/\/tinacrystals.com\/sq\/product\/zemer-nga-guri-i-reres-se-kuqe\/","title":{"rendered":"Gur Rr\u00ebre Ari Zem\u00ebr"},"content":{"rendered":"<p><strong>Zem\u00ebr nga Guri i R\u00ebr\u00ebs s\u00eb Kuqe<\/strong><\/p>\n<p>Shtoni bukuri pamjes suaj me var\u00ebsen ton\u00eb \u2013 Red Sandstone<\/p>\n<p>Ky gur specifik njihet p\u00ebr inkurajimin e ndershm\u00ebris\u00eb dhe ju b\u00ebn t&#8217;i shihni gj\u00ebrat m\u00eb qart\u00eb. Jo vet\u00ebm kaq, por \u00ebsht\u00eb gjithashtu nj\u00eb kristal q\u00eb rrit besimin, guximin, q\u00ebndrimin tuaj pozitiv dhe ju ndihmon t\u00eb arrini q\u00ebllimet tuaja.<\/p>\n<p>Mbajtja e k\u00ebsaj var\u00ebse af\u00ebr jush jo vet\u00ebm q\u00eb do ta zbukuroje pamjen tuaj, por do t\u00eb t\u00ebrhiqni t\u00eb gjitha fuqit\u00eb q\u00eb I mban edhe vete guri.<\/p>\n<p><strong>Chakra<\/strong>: Zemra<\/p>\n<p><strong>Horoskopi<\/strong>: Binjak\u00ebt<\/p>\n","protected":false},"excerpt":{"rendered":"<p>Zem\u00ebr nga Guri i R\u00ebr\u00ebs s\u00eb Kuqe Shtoni bukuri pamjes suaj me var\u00ebsen ton\u00eb \u2013 Red Sandstone Ky gur specifik njihet p\u00ebr inkurajimin e ndershm\u00ebris\u00eb dhe<span class=\"excerpt-hellip\"> [\u2026]<\/span><\/p>\n","protected":false},"featured_media":5379,"comment_status":"open","ping_status":"closed","template":"","meta":[],"product_brand":[],"product_cat":[2292,2395],"product_tag":[],"class_list":{"0":"post-6921","1":"product","2":"type-product","3":"status-publish","4":"has-post-thumbnail","6":"product_cat-crystal-jewelry-sq","7":"product_cat-pendant-sq","9":"first","10":"instock","11":"shipping-taxable","12":"purchasable","13":"product-type-simple"},"_links":{"self":[{"href":"https:\/\/tinacrystals.com\/sq\/wp-json\/wp\/v2\/product\/6921","targetHints":{"allow":["GET"]}}],"collection":[{"href":"https:\/\/tinacrystals.com\/sq\/wp-json\/wp\/v2\/product"}],"about":[{"href":"https:\/\/tinacrystals.com\/sq\/wp-json\/wp\/v2\/types\/product"}],"replies":[{"embeddable":true,"href":"https:\/\/tinacrystals.com\/sq\/wp-json\/wp\/v2\/comments?post=6921"}],"wp:featuredmedia":[{"embeddable":true,"href":"https:\/\/tinacrystals.com\/sq\/wp-json\/wp\/v2\/media\/5379"}],"wp:attachment":[{"href":"https:\/\/tinacrystals.com\/sq\/wp-json\/wp\/v2\/media?parent=6921"}],"wp:term":[{"taxonomy":"product_brand","embeddable":true,"href":"https:\/\/tinacrystals.com\/sq\/wp-json\/wp\/v2\/product_brand?post=6921"},{"taxonomy":"product_cat","embeddable":true,"href":"https:\/\/tinacrystals.com\/sq\/wp-json\/wp\/v2\/product_cat?post=6921"},{"taxonomy":"product_tag","embeddable":true,"href":"https:\/\/tinacrystals.com\/sq\/wp-json\/wp\/v2\/product_tag?post=6921"}],"curies":[{"name":"wp","href":"https:\/\/api.w.org\/{rel}","templated":true}]}}