{"id":7073,"date":"2022-01-08T21:52:11","date_gmt":"2022-01-08T21:52:11","guid":{"rendered":"http:\/\/tinacrystals.com\/product\/agat-i-rrjetosur-forme-loti\/"},"modified":"2022-05-12T10:02:53","modified_gmt":"2022-05-12T08:02:53","slug":"agat-i-rrjetosur-forme-loti","status":"publish","type":"product","link":"https:\/\/tinacrystals.com\/sq\/product\/agat-i-rrjetosur-forme-loti\/","title":{"rendered":"Agat i Rrjetosur Lot"},"content":{"rendered":"<p><strong>Agat I Rrjetosur &#8211; Form\u00eb Loti<\/strong><\/p>\n<p>&nbsp;<\/p>\n<p>Agati i rrjetosur \u00ebsht\u00eb nj\u00eb gur lumturie dhe g\u00ebzimi. Ndihmon p\u00ebr t\u00eb vendosur rregull n\u00eb kaos ose disharmonin\u00eb n\u00eb mjedisin tuaj. Mund t\u00eb pastroj\u00eb bllokimet e energjis\u00eb dhe ju ndihmon t\u00eb ndiheni gjithmon\u00eb optimist\u00eb dhe t\u00eb lumtur. P\u00ebrve\u00e7 k\u00ebsaj, ajo leht\u00ebson dhimbjen emocionale dhe leht\u00ebson jet\u00ebn tuaj. Gjithashtu mendohet se kristali nxit p\u00ebrqendrimin dhe ju ndihmon t\u00eb q\u00ebndroni t\u00eb fokusuar n\u00eb detyrat q\u00eb do t\u00eb keni.<\/p>\n<p><strong>Si t\u00eb kujdeseni p\u00ebr gurin?<\/strong><\/p>\n<p>-Gurin mund ta pastroni leht\u00ebsisht duke p\u00ebrdorur uj\u00eb t\u00eb ngroht\u00eb me sapun dhe nj\u00eb leck\u00eb t\u00eb but\u00eb. Shmangni kimikatet e forta gjat\u00eb pastrimit t\u00eb gurit.<\/p>\n<p>-Mund ta rimbusni gurin me tym sherebele ose thjesht duke e mbajtur n\u00eb dor\u00eb dhe duke th\u00ebn\u00eb pohime pozitive drejt kristalit.<\/p>\n<p><strong>Chakra:<\/strong><\/p>\n<p>&#8211; Rr\u00ebnja<\/p>\n<p><strong>Zodiaku:<\/strong><\/p>\n<p>-Binjak\u00ebt<\/p>\n<p>-Kanceri<\/p>\n<p>&#8211; Virgj\u00ebresha<\/p>\n","protected":false},"excerpt":{"rendered":"<p>Agat I Rrjetosur &#8211; Form\u00eb Loti &nbsp; Agati i rrjetosur \u00ebsht\u00eb nj\u00eb gur lumturie dhe g\u00ebzimi. Ndihmon p\u00ebr t\u00eb vendosur rregull n\u00eb kaos ose disharmonin\u00eb n\u00eb<span class=\"excerpt-hellip\"> [\u2026]<\/span><\/p>\n","protected":false},"featured_media":5118,"comment_status":"open","ping_status":"closed","template":"","meta":[],"product_brand":[],"product_cat":[2292,2395],"product_tag":[],"class_list":{"0":"post-7073","1":"product","2":"type-product","3":"status-publish","4":"has-post-thumbnail","6":"product_cat-crystal-jewelry-sq","7":"product_cat-pendant-sq","9":"first","10":"instock","11":"shipping-taxable","12":"purchasable","13":"product-type-simple"},"_links":{"self":[{"href":"https:\/\/tinacrystals.com\/sq\/wp-json\/wp\/v2\/product\/7073","targetHints":{"allow":["GET"]}}],"collection":[{"href":"https:\/\/tinacrystals.com\/sq\/wp-json\/wp\/v2\/product"}],"about":[{"href":"https:\/\/tinacrystals.com\/sq\/wp-json\/wp\/v2\/types\/product"}],"replies":[{"embeddable":true,"href":"https:\/\/tinacrystals.com\/sq\/wp-json\/wp\/v2\/comments?post=7073"}],"wp:featuredmedia":[{"embeddable":true,"href":"https:\/\/tinacrystals.com\/sq\/wp-json\/wp\/v2\/media\/5118"}],"wp:attachment":[{"href":"https:\/\/tinacrystals.com\/sq\/wp-json\/wp\/v2\/media?parent=7073"}],"wp:term":[{"taxonomy":"product_brand","embeddable":true,"href":"https:\/\/tinacrystals.com\/sq\/wp-json\/wp\/v2\/product_brand?post=7073"},{"taxonomy":"product_cat","embeddable":true,"href":"https:\/\/tinacrystals.com\/sq\/wp-json\/wp\/v2\/product_cat?post=7073"},{"taxonomy":"product_tag","embeddable":true,"href":"https:\/\/tinacrystals.com\/sq\/wp-json\/wp\/v2\/product_tag?post=7073"}],"curies":[{"name":"wp","href":"https:\/\/api.w.org\/{rel}","templated":true}]}}