{"id":7093,"date":"2022-01-08T14:57:09","date_gmt":"2022-01-08T14:57:09","guid":{"rendered":"http:\/\/tinacrystals.com\/product\/syri-i-tigrit-forme-kryqi\/"},"modified":"2022-06-03T14:13:03","modified_gmt":"2022-06-03T12:13:03","slug":"syri-i-tigrit-forme-kryqi","status":"publish","type":"product","link":"https:\/\/tinacrystals.com\/sq\/product\/syri-i-tigrit-forme-kryqi\/","title":{"rendered":"Syri i Tigrit Kryq"},"content":{"rendered":"<p><strong>Syri i Tigrit &#8211; Form\u00eb Kryqi<\/strong><\/p>\n<p>Syri i Tigrit ju tregon se si t\u00eb lini fuqin\u00eb t\u00eb rrjedh\u00eb p\u00ebrmes jush lirisht dhe ju lejon t\u00eb merrni kontrollin e saj. Gjithashtu t\u00eb ndihmon t\u00eb jesh m\u00eb optimist, t\u00eb ndihmon t\u00eb mendosh gjithmon\u00eb n\u00eb m\u00ebnyr\u00eb racionale, t\u00eb jep begati dhe m\u00eb e r\u00ebnd\u00ebsishmja frym\u00ebzim p\u00ebr gj\u00ebra t\u00eb reja q\u00eb do t\u00eb vijn\u00eb n\u00eb jet\u00ebn t\u00ebnde.<\/p>\n<p>Vibrimet e k\u00ebtij guri do t\u00eb stimulojn\u00eb pasionin, energjin\u00eb dhe do t\u00eb leht\u00ebsojn\u00eb \u00e7do stres emocional apo ankth q\u00eb mund t\u00eb keni.<\/p>\n<p>&nbsp;<\/p>\n<p><strong>Si ta pastrosh\/rikarikosh k\u00ebt\u00eb gur?<\/strong><\/p>\n<p>&nbsp;<\/p>\n<p>Do t\u2019ju duhet t\u00eb futeni brenda nat\u00ebs n\u00eb nj\u00eb zgjidhje t\u00eb sh brinja, kur t\u00eb doni ta pastroni. Kjo do t\u00eb rikarikoj energjin\u00eb e saj gjithashtu.<\/p>\n<p>&nbsp;<\/p>\n<p><strong>Guri i lindjes p\u00ebr<\/strong>: gusht<\/p>\n<p>&nbsp;<\/p>\n<p><strong>Chakra:<\/strong><\/p>\n<p>Rr\u00ebnj\u00eb<\/p>\n<p>Sakriral<\/p>\n<p>Plexusi<\/p>\n<p><strong>\u00a0<\/strong><\/p>\n<p><strong>Horoskopi:<\/strong><\/p>\n<p>Bricjapi<\/p>\n<p>Luani<\/p>\n","protected":false},"excerpt":{"rendered":"<p>Dimenzioni 25x18mm<\/p>\n","protected":false},"featured_media":5072,"comment_status":"open","ping_status":"closed","template":"","meta":[],"product_brand":[],"product_cat":[2292,2429,2672,2395],"product_tag":[],"class_list":{"0":"post-7093","1":"product","2":"type-product","3":"status-publish","4":"has-post-thumbnail","6":"product_cat-crystal-jewelry-sq","7":"product_cat-format","8":"product_cat-kryq","9":"product_cat-pendant-sq","11":"first","12":"outofstock","13":"shipping-taxable","14":"purchasable","15":"product-type-simple"},"_links":{"self":[{"href":"https:\/\/tinacrystals.com\/sq\/wp-json\/wp\/v2\/product\/7093","targetHints":{"allow":["GET"]}}],"collection":[{"href":"https:\/\/tinacrystals.com\/sq\/wp-json\/wp\/v2\/product"}],"about":[{"href":"https:\/\/tinacrystals.com\/sq\/wp-json\/wp\/v2\/types\/product"}],"replies":[{"embeddable":true,"href":"https:\/\/tinacrystals.com\/sq\/wp-json\/wp\/v2\/comments?post=7093"}],"wp:featuredmedia":[{"embeddable":true,"href":"https:\/\/tinacrystals.com\/sq\/wp-json\/wp\/v2\/media\/5072"}],"wp:attachment":[{"href":"https:\/\/tinacrystals.com\/sq\/wp-json\/wp\/v2\/media?parent=7093"}],"wp:term":[{"taxonomy":"product_brand","embeddable":true,"href":"https:\/\/tinacrystals.com\/sq\/wp-json\/wp\/v2\/product_brand?post=7093"},{"taxonomy":"product_cat","embeddable":true,"href":"https:\/\/tinacrystals.com\/sq\/wp-json\/wp\/v2\/product_cat?post=7093"},{"taxonomy":"product_tag","embeddable":true,"href":"https:\/\/tinacrystals.com\/sq\/wp-json\/wp\/v2\/product_tag?post=7093"}],"curies":[{"name":"wp","href":"https:\/\/api.w.org\/{rel}","templated":true}]}}