{"id":7103,"date":"2022-01-08T14:38:49","date_gmt":"2022-01-08T14:38:49","guid":{"rendered":"http:\/\/tinacrystals.com\/product\/gure-ari-i-reres-forme-kryqi\/"},"modified":"2022-06-03T14:13:27","modified_gmt":"2022-06-03T12:13:27","slug":"gure-ari-i-reres-forme-kryqi","status":"publish","type":"product","link":"https:\/\/tinacrystals.com\/sq\/product\/gure-ari-i-reres-forme-kryqi\/","title":{"rendered":"Gur Rr\u00ebre Ari Kryq"},"content":{"rendered":"<p><strong>Gur\u00eb Ari i R\u00ebr\u00ebs \u2013 Form\u00eb Kryqi<\/strong><\/p>\n<p>Gold Sand Stone ka t\u00eb b\u00ebj\u00eb me zhvillimin personal, energjit\u00eb pozitive dhe boll\u00ebkun magnetizues.<\/p>\n<p>Ju jep kurajo gjat\u00eb momenteve tuaja t\u00eb dob\u00ebta, t\u00eb pambrojtura dhe t\u00eb pasigurta.<\/p>\n<p>P\u00ebrdoret gjithashtu p\u00ebr sh\u00ebrimin n\u00eb distanca t\u00eb gjata dhe rigjall\u00ebrimin e fush\u00ebs energjetike t\u00eb dikujt.<\/p>\n<p>Guri i r\u00ebr\u00ebs s\u00eb art\u00eb thuhet se ju ndihmon t\u00eb q\u00ebndroni t\u00eb qet\u00eb dhe t\u00eb stabilizoni emocionet.<\/p>\n<p><b>Si t\u00eb pastroni kristalin?<\/b><\/p>\n<p>-Kur e merrni p\u00ebr her\u00eb t\u00eb par\u00eb kristalin rekomandohet ta pastroni menj\u00ebher\u00eb sepse i ndryshon energjit\u00eb. P\u00ebr ta b\u00ebr\u00eb k\u00ebt\u00eb, zhytni gurin n\u00eb uj\u00eb p\u00ebr pak dhe pasi ta hiqni thajeni but\u00ebsisht.<\/p>\n<p><b>Si t\u00eb rimbushni kristalin?<\/b><\/p>\n<p>-Nj\u00eb m\u00ebnyr\u00eb v\u00ebrtet efektive p\u00ebr t\u00eb rimbushur gurin tuaj \u00ebsht\u00eb t\u00eb shkruani synimet pozitive ndaj gurit n\u00eb nj\u00eb cop\u00eb let\u00ebr dhe ta mb\u00ebshtillni rreth gurit p\u00ebr disa minuta. Mbajeni gurin n\u00eb dor\u00ebn tuaj t\u00eb majt\u00eb dhe mbajeni ashtu p\u00ebr aq koh\u00eb sa mendoni se guri ka nevoj\u00eb p\u00ebr t\u00eb.<\/p>\n<p><b>Chakra<\/b>;<\/p>\n<p>Fyt<\/p>\n<p>Rr\u00ebnja<\/p>\n<p><b>Horoskopi<\/b>:<\/p>\n<p>Shigjetari<\/p>\n","protected":false},"excerpt":{"rendered":"<p>Dimenzioni 25x18mm<\/p>\n","protected":false},"featured_media":5057,"comment_status":"open","ping_status":"closed","template":"","meta":[],"product_brand":[],"product_cat":[2369,2377,2292,2405,2372,2361,2358,2429,2323,2672,2310,2395,2305,2306,2359,2352,2371,2404],"product_tag":[],"class_list":{"0":"post-7103","1":"product","2":"type-product","3":"status-publish","4":"has-post-thumbnail","6":"product_cat-akrepi-sq","7":"product_cat-ari","8":"product_cat-crystal-jewelry-sq","9":"product_cat-blej-sipas","10":"product_cat-blej-sipas-ngjyres","11":"product_cat-dashi","12":"product_cat-force-stabilitet","13":"product_cat-format","14":"product_cat-gur-rrere-ari","15":"product_cat-kryq","16":"product_cat-llojet-e-gurve-te-cmuar","17":"product_cat-pendant-sq","18":"product_cat-rrenja","19":"product_cat-sakrale","20":"product_cat-shenjat-e-horoskopit","21":"product_cat-qellim","22":"product_cat-virgjersha","23":"product_cat-zona-e-cakres","25":"first","26":"instock","27":"shipping-taxable","28":"purchasable","29":"product-type-simple"},"_links":{"self":[{"href":"https:\/\/tinacrystals.com\/sq\/wp-json\/wp\/v2\/product\/7103","targetHints":{"allow":["GET"]}}],"collection":[{"href":"https:\/\/tinacrystals.com\/sq\/wp-json\/wp\/v2\/product"}],"about":[{"href":"https:\/\/tinacrystals.com\/sq\/wp-json\/wp\/v2\/types\/product"}],"replies":[{"embeddable":true,"href":"https:\/\/tinacrystals.com\/sq\/wp-json\/wp\/v2\/comments?post=7103"}],"wp:featuredmedia":[{"embeddable":true,"href":"https:\/\/tinacrystals.com\/sq\/wp-json\/wp\/v2\/media\/5057"}],"wp:attachment":[{"href":"https:\/\/tinacrystals.com\/sq\/wp-json\/wp\/v2\/media?parent=7103"}],"wp:term":[{"taxonomy":"product_brand","embeddable":true,"href":"https:\/\/tinacrystals.com\/sq\/wp-json\/wp\/v2\/product_brand?post=7103"},{"taxonomy":"product_cat","embeddable":true,"href":"https:\/\/tinacrystals.com\/sq\/wp-json\/wp\/v2\/product_cat?post=7103"},{"taxonomy":"product_tag","embeddable":true,"href":"https:\/\/tinacrystals.com\/sq\/wp-json\/wp\/v2\/product_tag?post=7103"}],"curies":[{"name":"wp","href":"https:\/\/api.w.org\/{rel}","templated":true}]}}