{"id":7105,"date":"2022-01-08T14:35:24","date_gmt":"2022-01-08T14:35:24","guid":{"rendered":"http:\/\/tinacrystals.com\/product\/dalmatian-jasper-forme-kryqi\/"},"modified":"2022-05-12T10:11:37","modified_gmt":"2022-05-12T08:11:37","slug":"dalmatian-jasper-forme-kryqi","status":"publish","type":"product","link":"https:\/\/tinacrystals.com\/sq\/product\/dalmatian-jasper-forme-kryqi\/","title":{"rendered":"Dalmatian Jasper Kryq"},"content":{"rendered":"<p><strong>Dalmatian Jasper &#8211; Form\u00eb Kryqi<\/strong><\/p>\n<p>Ky kristal \u00ebsht\u00eb nj\u00eb gur i \u00e7muar i njohur p\u00ebr qet\u00ebsi dhe eksplorim. \u00cbsht\u00eb nj\u00eb gur q\u00eb do t\u00eb nxjerr\u00eb n\u00eb sip\u00ebrfaqe talentet dhe t\u00eb metat tuaja, me nj\u00eb njohuri t\u00eb re n\u00eb mendjen tuaj tani do t\u00eb filloni t\u00eb punoni p\u00ebr p\u00ebrmir\u00ebsimin e talenteve dhe t\u00eb hiqni qafe ose t\u00eb ndryshoni t\u00eb metat tuaja.<\/p>\n<p>Kristali do t\u2019ju ndihmoj\u00eb t\u00eb dalloni midis dashuris\u00eb s\u00eb v\u00ebrtet\u00eb dhe dashuris\u00eb s\u00eb bazuar n\u00eb interes. Do t\u00eb promovoj\u00eb integritetin dhe p\u00ebrkushtimin, do t\u2019ju ngrej\u00eb shpirtin dhe do t\u2019ju p\u00ebrgatis\u00eb p\u00ebr \u00e7do gj\u00eb.<\/p>\n<p><strong>Si t\u00eb pastroni kristalin?<\/strong><\/p>\n<p>-Ta Keni n\u00ebn drit\u00ebn e h\u00ebn\u00ebs deri n\u00eb m\u00ebngjes.<\/p>\n<p><strong>\u00c7akra:<\/strong><\/p>\n<p>-Te gjitha<\/p>\n<p><strong>Horoskopi<\/strong><\/p>\n<p>Sh\u00ebnim: Kristali lidhet me t\u00eb gjith\u00eb zodiak\u00ebt, por \u00ebsht\u00eb m\u00eb efektiv me<\/p>\n<p>\u2013 Virgj\u00ebresha<\/p>\n<p>&nbsp;<\/p>\n","protected":false},"excerpt":{"rendered":"<p>Dalmatian Jasper &#8211; Form\u00eb Kryqi Ky kristal \u00ebsht\u00eb nj\u00eb gur i \u00e7muar i njohur p\u00ebr qet\u00ebsi dhe eksplorim. \u00cbsht\u00eb nj\u00eb gur q\u00eb do t\u00eb nxjerr\u00eb n\u00eb<span class=\"excerpt-hellip\"> [\u2026]<\/span><\/p>\n","protected":false},"featured_media":5054,"comment_status":"open","ping_status":"closed","template":"","meta":[],"product_brand":[],"product_cat":[2292,2395],"product_tag":[],"class_list":{"0":"post-7105","1":"product","2":"type-product","3":"status-publish","4":"has-post-thumbnail","6":"product_cat-crystal-jewelry-sq","7":"product_cat-pendant-sq","9":"first","10":"instock","11":"shipping-taxable","12":"purchasable","13":"product-type-simple"},"_links":{"self":[{"href":"https:\/\/tinacrystals.com\/sq\/wp-json\/wp\/v2\/product\/7105","targetHints":{"allow":["GET"]}}],"collection":[{"href":"https:\/\/tinacrystals.com\/sq\/wp-json\/wp\/v2\/product"}],"about":[{"href":"https:\/\/tinacrystals.com\/sq\/wp-json\/wp\/v2\/types\/product"}],"replies":[{"embeddable":true,"href":"https:\/\/tinacrystals.com\/sq\/wp-json\/wp\/v2\/comments?post=7105"}],"wp:featuredmedia":[{"embeddable":true,"href":"https:\/\/tinacrystals.com\/sq\/wp-json\/wp\/v2\/media\/5054"}],"wp:attachment":[{"href":"https:\/\/tinacrystals.com\/sq\/wp-json\/wp\/v2\/media?parent=7105"}],"wp:term":[{"taxonomy":"product_brand","embeddable":true,"href":"https:\/\/tinacrystals.com\/sq\/wp-json\/wp\/v2\/product_brand?post=7105"},{"taxonomy":"product_cat","embeddable":true,"href":"https:\/\/tinacrystals.com\/sq\/wp-json\/wp\/v2\/product_cat?post=7105"},{"taxonomy":"product_tag","embeddable":true,"href":"https:\/\/tinacrystals.com\/sq\/wp-json\/wp\/v2\/product_tag?post=7105"}],"curies":[{"name":"wp","href":"https:\/\/api.w.org\/{rel}","templated":true}]}}