{"id":7129,"date":"2022-01-10T11:11:00","date_gmt":"2022-01-10T11:11:00","guid":{"rendered":"http:\/\/tinacrystals.com\/product\/kepurdha-nga-llanite-texas\/"},"modified":"2022-06-03T09:11:43","modified_gmt":"2022-06-03T07:11:43","slug":"kepurdha-nga-llanite-texas","status":"publish","type":"product","link":"https:\/\/tinacrystals.com\/sq\/product\/kepurdha-nga-llanite-texas\/","title":{"rendered":"LLanit Teksas K\u00ebpurdh"},"content":{"rendered":"<p><strong>K\u00ebrpudha nga Llanite Texas<\/strong><\/p>\n<p>Karakteristikat shpirt\u00ebrore t\u00eb Llanite jan\u00eb t\u00eb p\u00ebrqendruara n\u00eb lidhjen dhe nd\u00ebrveprimet tona me t\u00eb tjer\u00ebt. Ai stimulon \u00e7akr\u00ebn e zemr\u00ebs dhe na mund\u00ebson t&#8217;i hapim zemrat t\u00eb tjer\u00ebve. Ky gur ndihmon n\u00eb rritjen e dhembshuris\u00eb dhe mir\u00ebkuptimit, k\u00ebshtu q\u00eb promovon harmonin\u00eb dhe paqen mes njer\u00ebzve.<\/p>\n<p><strong>Horoskopi<\/strong>: Ujori, Shigjetari<\/p>\n<p><strong>Cakra<\/strong>: Zemra, syri i tret\u00eb<\/p>\n","protected":false},"excerpt":{"rendered":"<p>Dimenzioni 22x16mm<\/p>\n","protected":false},"featured_media":5231,"comment_status":"open","ping_status":"closed","template":"","meta":[],"product_brand":[],"product_cat":[2293,2675,2291,2288],"product_tag":[],"class_list":{"0":"post-7129","1":"product","2":"type-product","3":"status-publish","4":"has-post-thumbnail","6":"product_cat-decorations-sq","7":"product_cat-kepurdh","8":"product_cat-mushroom-sq","9":"product_cat-crystal-beauty-sq-2","11":"first","12":"instock","13":"shipping-taxable","14":"purchasable","15":"product-type-simple"},"_links":{"self":[{"href":"https:\/\/tinacrystals.com\/sq\/wp-json\/wp\/v2\/product\/7129","targetHints":{"allow":["GET"]}}],"collection":[{"href":"https:\/\/tinacrystals.com\/sq\/wp-json\/wp\/v2\/product"}],"about":[{"href":"https:\/\/tinacrystals.com\/sq\/wp-json\/wp\/v2\/types\/product"}],"replies":[{"embeddable":true,"href":"https:\/\/tinacrystals.com\/sq\/wp-json\/wp\/v2\/comments?post=7129"}],"wp:featuredmedia":[{"embeddable":true,"href":"https:\/\/tinacrystals.com\/sq\/wp-json\/wp\/v2\/media\/5231"}],"wp:attachment":[{"href":"https:\/\/tinacrystals.com\/sq\/wp-json\/wp\/v2\/media?parent=7129"}],"wp:term":[{"taxonomy":"product_brand","embeddable":true,"href":"https:\/\/tinacrystals.com\/sq\/wp-json\/wp\/v2\/product_brand?post=7129"},{"taxonomy":"product_cat","embeddable":true,"href":"https:\/\/tinacrystals.com\/sq\/wp-json\/wp\/v2\/product_cat?post=7129"},{"taxonomy":"product_tag","embeddable":true,"href":"https:\/\/tinacrystals.com\/sq\/wp-json\/wp\/v2\/product_tag?post=7129"}],"curies":[{"name":"wp","href":"https:\/\/api.w.org\/{rel}","templated":true}]}}