{"id":7135,"date":"2022-01-10T10:52:02","date_gmt":"2022-01-10T10:52:02","guid":{"rendered":"http:\/\/tinacrystals.com\/product\/kepurdha-nga-unakiti\/"},"modified":"2022-06-03T09:12:00","modified_gmt":"2022-06-03T07:12:00","slug":"kepurdha-nga-unakiti","status":"publish","type":"product","link":"https:\/\/tinacrystals.com\/sq\/product\/kepurdha-nga-unakiti\/","title":{"rendered":"Unakit K\u00ebrpurdh"},"content":{"rendered":"<p><strong>HOROSKOPI<\/strong>: Akrepi, Binjak\u00ebt, Peshorja<br \/>\n<strong>CHAKRA<\/strong>: Rr\u00ebnja, Zemra, Syri i Tret\u00eb<\/p>\n<p>Unakite \u00ebsht\u00eb nj\u00eb q\u00eb do ju hap vizone t\u00eb reja.<\/p>\n<p><strong><br \/>\n<em>Sh\u00ebrimi shpirt\u00ebror:<\/em><\/strong><\/p>\n<p>Ky kristal hap dritare drejt bot\u00ebs qiellore, ku q\u00ebndrojn\u00eb lajm\u00ebtar\u00ebt dhe kujdestar\u00ebt.<\/p>\n<p>Ju mund t\u00eb hyni n\u00eb at\u00eb bot\u00eb dhe t&#8217;i afroheni m\u00eb shum\u00eb shpirt\u00ebrisht duke e poseduar unaktin n\u00eb ekzistenc\u00ebn tuaj.<\/p>\n<p>Ai lejon shpirtin tuaj t\u00eb fluturoj\u00eb p\u00ebrtej cil\u00ebsive t\u00eb tij.<\/p>\n<p><strong><br \/>\n<em>Sh\u00ebrimi fizik:<\/em><\/strong><\/p>\n<p>Unakite mund t\u00eb ndihmoj\u00eb kalimin n\u00eb rezultatet e p\u00ebrgjithshme pozitve m\u00eb leht\u00eb n\u00ebse jeni duke u sh\u00ebruar nga nj\u00eb s\u00ebmundje e r\u00ebnd\u00eb.<\/p>\n<p>P\u00ebrdoret p\u00ebr t\u00eb ndihmuar n\u00eb rritjen e ovulacionit dhe p\u00ebr t\u00eb siguruar sigurin\u00eb e n\u00ebn\u00ebs gjat\u00eb lindjes.<\/p>\n<p>Gjithashtu, pretendohet se detoksifkim p\u00ebr trupin.<\/p>\n<p><strong><br \/>\n<em>Sh\u00ebrimi emocional:<\/em><\/strong><\/p>\n<p>Unakite ju inkurajon t\u00eb ruani habin\u00eb dhe thjesht\u00ebsin\u00eb tuaj nd\u00ebrsa fitoni njohurit\u00eb q\u00eb d\u00ebshironi.<\/p>\n<p>Gjithashtu ju inkurajon t\u00eb krijoni gjith\u00e7ka nga \u00e7do gj\u00eb q\u00eb hasni n\u00eb udh\u00ebtimin tuaj.<\/p>\n<p><strong><br \/>\n<em>Pastroni dhe rimbushni:<\/em><\/strong><\/p>\n<p>Unakite \u00ebsht\u00eb nj\u00eb gur i l\u00ebmuar q\u00eb e b\u00ebn m\u00eb t\u00eb leht\u00eb pastrimin se disa kristale t\u00eb tjer\u00eb. Nj\u00eb leck\u00eb e but\u00eb ose fur\u00e7\u00eb me uj\u00eb t\u00eb ngroht\u00eb me sapun \u00ebsht\u00eb m\u00eb e mira.<\/p>\n<p>Rimbushja: duhet t\u00eb fshihet me vaj ulliri dhe m\u00eb pas t\u00eb shp\u00eblahet me uj\u00eb t\u00eb rrjedhsh\u00ebm.<\/p>\n","protected":false},"excerpt":{"rendered":"<p>Dimenzioni 22x16mm<\/p>\n","protected":false},"featured_media":5237,"comment_status":"open","ping_status":"closed","template":"","meta":[],"product_brand":[],"product_cat":[2369,2364,2405,2372,2293,2356,2379,2675,2291,2288,2310,2366,2381,2305,2359,2352,2308,2804,2304,2404],"product_tag":[],"class_list":{"0":"post-7135","1":"product","2":"type-product","3":"status-publish","4":"has-post-thumbnail","6":"product_cat-akrepi-sq","7":"product_cat-binjaket","8":"product_cat-blej-sipas","9":"product_cat-blej-sipas-ngjyres","10":"product_cat-decorations-sq","11":"product_cat-fat-sukses","12":"product_cat-gjelbert","13":"product_cat-kepurdh","14":"product_cat-mushroom-sq","15":"product_cat-crystal-beauty-sq-2","16":"product_cat-llojet-e-gurve-te-cmuar","17":"product_cat-peshorja","18":"product_cat-portokalle","19":"product_cat-rrenja","20":"product_cat-shenjat-e-horoskopit","21":"product_cat-qellim","22":"product_cat-syri-i-trete","23":"product_cat-unakit","24":"product_cat-zemra","25":"product_cat-zona-e-cakres","27":"first","28":"instock","29":"shipping-taxable","30":"purchasable","31":"product-type-simple"},"_links":{"self":[{"href":"https:\/\/tinacrystals.com\/sq\/wp-json\/wp\/v2\/product\/7135","targetHints":{"allow":["GET"]}}],"collection":[{"href":"https:\/\/tinacrystals.com\/sq\/wp-json\/wp\/v2\/product"}],"about":[{"href":"https:\/\/tinacrystals.com\/sq\/wp-json\/wp\/v2\/types\/product"}],"replies":[{"embeddable":true,"href":"https:\/\/tinacrystals.com\/sq\/wp-json\/wp\/v2\/comments?post=7135"}],"wp:featuredmedia":[{"embeddable":true,"href":"https:\/\/tinacrystals.com\/sq\/wp-json\/wp\/v2\/media\/5237"}],"wp:attachment":[{"href":"https:\/\/tinacrystals.com\/sq\/wp-json\/wp\/v2\/media?parent=7135"}],"wp:term":[{"taxonomy":"product_brand","embeddable":true,"href":"https:\/\/tinacrystals.com\/sq\/wp-json\/wp\/v2\/product_brand?post=7135"},{"taxonomy":"product_cat","embeddable":true,"href":"https:\/\/tinacrystals.com\/sq\/wp-json\/wp\/v2\/product_cat?post=7135"},{"taxonomy":"product_tag","embeddable":true,"href":"https:\/\/tinacrystals.com\/sq\/wp-json\/wp\/v2\/product_tag?post=7135"}],"curies":[{"name":"wp","href":"https:\/\/api.w.org\/{rel}","templated":true}]}}