{"id":7138,"date":"2022-01-11T11:27:05","date_gmt":"2022-01-11T11:27:05","guid":{"rendered":"http:\/\/tinacrystals.com\/product\/rolera-per-fytyren-nga-guri-i-reres-blu\/"},"modified":"2022-05-11T14:21:02","modified_gmt":"2022-05-11T12:21:02","slug":"rolera-per-fytyren-nga-guri-i-reres-blu","status":"publish","type":"product","link":"https:\/\/tinacrystals.com\/sq\/product\/rolera-per-fytyren-nga-guri-i-reres-blu\/","title":{"rendered":"Gur Rr\u00ebre Blu Roler Fytyre"},"content":{"rendered":"<p>Roler Fytyre me Gur t\u00eb Rr\u00ebr\u00ebs Blu<\/p>\n<p><strong>P\u00ebr \u00e7far\u00eb p\u00ebrdoren rolerat e fytyr\u00ebs?<\/strong><\/p>\n<p>Rolerat e fytyr\u00ebs jan\u00eb nj\u00eb mjet i p\u00ebrjetsh\u00ebm p\u00ebr kujdesin e l\u00ebkur\u00ebs q\u00eb jan\u00eb p\u00ebrdorur me shekuj p\u00ebr p\u00ebrfitimet e tyre t\u00eb shumta nga aristokracia kineze. Disa nga p\u00ebrfitimet jan\u00eb si m\u00eb posht\u00eb:<\/p>\n<p>-Redukton inflamacionin<\/p>\n<p>-Heq \u00e7do toksine q\u00eb mund t\u00eb keni<\/p>\n<p>-Nxjerrin l\u00ebkur\u00ebn tuaj<\/p>\n<p>-Ndihmon me err\u00ebsir\u00ebn posht\u00eb syve<\/p>\n<p>-Nxit kolagjenin<\/p>\n<p>-Ngre fytyr\u00ebn<\/p>\n<p>-Heq rrudhat dhe shum\u00eb m\u00eb tep\u00ebr\u2026<\/p>\n<p>Bluesandstone ose Goldstone \u00ebsht\u00eb nj\u00eb gur p\u00ebr mbrojtje dhe ambicie. Ju pastron mendjen, ju b\u00ebn m\u00eb t\u00eb koncentruar, m\u00eb t\u00eb qet\u00eb, m\u00eb t\u00eb relaksuar dhe kur lidhet me \u00e7akr\u00ebn e fytit, inkurajon pranimin e asaj q\u00eb jemi.<\/p>\n<p>Nj\u00eb fuqi tjet\u00ebr e madhe q\u00eb mban ky gur \u00ebsht\u00eb se ai rrit guximin dhe besimin tuaj, \u00ebsht\u00eb i shk\u00eblqyesh\u00ebm p\u00ebr t\u00eb t\u00ebrhequr sukses dhe pasuri n\u00eb jet\u00ebn tuaj. T\u00eb shikosh at\u00eb \u00ebsht\u00eb si t\u00eb shikosh qiellin e nat\u00ebs kur ai \u00ebsht\u00eb i mbushur me yje, nj\u00eb bukuri e v\u00ebrtet\u00eb hyjnore.<\/p>\n<p><strong>Horoskopi:<\/strong><\/p>\n<p>-Shigjetari<\/p>\n<p><strong>Cakra:<\/strong><\/p>\n<p>-Zem\u00ebr<\/p>\n<p>-Kurora<\/p>\n<p>&nbsp;<\/p>\n<p>Gur rr\u00ebr\u00ebs blu simbolizon nd\u00ebrmarrjen, suksesin, fitoren dhe lavdin\u00eb.<\/p>\n<p><strong><em><br \/>\nSh\u00ebrimi shpirt\u00ebror:<\/em><\/strong><\/p>\n<p>N\u00ebse po kaloni m\u00ebrzi, guri rr\u00ebr\u00ebs blu mund t&#8217;i transformoj\u00eb ndjenjat tuaja n\u00eb veprime produktive apo t\u00eb dobishme p\u00ebr ju.<\/p>\n<p>Guri rr\u00ebr\u00ebs blu mund t&#8217;ju ndihmoj\u00eb t\u00eb qet\u00ebsoheni n\u00eb fund t\u00eb dit\u00ebs dhe t\u00eb mbani larg nga ju sulmet emocionale.<\/p>\n<p><strong><br \/>\n<em>Sh\u00ebrimi fizik:<\/em><\/strong><\/p>\n<p>Guri rr\u00ebr\u00ebs blu besohet se e b\u00ebn m\u00eb t\u00eb fuqish\u00ebm shikimin tuaj.<\/p>\n<p>Ai sh\u00ebron plag\u00ebt, thonjt\u00eb dhe flok\u00ebt.<\/p>\n<p>Ky kristal gjithashtu do t&#8217;ju pastroj\u00eb dhe qart\u00ebsoj\u00eb mendjen nga \u00e7do mendim negativ dhe do t&#8217;ju mbaj\u00eb t\u00eb qet\u00eb n\u00eb \u00e7do situat\u00eb.<\/p>\n<p><strong><br \/>\n<em>Sh\u00ebrimi emocional:<\/em><\/strong><\/p>\n<p>Ky kristal ju ndihmon t\u00eb menaxhoni disponimin dhe temperamentin tuaj, gjithashtu \u00ebsht\u00eb nj\u00eb kristal ideal p\u00ebr stabilitet dhe ekuilib\u00ebr.<\/p>\n<p>Ndryshimet ndonj\u00ebher\u00eb mund t\u00eb jen\u00eb t\u00eb v\u00ebshtira, por ky kristal do t\u00eb b\u00ebj\u00eb t\u00eb mundur ndryshimin e asaj q\u00eb keni dashur gjithmon\u00eb ta b\u00ebni.<\/p>\n<p><strong><br \/>\n<em>Pastrimi dhe rimbushja:<\/em><\/strong><\/p>\n<p>Nj\u00eb m\u00ebnyr\u00eb shum\u00eb e leht\u00eb dhe efektive p\u00ebr t\u00eb pastruar kristalin tuaj \u00ebsht\u00eb ta mbani at\u00eb gjat\u00eb nat\u00ebs pran\u00eb nj\u00eb kuarci t\u00eb past\u00ebr ose p\u00ebr 24 or\u00eb. Kjo do t\u00eb pastroj\u00eb dhe rimbush gurin.<\/p>\n","protected":false},"excerpt":{"rendered":"<p>Roler Fytyre me Gur t\u00eb Rr\u00ebr\u00ebs Blu P\u00ebr \u00e7far\u00eb p\u00ebrdoren rolerat e fytyr\u00ebs? Rolerat e fytyr\u00ebs jan\u00eb nj\u00eb mjet i p\u00ebrjetsh\u00ebm p\u00ebr kujdesin e l\u00ebkur\u00ebs q\u00eb<span class=\"excerpt-hellip\"> [\u2026]<\/span><\/p>\n","protected":false},"featured_media":5282,"comment_status":"open","ping_status":"closed","template":"","meta":[],"product_brand":[],"product_cat":[2405,2372,2374,2356,2358,2317,2288,2303,2310,2289,2359,2368,2352,2304,2404],"product_tag":[],"class_list":{"0":"post-7138","1":"product","2":"type-product","3":"status-publish","4":"has-post-thumbnail","6":"product_cat-blej-sipas","7":"product_cat-blej-sipas-ngjyres","8":"product_cat-blu","9":"product_cat-fat-sukses","10":"product_cat-force-stabilitet","11":"product_cat-gur-rrere-blu","12":"product_cat-crystal-beauty-sq-2","13":"product_cat-kurora","14":"product_cat-llojet-e-gurve-te-cmuar","15":"product_cat-face-roller-sq","16":"product_cat-shenjat-e-horoskopit","17":"product_cat-shigjetari","18":"product_cat-qellim","19":"product_cat-zemra","20":"product_cat-zona-e-cakres","22":"first","23":"outofstock","24":"shipping-taxable","25":"purchasable","26":"product-type-simple"},"_links":{"self":[{"href":"https:\/\/tinacrystals.com\/sq\/wp-json\/wp\/v2\/product\/7138","targetHints":{"allow":["GET"]}}],"collection":[{"href":"https:\/\/tinacrystals.com\/sq\/wp-json\/wp\/v2\/product"}],"about":[{"href":"https:\/\/tinacrystals.com\/sq\/wp-json\/wp\/v2\/types\/product"}],"replies":[{"embeddable":true,"href":"https:\/\/tinacrystals.com\/sq\/wp-json\/wp\/v2\/comments?post=7138"}],"wp:featuredmedia":[{"embeddable":true,"href":"https:\/\/tinacrystals.com\/sq\/wp-json\/wp\/v2\/media\/5282"}],"wp:attachment":[{"href":"https:\/\/tinacrystals.com\/sq\/wp-json\/wp\/v2\/media?parent=7138"}],"wp:term":[{"taxonomy":"product_brand","embeddable":true,"href":"https:\/\/tinacrystals.com\/sq\/wp-json\/wp\/v2\/product_brand?post=7138"},{"taxonomy":"product_cat","embeddable":true,"href":"https:\/\/tinacrystals.com\/sq\/wp-json\/wp\/v2\/product_cat?post=7138"},{"taxonomy":"product_tag","embeddable":true,"href":"https:\/\/tinacrystals.com\/sq\/wp-json\/wp\/v2\/product_tag?post=7138"}],"curies":[{"name":"wp","href":"https:\/\/api.w.org\/{rel}","templated":true}]}}