{"id":7139,"date":"2022-01-11T10:48:13","date_gmt":"2022-01-11T10:48:13","guid":{"rendered":"http:\/\/tinacrystals.com\/product\/7139\/"},"modified":"2022-05-11T14:21:08","modified_gmt":"2022-05-11T12:21:08","slug":"7139","status":"publish","type":"product","link":"https:\/\/tinacrystals.com\/sq\/product\/7139\/","title":{"rendered":"Kuarc Transparent Roler Fytyre"},"content":{"rendered":"<p>Roler Fytyre me Kuarc Transparent<\/p>\n<p><strong>P\u00ebr \u00e7far\u00eb p\u00ebrdoren rolerat e fytyr\u00ebs?<\/strong><\/p>\n<p>Rolerat e fytyr\u00ebs jan\u00eb nj\u00eb mjet i p\u00ebrjetsh\u00ebm p\u00ebr kujdesin e l\u00ebkur\u00ebs q\u00eb jan\u00eb p\u00ebrdorur me shekuj p\u00ebr p\u00ebrfitimet e tyre t\u00eb shumta nga aristokracia kineze. Disa nga p\u00ebrfitimet jan\u00eb si m\u00eb posht\u00eb:<\/p>\n<p>-Redukton inflamacionin<\/p>\n<p>-Heq \u00e7do toksine q\u00eb mund t\u00eb keni<\/p>\n<p>-Nxjerrin l\u00ebkur\u00ebn tuaj<\/p>\n<p>-Ndihmon me err\u00ebsir\u00ebn posht\u00eb syve<\/p>\n<p>-Nxit kolagjenin<\/p>\n<p>-Ngre fytyr\u00ebn<\/p>\n<p>-Heq rrudhat dhe shum\u00eb m\u00eb tep\u00ebr\u2026<\/p>\n<p>Ky gur me pamje transparente pasqyron qart\u00ebsin\u00eb e mendimit q\u00eb ofron, zgjeron vet\u00ebdijen tuaj dhe ju b\u00ebn t\u00eb rezononi n\u00eb t\u00eb gjitha chakrat. Kuarci i past\u00ebr \u00ebsht\u00eb i shk\u00eblqyesh\u00ebm p\u00ebr pastrimin e mendjes, shpirtit dhe trupit tuaj. Ju l\u00eb t\u00eb lir\u00eb nga \u00e7do negativitet dhe p\u00ebrmir\u00ebson shum\u00eb kujtes\u00ebn tuaj.<\/p>\n<p>Si t\u00eb p\u00ebrdorni kristalin e kuarcit t\u00eb past\u00ebr?<\/p>\n<p>T\u00eb kesh k\u00ebt\u00eb gur pran\u00eb vetes \u00ebsht\u00eb e mrekullueshme, k\u00ebshtu q\u00eb ta kesh at\u00eb n\u00eb mjedisin t\u00ebnd \u00ebsht\u00eb zgjidhja m\u00eb e mir\u00eb q\u00eb mund t\u00eb b\u00ebsh. Mbajeni at\u00eb n\u00eb nj\u00eb vend ku b\u00ebni pjes\u00ebn m\u00eb t\u00eb madhe t\u00eb pun\u00ebs suaj dhe trajtojeni me kujdes. Ekspozimi ndaj gurit do t&#8217;ju ndihmoj\u00eb t\u00eb jeni m\u00eb t\u00eb lidhur me t\u00eb dhe do t&#8217;i ndjeni edhe m\u00eb shum\u00eb fuqit\u00eb e tij.<\/p>\n<p><strong>Si t\u00eb pastroni kuarcin e past\u00ebr?<\/strong><\/p>\n<p>Duke qen\u00eb pran\u00eb jush, kristali padyshim do t\u00eb krijoj\u00eb energji t\u00eb tep\u00ebrt q\u00eb do t\u00eb nevojitet p\u00ebr t&#8217;u pastruar. Nj\u00eb nga m\u00ebnyrat m\u00eb t\u00eb mira p\u00ebr ta b\u00ebr\u00eb k\u00ebt\u00eb \u00ebsht\u00eb t\u00eb vendosni kristalin tuaj t\u00eb pap\u00ebrpunuar n\u00ebn drit\u00ebn e h\u00ebn\u00ebs s\u00eb plot\u00eb, n\u00eb m\u00ebnyr\u00eb q\u00eb fotoni i h\u00ebn\u00ebs t\u00eb rikarikoj\u00eb kristalin.<\/p>\n<p><strong>Horoskopi: <\/strong><strong>T\u00eb gjitha<\/strong><strong><br \/>\n\u00c7akra:<\/strong> Kurora<\/p>\n<p><strong>\u00a0<\/strong><\/p>\n<p>Kuarci i tejdukshem njihet si sh\u00ebruesi kryesor. Thuhet se rrit men\u00e7urin\u00eb shpirt\u00ebrore.<\/p>\n<p>Mund t\u00eb p\u00ebrdoret p\u00ebr sh\u00ebrimin, meditimin, qart\u00ebsi, p\u00ebrqendrim, dashurin\u00eb, kuptimin e \u00ebndrrave, gjumin, rikujtimin e jet\u00ebs s\u00eb kaluar.<\/p>\n<p>T\u00eb m\u00ebson t\u00eb jetosh, t\u00eb qesh\u00ebsh dhe t\u00eb duash te gjith\u00eb njer\u00ebzimin.<\/p>\n<p><strong><em><br \/>\nSh\u00ebrimi shpirt\u00ebror:<\/em><\/strong><\/p>\n<p>Kuarci i tejdukshem sh\u00ebrben si nj\u00eb drit\u00eb udh\u00ebzuese p\u00ebr njeriun q\u00eb mban at\u00eb.<\/p>\n<p>\u00cbsht\u00eb nj\u00eb kristal tep\u00ebr me veti sh\u00ebruese. Kristali vepron si nj\u00eb pastrues p\u00ebr shpirtin, do t&#8217;ju b\u00ebj\u00eb t\u00eb ndiheni t\u00eb lir\u00eb nga situatat e kaluara q\u00eb keni pasur dhe do t&#8217;ju ndihmoj\u00eb t\u00eb hiqni negativitetin.<\/p>\n<p>\u00c7far\u00ebdo energjie negative q\u00eb t\u00eb sillni, kristali do t\u00eb aktivizohet dhe ndihmoj paversisht se ajo \u00ebsht\u00eb e qart\u00eb apo jo, apo n\u00ebse \u00ebsht\u00eb zemrim, huti etj.<\/p>\n<p><strong><br \/>\n<em>Sh\u00ebrimi fizik:<\/em><\/strong><\/p>\n<p>N\u00ebse kaloni nj\u00eb bot\u00eb me telashe dhe dhimbje, rekomandohet t\u00eb merrni pran\u00eb vetes k\u00ebt\u00eb kuarc t\u00eb tejdukshem.<\/p>\n<p>Sa her\u00eb q\u00eb zemra juaj \u00ebsht\u00eb e paq\u00ebndrueshme, Kuarci i tejdukshem d\u00ebshmon ndri\u00e7imin q\u00eb meriton.<\/p>\n<p>Ky kuarc i past\u00ebr \u00ebsht\u00eb tep\u00ebr sh\u00ebrues n\u00eb hap\u00ebsir\u00ebn emocionale dhe shpirt\u00ebrore, gjithashtu ju sjell nj\u00eb mori p\u00ebrfitimesh sh\u00ebndet\u00ebsore p\u00ebr ata q\u00eb d\u00ebshirojn\u00eb disa sh\u00ebrime fizike.<\/p>\n<p>Stimulon sistemin imunitar, duke nxitur metabolizmin tuaj dhe madje ju ndihmon n\u00eb \u00e7\u00ebshtjet e humbjes s\u00eb pesh\u00ebs.<\/p>\n<p><strong><br \/>\n<em>Sh\u00ebrimi emocional:<\/em><\/strong><\/p>\n<p>P\u00ebrfitimet sh\u00ebruese emocionale t\u00eb Kuarcit te tejdukshem lidhen me pastrimin e trupit emocional.<\/p>\n<p>Do t\u00eb ndjeni nj\u00eb ekuilib\u00ebr emocional pasi t\u00eb keni mbajtur k\u00ebt\u00eb kristal p\u00ebr periudha t\u00eb gjata kohore.<\/p>\n<p>Kuarci i tejdukshem stimulon ndjenja m\u00eb t\u00eb ndritshme dhe merr edhe nuancat m\u00eb t\u00eb vogla t\u00eb g\u00ebzimit dhe e kthen at\u00eb n\u00eb di\u00e7ka m\u00eb t\u00eb madhe se jeta n\u00ebse jeni t\u00eb gatsh\u00ebm ta lejoni.<\/p>\n<p>Ky kuarc i bukur fillon t\u00eb funksionoj\u00eb n\u00eb shpirt, nxjerr energjin\u00eb q\u00eb po ju t\u00ebrheq posht\u00eb dhe ju mbush me nj\u00eb sens t\u00eb ri q\u00ebllimi.<\/p>\n<p><strong><br \/>\n<em>Pastrimi dhe rimbushja:<\/em><\/strong><\/p>\n<p>N\u00ebse d\u00ebshironi q\u00eb kristali juaj t\u00eb kujdeset p\u00ebr ju, duhet t\u00eb kujdeseni edhe ju p\u00ebr t\u00eb! Duhet ta pastroni p\u00ebr t\u00eb ndjer\u00eb fuqit\u00eb e tij. Thjesht futeni n\u00ebn uj\u00eb p\u00ebr t\u00eb lar\u00eb \u00e7do papast\u00ebrti, m\u00eb pas p\u00ebrdorni nj\u00eb leck\u00eb t\u00eb but\u00eb p\u00ebr ta thar\u00eb.<\/p>\n<p>Dhe kur t\u00eb vij\u00eb h\u00ebna e plot\u00eb, vendoseni kristalin tuaj n\u00eb drit\u00ebn e hen\u00ebs p\u00ebr ta rimbushur at\u00eb.<\/p>\n","protected":false},"excerpt":{"rendered":"<p>Roler Fytyre me Kuarc Transparent P\u00ebr \u00e7far\u00eb p\u00ebrdoren rolerat e fytyr\u00ebs? Rolerat e fytyr\u00ebs jan\u00eb nj\u00eb mjet i p\u00ebrjetsh\u00ebm p\u00ebr kujdesin e l\u00ebkur\u00ebs q\u00eb jan\u00eb p\u00ebrdorur<span class=\"excerpt-hellip\"> [\u2026]<\/span><\/p>\n","protected":false},"featured_media":5288,"comment_status":"open","ping_status":"closed","template":"","meta":[],"product_brand":[],"product_cat":[2369,2385,2364,2405,2372,2363,2361,2370,2362,2288,2320,2303,2310,2365,2353,2357,2366,2367,2289,2359,2368,2352,2360,2371,2404],"product_tag":[],"class_list":{"0":"post-7139","1":"product","2":"type-product","3":"status-publish","4":"has-post-thumbnail","6":"product_cat-akrepi-sq","7":"product_cat-bardhe","8":"product_cat-binjaket","9":"product_cat-blej-sipas","10":"product_cat-blej-sipas-ngjyres","11":"product_cat-bricjapi","12":"product_cat-dashi","13":"product_cat-demi","14":"product_cat-gaforrja","15":"product_cat-crystal-beauty-sq-2","16":"product_cat-kuarc-i-tejdukshem","17":"product_cat-kurora","18":"product_cat-llojet-e-gurve-te-cmuar","19":"product_cat-luani","20":"product_cat-lumturi-vetebesim","21":"product_cat-mbrotje-paqe","22":"product_cat-peshorja","23":"product_cat-peshqit","24":"product_cat-face-roller-sq","25":"product_cat-shenjat-e-horoskopit","26":"product_cat-shigjetari","27":"product_cat-qellim","28":"product_cat-ujori","29":"product_cat-virgjersha","30":"product_cat-zona-e-cakres","32":"first","33":"outofstock","34":"shipping-taxable","35":"purchasable","36":"product-type-simple"},"_links":{"self":[{"href":"https:\/\/tinacrystals.com\/sq\/wp-json\/wp\/v2\/product\/7139","targetHints":{"allow":["GET"]}}],"collection":[{"href":"https:\/\/tinacrystals.com\/sq\/wp-json\/wp\/v2\/product"}],"about":[{"href":"https:\/\/tinacrystals.com\/sq\/wp-json\/wp\/v2\/types\/product"}],"replies":[{"embeddable":true,"href":"https:\/\/tinacrystals.com\/sq\/wp-json\/wp\/v2\/comments?post=7139"}],"wp:featuredmedia":[{"embeddable":true,"href":"https:\/\/tinacrystals.com\/sq\/wp-json\/wp\/v2\/media\/5288"}],"wp:attachment":[{"href":"https:\/\/tinacrystals.com\/sq\/wp-json\/wp\/v2\/media?parent=7139"}],"wp:term":[{"taxonomy":"product_brand","embeddable":true,"href":"https:\/\/tinacrystals.com\/sq\/wp-json\/wp\/v2\/product_brand?post=7139"},{"taxonomy":"product_cat","embeddable":true,"href":"https:\/\/tinacrystals.com\/sq\/wp-json\/wp\/v2\/product_cat?post=7139"},{"taxonomy":"product_tag","embeddable":true,"href":"https:\/\/tinacrystals.com\/sq\/wp-json\/wp\/v2\/product_tag?post=7139"}],"curies":[{"name":"wp","href":"https:\/\/api.w.org\/{rel}","templated":true}]}}