{"id":7143,"date":"2022-01-11T10:48:17","date_gmt":"2022-01-11T10:48:17","guid":{"rendered":"http:\/\/tinacrystals.com\/product\/7143\/"},"modified":"2022-05-11T14:21:06","modified_gmt":"2022-05-11T12:21:06","slug":"7143","status":"publish","type":"product","link":"https:\/\/tinacrystals.com\/sq\/product\/7143\/","title":{"rendered":"Turkez Roler Fytyre"},"content":{"rendered":"<p><strong>Roler per fytyr\u00eb nga Turkezi Blu<\/strong><\/p>\n<p><strong>P\u00ebr\u00e7far\u00eb p\u00ebrdoren rolerat e fytyr\u00ebs?<\/strong><\/p>\n<p>Rolerat e fytyr\u00ebs jan\u00eb nj\u00eb mjet i p\u00ebrjetsh\u00ebm p\u00ebr kujdesin e l\u00ebkur\u00ebs q\u00eb jan\u00eb p\u00ebrdorur me shekuj p\u00ebr p\u00ebrfitimet e tyre t\u00eb shumta nga aristokracia kineze. Disa nga p\u00ebrfitimet jan\u00eb si m\u00eb posht\u00eb:<\/p>\n<p>-Redukton inflamacionin<\/p>\n<p>-Heq \u00e7do toksine q\u00eb mund t\u00eb keni<\/p>\n<p>-Nxjerrin l\u00ebkur\u00ebn tuaj<\/p>\n<p>-Ndihmon me err\u00ebsir\u00ebn posht\u00eb syve<\/p>\n<p>-Nxit kolagjenin<\/p>\n<p>-Ngre fytyr\u00ebn<\/p>\n<p>-Heq rrudhat dhe shum\u00eb m\u00eb tep\u00ebr\u2026<\/p>\n<p>Ky gur i mrekulluesh\u00ebm me pamje blu-jeshile p\u00ebrfaq\u00ebson men\u00e7urin\u00eb, qet\u00ebsin\u00eb dhe mbrojtjen. Ju mbron nga energjia negative q\u00eb mund t&#8217;ju rrethoj\u00eb, ju ndihmon t\u00eb shihni qart\u00eb n\u00eb jet\u00eb &#8211; at\u00eb q\u00eb d\u00ebshironi, lejon q\u00eb energjia t\u00eb rrjedh\u00eb lirsh\u00ebm n\u00eb trupin tuaj dhe kjo rezulton q\u00eb t\u00eb jeni m\u00eb t\u00eb qet\u00eb dhe patjet\u00ebr t\u00eb hapur p\u00ebr dashurin\u00eb.<\/p>\n<p><strong>Chakra:<\/strong><\/p>\n<p>&#8211; Fyt<\/p>\n<p><strong>Horoskopi:<\/strong><\/p>\n<p>&#8211; Peshqit<\/p>\n<p>-Shigjetari<\/p>\n<p>-Akrepi<\/p>\n<p>&nbsp;<\/p>\n<p><strong><em>Turkeza<\/em><\/strong> ka energjin\u00eb e nj\u00eb shpirti shum\u00eb vjet\u00ebr. Ajo ofron nj\u00eb rrug\u00eb ndri\u00e7imi p\u00ebrmes vet\u00eb-pranimit dhe integrimit.<\/p>\n<p><strong><em><br \/>\nSh\u00ebrimi shpirt\u00ebror:<\/em><\/strong><\/p>\n<p>Turkeza zbut komunikimin midis sfer\u00ebs fizike dhe shpirt\u00ebrore, rrit aft\u00ebsit\u00eb psikike joaktive, rrit intuit\u00ebn dhe ju sjell men\u00e7uri dhe njohuri.<\/p>\n<p>Turkeza \u00ebsht\u00eb nj\u00eb nga sh\u00ebruesit m\u00eb efikas\u00eb, duke ofruar rehati p\u00ebr shpirtin dhe mir\u00ebqenie p\u00ebr trupin. Mbajta e Turkez\u00ebs pran\u00eb jush ndihmon n\u00eb rikthimin e vitalitetit dhe ngre disponimin shpirt\u00ebror.<\/p>\n<p>Ai leht\u00ebson stresin dhe e kthen fokusin n\u00eb qend\u00ebr t\u00eb zemr\u00ebs.<\/p>\n<p><strong><em><br \/>\nSh\u00ebrimi fizik:<\/em><\/strong><\/p>\n<p>Turkeza ofron rehati dhe relaksim p\u00ebr trupin ton\u00eb fizik.<\/p>\n<p>N\u00ebse keni ndonj\u00eb dhimbje trupi, dhimbje gjuri, ose ndonj\u00eb lloj problemi me gjakun ose ndonj\u00eb gj\u00eb q\u00eb nuk ka rrjedhur n\u00eb trupin tuaj, ky kristal do jet\u00eb i dobish\u00ebm p\u00ebr ju n\u00eb keto pjes\u00eb.<\/p>\n<p><strong><em><br \/>\nSh\u00ebrimi emocional:<\/em><\/strong><\/p>\n<p>Ky kristal do ju mbush me fat, energji, men\u00e7uri, kreativitet, durim, besnik\u00ebri, men\u00e7uri, qet\u00ebsi, miq\u00ebsi, g\u00ebzim dhe dashuri.<\/p>\n<p><strong><em><br \/>\nPastroni dhe rimbushni:<\/em><\/strong><\/p>\n<p>Turkeza mund t\u00eb pastrohet dhe rimbushet n\u00eb m\u00ebnyra t\u00eb shumta, e para \u00ebsht\u00eb p\u00ebrdorimi i ujit, mbajtja e kristalit n\u00eb t\u00eb p\u00ebraf\u00ebrsisht nj\u00eb or\u00eb ose m\u00eb pak. M\u00ebnyra e dyt\u00eb \u00ebsht\u00eb drita e diellit, por mos e lini gurin jasht\u00eb n\u00eb rrezet e forta t\u00eb diellit. M\u00ebnyra e tret\u00eb \u00ebsht\u00eb drita e h\u00ebn\u00ebs &#8211; mbajeni kristalin n\u00ebn drit\u00ebn e h\u00ebn\u00ebs p\u00ebr t\u00ebr\u00eb nat\u00ebn dhe hiqeni at\u00eb para ose n\u00eb agim. M\u00ebnyra e kat\u00ebrt \u00ebsht\u00eb p\u00ebrdorimi i tymit t\u00eb sherebel\u00ebs.<\/p>\n","protected":false},"excerpt":{"rendered":"<p>Roler per fytyr\u00eb nga Turkezi Blu P\u00ebr\u00e7far\u00eb p\u00ebrdoren rolerat e fytyr\u00ebs? Rolerat e fytyr\u00ebs jan\u00eb nj\u00eb mjet i p\u00ebrjetsh\u00ebm p\u00ebr kujdesin e l\u00ebkur\u00ebs q\u00eb jan\u00eb p\u00ebrdorur<span class=\"excerpt-hellip\"> [\u2026]<\/span><\/p>\n","protected":false},"featured_media":5285,"comment_status":"open","ping_status":"closed","template":"","meta":[],"product_brand":[],"product_cat":[2405,2372,2374,2370,2358,2309,2288,2303,2310,2307,2289,2305,2306,2354,2359,2368,2352,2308,2351,2360,2304,2404],"product_tag":[],"class_list":{"0":"post-7143","1":"product","2":"type-product","3":"status-publish","4":"has-post-thumbnail","6":"product_cat-blej-sipas","7":"product_cat-blej-sipas-ngjyres","8":"product_cat-blu","9":"product_cat-demi","10":"product_cat-force-stabilitet","11":"product_cat-fyti","12":"product_cat-crystal-beauty-sq-2","13":"product_cat-kurora","14":"product_cat-llojet-e-gurve-te-cmuar","15":"product_cat-pleksusi-diellor","16":"product_cat-face-roller-sq","17":"product_cat-rrenja","18":"product_cat-sakrale","19":"product_cat-shendet-balans","20":"product_cat-shenjat-e-horoskopit","21":"product_cat-shigjetari","22":"product_cat-qellim","23":"product_cat-syri-i-trete","24":"product_cat-turkiz","25":"product_cat-ujori","26":"product_cat-zemra","27":"product_cat-zona-e-cakres","29":"first","30":"instock","31":"shipping-taxable","32":"purchasable","33":"product-type-simple"},"_links":{"self":[{"href":"https:\/\/tinacrystals.com\/sq\/wp-json\/wp\/v2\/product\/7143","targetHints":{"allow":["GET"]}}],"collection":[{"href":"https:\/\/tinacrystals.com\/sq\/wp-json\/wp\/v2\/product"}],"about":[{"href":"https:\/\/tinacrystals.com\/sq\/wp-json\/wp\/v2\/types\/product"}],"replies":[{"embeddable":true,"href":"https:\/\/tinacrystals.com\/sq\/wp-json\/wp\/v2\/comments?post=7143"}],"wp:featuredmedia":[{"embeddable":true,"href":"https:\/\/tinacrystals.com\/sq\/wp-json\/wp\/v2\/media\/5285"}],"wp:attachment":[{"href":"https:\/\/tinacrystals.com\/sq\/wp-json\/wp\/v2\/media?parent=7143"}],"wp:term":[{"taxonomy":"product_brand","embeddable":true,"href":"https:\/\/tinacrystals.com\/sq\/wp-json\/wp\/v2\/product_brand?post=7143"},{"taxonomy":"product_cat","embeddable":true,"href":"https:\/\/tinacrystals.com\/sq\/wp-json\/wp\/v2\/product_cat?post=7143"},{"taxonomy":"product_tag","embeddable":true,"href":"https:\/\/tinacrystals.com\/sq\/wp-json\/wp\/v2\/product_tag?post=7143"}],"curies":[{"name":"wp","href":"https:\/\/api.w.org\/{rel}","templated":true}]}}