{"id":7148,"date":"2022-01-11T10:48:11","date_gmt":"2022-01-11T10:48:11","guid":{"rendered":"http:\/\/tinacrystals.com\/product\/roler-nga-mjellma-e-arte\/"},"modified":"2022-05-11T14:21:09","modified_gmt":"2022-05-11T12:21:09","slug":"roler-nga-mjellma-e-arte","status":"publish","type":"product","link":"https:\/\/tinacrystals.com\/sq\/product\/roler-nga-mjellma-e-arte\/","title":{"rendered":"Obsidian Mohagoni Roler Fytyre"},"content":{"rendered":"<p><strong>Obsidian Mohagoni &#8211; Roler Fytyre<\/strong><\/p>\n<p><strong>P\u00ebr \u00e7far\u00eb p\u00ebrdoren rolerat e fytyr\u00ebs?<\/strong><\/p>\n<p>Rolerat e fytyr\u00ebs jan\u00eb nj\u00eb mjet i p\u00ebrjetsh\u00ebm p\u00ebr kujdesin e l\u00ebkur\u00ebs q\u00eb jan\u00eb p\u00ebrdorur me shekuj p\u00ebr p\u00ebrfitimet e tyre t\u00eb shumta nga aristokracia kineze. Disa nga p\u00ebrfitimet jan\u00eb si m\u00eb posht\u00eb:<\/p>\n<p>-Redukton inflamacionin<\/p>\n<p>-Heq \u00e7do toksine q\u00eb mund t\u00eb keni<\/p>\n<p>-Nxjerrin l\u00ebkur\u00ebn tuaj<\/p>\n<p>-Ndihmon me err\u00ebsir\u00ebn posht\u00eb syve<\/p>\n<p>-Nxit kolagjenin<\/p>\n<p>-Ngre fytyr\u00ebn<\/p>\n<p>-Heq rrudhat dhe shum\u00eb m\u00eb tep\u00ebr\u2026<\/p>\n<p>Mjellma e Art\u00eb \u00ebsht\u00eb nj\u00eb gur i fuqish\u00ebm tok\u00ebzues q\u00eb njihet zakonisht p\u00ebr t&#8217;u dh\u00ebn\u00eb p\u00ebrdoruesve forc\u00ebn e nevojshme p\u00ebr t\u00eb q\u00ebndruar n\u00eb bindjet e tyre kund\u00ebr \u00e7do armiku, duke mbrojtur pronar\u00ebt e tij. Shum\u00eb e p\u00ebrdorin at\u00eb n\u00eb koh\u00eb nevoje, p\u00ebr t\u00eb hequr blloqet e energjis\u00eb dhe p\u00ebr t&#8217;i dh\u00ebn\u00eb jet\u00eb t\u00eb re q\u00ebllimeve dhe q\u00ebllimeve. Sh\u00ebruesit e p\u00ebrdorin at\u00eb p\u00ebr t\u00eb leht\u00ebsuar dhimbjen dhe p\u00ebr t\u00eb p\u00ebrmir\u00ebsuar qarkullimin. Obsidiani konsiderohet gjithashtu i dobish\u00ebm p\u00ebr ata q\u00eb vuajn\u00eb nga depresioni ose var\u00ebsia.<\/p>\n<p>Mjellma e Arte\u00a0 konsiderohet nj\u00eb material i q\u00ebndruesh\u00ebm dhe mund t\u00eb pastrohet n\u00eb m\u00ebnyr\u00eb t\u00eb sigurt duke p\u00ebrdorur nj\u00eb leck\u00eb t\u00eb but\u00eb dhe uj\u00eb me sapun. Mbi t\u00eb mund t\u00eb grumbullohen mbetje sapuni, k\u00ebshtu q\u00eb shp\u00eblajeni mir\u00eb dhe lustroni m\u00eb pas.<\/p>\n<p><strong>Horoskopi:<\/strong> Peshorja dhe Shigjetari<\/p>\n<p><strong>Chakra:<\/strong> Rr\u00ebnja<\/p>\n","protected":false},"excerpt":{"rendered":"<p>Obsidian Mohagoni &#8211; Roler Fytyre P\u00ebr \u00e7far\u00eb p\u00ebrdoren rolerat e fytyr\u00ebs? Rolerat e fytyr\u00ebs jan\u00eb nj\u00eb mjet i p\u00ebrjetsh\u00ebm p\u00ebr kujdesin e l\u00ebkur\u00ebs q\u00eb jan\u00eb p\u00ebrdorur<span class=\"excerpt-hellip\"> [\u2026]<\/span><\/p>\n","protected":false},"featured_media":5291,"comment_status":"open","ping_status":"closed","template":"","meta":[],"product_brand":[],"product_cat":[2288,2289],"product_tag":[],"class_list":{"0":"post-7148","1":"product","2":"type-product","3":"status-publish","4":"has-post-thumbnail","6":"product_cat-crystal-beauty-sq-2","7":"product_cat-face-roller-sq","9":"first","10":"instock","11":"shipping-taxable","12":"purchasable","13":"product-type-simple"},"_links":{"self":[{"href":"https:\/\/tinacrystals.com\/sq\/wp-json\/wp\/v2\/product\/7148","targetHints":{"allow":["GET"]}}],"collection":[{"href":"https:\/\/tinacrystals.com\/sq\/wp-json\/wp\/v2\/product"}],"about":[{"href":"https:\/\/tinacrystals.com\/sq\/wp-json\/wp\/v2\/types\/product"}],"replies":[{"embeddable":true,"href":"https:\/\/tinacrystals.com\/sq\/wp-json\/wp\/v2\/comments?post=7148"}],"wp:featuredmedia":[{"embeddable":true,"href":"https:\/\/tinacrystals.com\/sq\/wp-json\/wp\/v2\/media\/5291"}],"wp:attachment":[{"href":"https:\/\/tinacrystals.com\/sq\/wp-json\/wp\/v2\/media?parent=7148"}],"wp:term":[{"taxonomy":"product_brand","embeddable":true,"href":"https:\/\/tinacrystals.com\/sq\/wp-json\/wp\/v2\/product_brand?post=7148"},{"taxonomy":"product_cat","embeddable":true,"href":"https:\/\/tinacrystals.com\/sq\/wp-json\/wp\/v2\/product_cat?post=7148"},{"taxonomy":"product_tag","embeddable":true,"href":"https:\/\/tinacrystals.com\/sq\/wp-json\/wp\/v2\/product_tag?post=7148"}],"curies":[{"name":"wp","href":"https:\/\/api.w.org\/{rel}","templated":true}]}}