{"id":7158,"date":"2022-01-11T09:48:27","date_gmt":"2022-01-11T09:48:27","guid":{"rendered":"http:\/\/tinacrystals.com\/product\/roler-per-fytyren-nga-labradoriti\/"},"modified":"2022-07-07T11:12:38","modified_gmt":"2022-07-07T09:12:38","slug":"roler-per-fytyren-nga-labradoriti","status":"publish","type":"product","link":"https:\/\/tinacrystals.com\/sq\/product\/roler-per-fytyren-nga-labradoriti\/","title":{"rendered":"Labradorit Roler Fytyre"},"content":{"rendered":"<p><strong>Labradorit &#8211; Roler Fytyre<\/strong><\/p>\n<p><strong>P\u00ebr \u00e7far\u00eb p\u00ebrdoren rolerat e fytyr\u00ebs?<\/strong><\/p>\n<p>Rolerat e fytyr\u00ebs jan\u00eb nj\u00eb mjet i p\u00ebrjetsh\u00ebm p\u00ebr kujdesin e l\u00ebkur\u00ebs q\u00eb jan\u00eb p\u00ebrdorur me shekuj p\u00ebr p\u00ebrfitimet e tyre t\u00eb shumta nga aristokracia kineze. Disa nga p\u00ebrfitimet jan\u00eb si m\u00eb posht\u00eb:<\/p>\n<p>-Redukton inflamacionin<\/p>\n<p>-Heq \u00e7do toksine q\u00eb mund t\u00eb keni<\/p>\n<p>-Nxjerrin l\u00ebkur\u00ebn tuaj<\/p>\n<p>-Ndihmon me err\u00ebsir\u00ebn posht\u00eb syve<\/p>\n<p>-Nxit kolagjenin<\/p>\n<p>-Ngre fytyr\u00ebn<\/p>\n<p>-Heq rrudhat dhe shum\u00eb m\u00eb tep\u00ebr\u2026<\/p>\n<p>\u00c7do labradorit ka nj\u00eb bukuri unike q\u00eb t\u00ebrheq v\u00ebmendjen e t\u00eb gjith\u00ebve. Unike e tyre e ngjyrave leht\u00ebson \u00e7do ankth apo stres q\u00eb mund t\u00eb keni. Bukuria q\u00eb mbajn\u00eb k\u00ebto k\u00ebrpudha jo vet\u00ebm q\u00eb jan\u00eb t\u00ebrheq\u00ebse p\u00ebr syrin, por ato gjithashtu ndihmojn\u00eb n\u00eb trajtimin e \u00e7do \u00e7rregullimi q\u00eb mund t\u00eb ken\u00eb syt\u00eb tuaj, ato t\u00ebrheqin sukses dhe shum\u00eb fat.<\/p>\n<p><strong>Chakra:<\/strong><br \/>\n-Syri i tret\u00eb, fyt<\/p>\n<p><strong>Horoskopi<\/strong><br \/>\n-Demi<br \/>\n-Luani<br \/>\n-Akrepi<br \/>\n-Shigjetari<br \/>\n&#8211; Peshqit<br \/>\n<strong>Guri i lindjes:<\/strong><br \/>\n&#8211; Shkurt<br \/>\n-Mars<\/p>\n<p>Secili labradorit ka nj\u00eb bukuri unike q\u00eb t\u00ebrheq v\u00ebmendjen e t\u00eb gjith\u00ebve.<\/p>\n<p><strong>\u00a0<\/strong><\/p>\n<p><strong><em>Sh\u00ebrimi shpirt\u00ebror:<\/em><\/strong><\/p>\n<p>Labradoriti aktivizon imagjinat\u00ebn tuaj p\u00ebr t\u00eb krijuar ide t\u00eb reja, sjell qart\u00ebsi n\u00eb mendimet tuaja, sjell paqe, zgjon lirin\u00eb dhe ekuilibrin.<\/p>\n<p>Krijon nj\u00eb m\u00ebnyr\u00eb p\u00ebr t\u00eb komunikuar me vet\u00ebbesim dhe besim m\u00eb t\u00eb lart\u00eb.<\/p>\n<p><strong><em>\u00a0<\/em><\/strong><\/p>\n<p><strong><em>Sh\u00ebrimi fizik:<\/em><\/strong><\/p>\n<p>Ky kristal ndihmon n\u00eb reduktimin e dhimbjeve fizike, ftohjes, koll\u00ebs, problemeve me frym\u00ebmarrjen, metabolizmit.<\/p>\n<p>Do t\u00eb reduktoj\u00eb stresin, ankthin, depresionin dhe tensionin.<\/p>\n<p><strong>\u00a0<\/strong><\/p>\n<p><strong><em>Sh\u00ebrimi emocional<\/em><\/strong><em>:<\/em><\/p>\n<p>Labradoriti promovon vet\u00ebbesimin dhe vet\u00ebvler\u00ebsimin. Ajo rifiton energjin\u00eb tuaj nga brenda sip\u00ebrfaqes direkt n\u00eb vet\u00ebdijen tuaj t\u00eb brendshme.<\/p>\n<p>Ndihmon ata q\u00eb p\u00ebrjetojn\u00eb trauma, prishje emocionale dhe p\u00ebrb\u00ebhet nga fuqit\u00eb e rritjes s\u00eb energjis\u00eb p\u00ebr t\u00eb dh\u00ebn\u00eb m\u00eb shum\u00eb forc\u00eb, kurajo, fokus dhe t\u00eb jen\u00eb t\u00eb orientuar drejt q\u00ebllimit.<\/p>\n<p><strong>\u00a0<\/strong><\/p>\n<p><strong><em>Pastroni dhe rimbushni:<\/em><\/strong><\/p>\n<p>Kujdesi p\u00ebr kristalet tuaja \u00ebsht\u00eb nj\u00eb faktor ky\u00e7 n\u00eb m\u00ebnyr\u00ebn se si ato funksionojn\u00eb. Nj\u00eb nga m\u00ebnyrat m\u00eb t\u00eb mira p\u00ebr t\u00eb pastruar Labradoritin \u00ebsht\u00eb ta mbani n\u00ebn uj\u00eb p\u00ebr disa minuta dhe ta lini t\u00eb pastroj\u00eb t\u00eb gjith\u00eb energjin\u00eb negative q\u00eb ka kristali. Pasi ta b\u00ebni k\u00ebt\u00eb, sigurohuni q\u00eb ta rimbushni n\u00ebn drit\u00ebn e h\u00ebn\u00ebs gjat\u00eb nat\u00ebs ose p\u00ebr 2 net\u00eb me radh\u00eb.<\/p>\n","protected":false},"excerpt":{"rendered":"<p>Labradorit &#8211; Roler Fytyre P\u00ebr \u00e7far\u00eb p\u00ebrdoren rolerat e fytyr\u00ebs? Rolerat e fytyr\u00ebs jan\u00eb nj\u00eb mjet i p\u00ebrjetsh\u00ebm p\u00ebr kujdesin e l\u00ebkur\u00ebs q\u00eb jan\u00eb p\u00ebrdorur me<span class=\"excerpt-hellip\"> [\u2026]<\/span><\/p>\n","protected":false},"featured_media":5306,"comment_status":"open","ping_status":"closed","template":"","meta":[],"product_brand":[],"product_cat":[2369,2405,2372,2370,2358,2309,2378,2288,2327,2310,2365,2367,2289,2354,2359,2368,2352,2308,2404],"product_tag":[],"class_list":{"0":"post-7158","1":"product","2":"type-product","3":"status-publish","4":"has-post-thumbnail","6":"product_cat-akrepi-sq","7":"product_cat-blej-sipas","8":"product_cat-blej-sipas-ngjyres","9":"product_cat-demi","10":"product_cat-force-stabilitet","11":"product_cat-fyti","12":"product_cat-gri","13":"product_cat-crystal-beauty-sq-2","14":"product_cat-labradorite-sq","15":"product_cat-llojet-e-gurve-te-cmuar","16":"product_cat-luani","17":"product_cat-peshqit","18":"product_cat-face-roller-sq","19":"product_cat-shendet-balans","20":"product_cat-shenjat-e-horoskopit","21":"product_cat-shigjetari","22":"product_cat-qellim","23":"product_cat-syri-i-trete","24":"product_cat-zona-e-cakres","26":"first","27":"instock","28":"shipping-taxable","29":"purchasable","30":"product-type-simple"},"_links":{"self":[{"href":"https:\/\/tinacrystals.com\/sq\/wp-json\/wp\/v2\/product\/7158","targetHints":{"allow":["GET"]}}],"collection":[{"href":"https:\/\/tinacrystals.com\/sq\/wp-json\/wp\/v2\/product"}],"about":[{"href":"https:\/\/tinacrystals.com\/sq\/wp-json\/wp\/v2\/types\/product"}],"replies":[{"embeddable":true,"href":"https:\/\/tinacrystals.com\/sq\/wp-json\/wp\/v2\/comments?post=7158"}],"wp:featuredmedia":[{"embeddable":true,"href":"https:\/\/tinacrystals.com\/sq\/wp-json\/wp\/v2\/media\/5306"}],"wp:attachment":[{"href":"https:\/\/tinacrystals.com\/sq\/wp-json\/wp\/v2\/media?parent=7158"}],"wp:term":[{"taxonomy":"product_brand","embeddable":true,"href":"https:\/\/tinacrystals.com\/sq\/wp-json\/wp\/v2\/product_brand?post=7158"},{"taxonomy":"product_cat","embeddable":true,"href":"https:\/\/tinacrystals.com\/sq\/wp-json\/wp\/v2\/product_cat?post=7158"},{"taxonomy":"product_tag","embeddable":true,"href":"https:\/\/tinacrystals.com\/sq\/wp-json\/wp\/v2\/product_tag?post=7158"}],"curies":[{"name":"wp","href":"https:\/\/api.w.org\/{rel}","templated":true}]}}